{"id":753337,"date":"2025-08-28T05:40:47","date_gmt":"2025-08-28T02:40:47","guid":{"rendered":"https:\/\/roveyayinevi.com.tr\/index.php\/urun\/ayvayi-yedik-muzesi\/"},"modified":"2026-04-16T03:06:44","modified_gmt":"2026-04-16T00:06:44","slug":"ayvayi-yedik-muzesi","status":"publish","type":"product","link":"https:\/\/roveyayinevi.com.tr\/index.php\/urun\/ayvayi-yedik-muzesi\/","title":{"rendered":"Ayvay\u0131 Yedik M\u00fczesi"},"content":{"rendered":"<p>\u00c7antamdan Fil \u00c7\u0131kt\u0131, Uzaya Giden Tren ve Benim Z\u00fcrafam U\u00e7abilir kitaplar\u0131yla T\u00fcrkiye\u2019de sat\u0131\u015f rekorlar\u0131 k\u0131ran Mert Ar\u0131k,  bu sefer okurlar\u0131n\u0131 heyecan dolu yepyeni bir maceraya davet ediyor!Ger\u00e7ek hayattan ilham alarak yaz\u0131lm\u0131\u015f MUHTE\u015eEM bir hik\u00e2ye!O sadece bir ayvayd\u0131.Hay\u0131r hay\u0131r! O \u00f6zel bir ayvayd\u0131!Peki o ayvay\u0131 \u201c\u00f6zel\u201d yapan \u015fey neydi?Bir ayvayla neler yap\u0131labilirdi?Bir ak\u015fam aniden trenle d\u00fcnya turuna \u00e7\u0131kmaya karar veren \u00e7\u0131lg\u0131n bir babaanne\u2026 \u0130stasyonda babaannesinden ald\u0131\u011f\u0131 ayvayla neler yapabilece\u011fini d\u00fc\u015f\u00fcnen bir R\u00fcya\u2026Kahramanlar\u0131m\u0131z\u0131n birbirinden ilgin\u00e7 an\u0131lar\u0131na ve hayal g\u00fcc\u00fcn\u00fcn s\u0131n\u0131rs\u0131z d\u00fcnyas\u0131na do\u011fru yola \u00e7\u0131kmaya haz\u0131r m\u0131s\u0131n\u0131z?Bu kitab\u0131 okuduktan sonra hayal d\u00fcnyan\u0131zda art\u0131k hi\u00e7bir \u015fey eskisi gibi olmayacak!Haydi gelin! Sizi de Ayvay\u0131 Yedik M\u00fczesi\u2019ne bekliyoruz!<\/p>\n","protected":false},"excerpt":{"rendered":"<p>\u00c7antamdan Fil \u00c7\u0131kt\u0131, Uzaya Giden Tren ve Benim Z\u00fcrafam U\u00e7abilir kitaplar\u0131yla T\u00fcrkiye\u2019de sat\u0131\u015f rekorlar\u0131 k\u0131ran Mert Ar\u0131k, bu sefer okurlar\u0131n\u0131 heyecan dolu yepyeni bir maceraya davet<span class=\"excerpt-hellip\"> [\u2026]<\/span><\/p>\n","protected":false},"featured_media":0,"template":"","meta":{"_monsterinsights_skip_tracking":false,"_monsterinsights_sitenote_active":false,"_monsterinsights_sitenote_note":"","_monsterinsights_sitenote_category":0},"product_brand":[],"product_cat":[12274,12284],"product_tag":[],"class_list":{"0":"post-753337","1":"product","2":"type-product","3":"status-publish","5":"product_cat-cocuk-ve-genclik-kitaplari","6":"product_cat-hikayeler","7":"pa_cilt-ciltsiz","8":"pa_tur-kitap","9":"pa_yayinevi-timas-cocuk","10":"pa_yazar-mert-arik","12":"first","13":"instock","14":"sale","15":"shipping-taxable","16":"purchasable","17":"product-type-simple"},"_links":{"self":[{"href":"https:\/\/roveyayinevi.com.tr\/index.php\/wp-json\/wp\/v2\/product\/753337","targetHints":{"allow":["GET"]}}],"collection":[{"href":"https:\/\/roveyayinevi.com.tr\/index.php\/wp-json\/wp\/v2\/product"}],"about":[{"href":"https:\/\/roveyayinevi.com.tr\/index.php\/wp-json\/wp\/v2\/types\/product"}],"wp:attachment":[{"href":"https:\/\/roveyayinevi.com.tr\/index.php\/wp-json\/wp\/v2\/media?parent=753337"}],"wp:term":[{"taxonomy":"product_brand","embeddable":true,"href":"https:\/\/roveyayinevi.com.tr\/index.php\/wp-json\/wp\/v2\/product_brand?post=753337"},{"taxonomy":"product_cat","embeddable":true,"href":"https:\/\/roveyayinevi.com.tr\/index.php\/wp-json\/wp\/v2\/product_cat?post=753337"},{"taxonomy":"product_tag","embeddable":true,"href":"https:\/\/roveyayinevi.com.tr\/index.php\/wp-json\/wp\/v2\/product_tag?post=753337"}],"curies":[{"name":"wp","href":"https:\/\/api.w.org\/{rel}","templated":true}]}}