{"id":753334,"date":"2025-08-28T05:40:41","date_gmt":"2025-08-28T02:40:41","guid":{"rendered":"https:\/\/roveyayinevi.com.tr\/index.php\/urun\/ayiyla-konusan-kiz\/"},"modified":"2026-04-16T03:06:44","modified_gmt":"2026-04-16T00:06:44","slug":"ayiyla-konusan-kiz","status":"publish","type":"product","link":"https:\/\/roveyayinevi.com.tr\/index.php\/urun\/ayiyla-konusan-kiz\/","title":{"rendered":"Ay\u0131yla Konu\u015fan K\u0131z"},"content":{"rendered":"<p>\u201cBana Ay\u0131 Yanka diyorlar. Beni bulduklar\u0131 yerden dolay\u0131 de\u011fil, bu hik\u00e2yeyi sadece birka\u00e7 ki\u015fi biliyor. Bana Ay\u0131 Yanka diyorlar \u00e7\u00fcnk\u00fc ben \u00e7ok b\u00fcy\u00fck ve g\u00fc\u00e7l\u00fcy\u00fcm.\u201d Bebekken bir ay\u0131 ma\u011faras\u0131nda terk edilmi\u015f halde bulunan Yanka, hayat\u0131 boyunca nereden geldi\u011fini merak eder. K\u00f6yl\u00fclerin garip f\u0131s\u0131lt\u0131lar\u0131n\u0131 ve bak\u0131\u015flar\u0131n\u0131 g\u00f6rmezden gelmeye \u00e7al\u0131\u015f\u0131r, \u2018ke\u015fke i\u00e7im de d\u0131\u015f\u0131m kadar g\u00fc\u00e7l\u00fc olsayd\u0131\u2019 der. Ancak ger\u00e7ekte kim oldu\u011funa dair cevaplar aramak i\u00e7in evinden ka\u00e7mak zorunda kald\u0131\u011f\u0131nda, hayal etti\u011finin \u00e7ok \u00f6tesinde bir yolculuk ba\u015flar. Maceralar\u0131 buzlu nehirlerden, yanan da\u011flara uzan\u0131r ve yol boyunca s\u00fcrekli b\u00fcy\u00fcyen ola\u011fan\u00fcst\u00fc bir arkada\u015f s\u00fcr\u00fcs\u00fcyle tan\u0131\u015f\u0131r. &#8220;\u00d6zel ve samimi hissettiren eski peri masallar\u0131na dayanan, sevgi ve aidiyet duygusunun ger\u00e7ek b\u00fcy\u00fcs\u00fcyle par\u0131ldayan bu hik\u00e2ye bir cevher.&#8221;-Catherine Doyle, \u00c7ok Satan Gen\u00e7lik Kitaplar\u0131 Yazar\u0131<\/p>\n","protected":false},"excerpt":{"rendered":"<p>\u201cBana Ay\u0131 Yanka diyorlar. Beni bulduklar\u0131 yerden dolay\u0131 de\u011fil, bu hik\u00e2yeyi sadece birka\u00e7 ki\u015fi biliyor. Bana Ay\u0131 Yanka diyorlar \u00e7\u00fcnk\u00fc ben \u00e7ok b\u00fcy\u00fck ve g\u00fc\u00e7l\u00fcy\u00fcm.\u201d Bebekken<span class=\"excerpt-hellip\"> [\u2026]<\/span><\/p>\n","protected":false},"featured_media":0,"template":"","meta":{"_monsterinsights_skip_tracking":false,"_monsterinsights_sitenote_active":false,"_monsterinsights_sitenote_note":"","_monsterinsights_sitenote_category":0},"product_brand":[],"product_cat":[12291,14777],"product_tag":[],"class_list":{"0":"post-753334","1":"product","2":"type-product","3":"status-publish","5":"product_cat-edebiyat","6":"product_cat-fantastik","7":"pa_cilt-ciltsiz","8":"pa_tur-kitap","9":"pa_yayinevi-genc-timas","10":"pa_yazar-sophie-anderson","12":"first","13":"instock","14":"sale","15":"shipping-taxable","16":"purchasable","17":"product-type-simple"},"_links":{"self":[{"href":"https:\/\/roveyayinevi.com.tr\/index.php\/wp-json\/wp\/v2\/product\/753334","targetHints":{"allow":["GET"]}}],"collection":[{"href":"https:\/\/roveyayinevi.com.tr\/index.php\/wp-json\/wp\/v2\/product"}],"about":[{"href":"https:\/\/roveyayinevi.com.tr\/index.php\/wp-json\/wp\/v2\/types\/product"}],"wp:attachment":[{"href":"https:\/\/roveyayinevi.com.tr\/index.php\/wp-json\/wp\/v2\/media?parent=753334"}],"wp:term":[{"taxonomy":"product_brand","embeddable":true,"href":"https:\/\/roveyayinevi.com.tr\/index.php\/wp-json\/wp\/v2\/product_brand?post=753334"},{"taxonomy":"product_cat","embeddable":true,"href":"https:\/\/roveyayinevi.com.tr\/index.php\/wp-json\/wp\/v2\/product_cat?post=753334"},{"taxonomy":"product_tag","embeddable":true,"href":"https:\/\/roveyayinevi.com.tr\/index.php\/wp-json\/wp\/v2\/product_tag?post=753334"}],"curies":[{"name":"wp","href":"https:\/\/api.w.org\/{rel}","templated":true}]}}