{"id":753330,"date":"2025-08-28T05:40:35","date_gmt":"2025-08-28T02:40:35","guid":{"rendered":"https:\/\/roveyayinevi.com.tr\/index.php\/urun\/merzifonlu-kara-mustafa-pasa\/"},"modified":"2026-04-16T03:06:44","modified_gmt":"2026-04-16T00:06:44","slug":"merzifonlu-kara-mustafa-pasa","status":"publish","type":"product","link":"https:\/\/roveyayinevi.com.tr\/index.php\/urun\/merzifonlu-kara-mustafa-pasa\/","title":{"rendered":"Merzifonlu Kara Mustafa Pa\u015fa"},"content":{"rendered":"<p>25 Aral\u0131k 1683\u2026 Sultan\u2019\u0131n, can\u0131n\u0131 almas\u0131 i\u00e7in g\u00f6nderdi\u011fi cellad\u0131n elindeki kemende boynunu uzatan orta ya\u015fl\u0131 bir adam\u2026 Merzifonlu Kara Mustafa Pa\u015fa\u2026 \u00c7o\u011fu tarih\u00e7i taraf\u0131ndan Osmanl\u0131 Devleti\u2019nin talihinin tersine d\u00f6nd\u00fc\u011f\u00fc iddia edilen II. Viyana Ku\u015fatmas\u0131\u2019nda Osmanl\u0131 ordusunun ba\u015f\u0131ndaki isim. Dolay\u0131s\u0131yla bozgunun en \u00f6nemli m\u00fcsebbibi\u2026Elinizdeki bu eser, yedi y\u0131l boyunca Osmanl\u0131 Devleti\u2019nin sadrazaml\u0131k m\u00fchr\u00fcn\u00fc ta\u015f\u0131yan ve devlete say\u0131s\u0131z hizmetler yapm\u0131\u015f olmas\u0131na ra\u011fmen II. Viyana Bozgunu nedeniyle devletin talihini tersine \u00e7eviren isim olarak damgalanan Merzifonlu Kara Mustafa Pa\u015fa\u2019n\u0131n hayat\u0131n\u0131 t\u00fcm y\u00f6nleriyle ortaya koyuyor. \u0130lk olarak Pa\u015fa\u2019n\u0131n \u00e7ocukluk y\u0131llar\u0131na ve K\u00f6pr\u00fcl\u00fc ailesinin himayesine giri\u015fine de\u011finen bu eser, sonras\u0131nda K\u00f6pr\u00fcl\u00fcler sayesinde Osmanl\u0131 devlet mekanizmas\u0131n\u0131n basamaklar\u0131n\u0131 h\u0131zla t\u0131rman\u0131\u015f\u0131n\u0131 konu ediniyor. K\u00f6pr\u00fcl\u00fcler sayesinde bir nebze rahat nefes alan Osmanl\u0131 Devleti\u2019ni eski \u015fa\u015faal\u0131 g\u00fcnlerine d\u00f6nd\u00fcrmek i\u00e7in sadrazam olarak yo\u011fun \u00e7aba harcayan Kara Mustafa Pa\u015fa\u2019n\u0131n bu yoldaki \u00e7abalar\u0131 da elinizdeki \u00e7al\u0131\u015fmada etrafl\u0131ca inceleniyor. Tabii, Pa\u015fa\u2019n\u0131n T\u00fcrk tarihinde yer edinmesini sa\u011flayan II. Viyana Ku\u015fatmas\u0131 da bu \u00e7al\u0131\u015fmada olduk\u00e7a detayl\u0131 bir \u015fekilde ele al\u0131n\u0131yor. Ku\u015fatman\u0131n \u00f6ncesi, ku\u015fatma s\u0131ras\u0131nda ya\u015fananlar ve sonras\u0131 b\u00fct\u00fcn ayr\u0131nt\u0131lar\u0131yla g\u00fcn y\u00fcz\u00fcne \u00e7\u0131kar\u0131l\u0131yor. Dr. Metin Aydar, Pa\u015fa\u2019y\u0131 siyasi ve asker\u00ee y\u00f6nlerinin yan\u0131 s\u0131ra bir Osmanl\u0131 eliti olarak da ele alarak farkl\u0131 bir bak\u0131\u015f a\u00e7\u0131s\u0131yla biyografik bir eser meydana getirmeyi ba\u015far\u0131yor. Bu eser, T\u00fcrk tarihinin en tart\u0131\u015fmal\u0131 \u015fahsiyetlerinden biri olan Merzifonlu Kara Mustafa Pa\u015fa\u2019n\u0131n hayat\u0131n\u0131 t\u00fcm safhalar\u0131yla g\u00f6zler \u00f6n\u00fcne seriyor.<\/p>\n","protected":false},"excerpt":{"rendered":"<p>25 Aral\u0131k 1683\u2026 Sultan\u2019\u0131n, can\u0131n\u0131 almas\u0131 i\u00e7in g\u00f6nderdi\u011fi cellad\u0131n elindeki kemende boynunu uzatan orta ya\u015fl\u0131 bir adam\u2026 Merzifonlu Kara Mustafa Pa\u015fa\u2026 \u00c7o\u011fu tarih\u00e7i taraf\u0131ndan Osmanl\u0131 Devleti\u2019nin<span class=\"excerpt-hellip\"> [\u2026]<\/span><\/p>\n","protected":false},"featured_media":0,"template":"","meta":{"_monsterinsights_skip_tracking":false,"_monsterinsights_sitenote_active":false,"_monsterinsights_sitenote_note":"","_monsterinsights_sitenote_category":0},"product_brand":[],"product_cat":[12370,12304],"product_tag":[],"class_list":{"0":"post-753330","1":"product","2":"type-product","3":"status-publish","5":"product_cat-arastirma-inceleme","6":"product_cat-tarih","7":"pa_cilt-ciltsiz","8":"pa_tur-kitap","9":"pa_yayinevi-timas-akademi-yayinlari","10":"pa_yazar-metin-aydar","12":"first","13":"instock","14":"sale","15":"shipping-taxable","16":"purchasable","17":"product-type-simple"},"_links":{"self":[{"href":"https:\/\/roveyayinevi.com.tr\/index.php\/wp-json\/wp\/v2\/product\/753330","targetHints":{"allow":["GET"]}}],"collection":[{"href":"https:\/\/roveyayinevi.com.tr\/index.php\/wp-json\/wp\/v2\/product"}],"about":[{"href":"https:\/\/roveyayinevi.com.tr\/index.php\/wp-json\/wp\/v2\/types\/product"}],"wp:attachment":[{"href":"https:\/\/roveyayinevi.com.tr\/index.php\/wp-json\/wp\/v2\/media?parent=753330"}],"wp:term":[{"taxonomy":"product_brand","embeddable":true,"href":"https:\/\/roveyayinevi.com.tr\/index.php\/wp-json\/wp\/v2\/product_brand?post=753330"},{"taxonomy":"product_cat","embeddable":true,"href":"https:\/\/roveyayinevi.com.tr\/index.php\/wp-json\/wp\/v2\/product_cat?post=753330"},{"taxonomy":"product_tag","embeddable":true,"href":"https:\/\/roveyayinevi.com.tr\/index.php\/wp-json\/wp\/v2\/product_tag?post=753330"}],"curies":[{"name":"wp","href":"https:\/\/api.w.org\/{rel}","templated":true}]}}