{"id":753329,"date":"2025-08-28T05:40:33","date_gmt":"2025-08-28T02:40:33","guid":{"rendered":"https:\/\/roveyayinevi.com.tr\/index.php\/urun\/dogal-hukuka-gore-insanin-ve-yurttasin-odevi\/"},"modified":"2026-04-16T03:06:44","modified_gmt":"2026-04-16T00:06:44","slug":"dogal-hukuka-gore-insanin-ve-yurttasin-odevi","status":"publish","type":"product","link":"https:\/\/roveyayinevi.com.tr\/index.php\/urun\/dogal-hukuka-gore-insanin-ve-yurttasin-odevi\/","title":{"rendered":"Do\u011fal Hukuka G\u00f6re \u0130nsan\u0131n ve Yurtta\u015f\u0131n \u00d6devi"},"content":{"rendered":"<p>1632-1694 y\u0131llar\u0131 aras\u0131nda ya\u015fayan Samuel Pufendorf, Reform hareketleri, mezhep anla\u015fmazl\u0131klar\u0131, Otuz Y\u0131l Sava\u015flar\u0131, Vestfalya Antla\u015fmas\u0131 ve Ayd\u0131nlanma gibi 17. y\u00fczy\u0131l Avrupa tarihinin en \u00f6nemli olaylar\u0131na tan\u0131kl\u0131k etmi\u015f \u00e7ok \u00f6nemli bir d\u00fc\u015f\u00fcn\u00fcrd\u00fcr. Pufendorf, ya\u015fam\u0131n\u0131n son on sekiz y\u0131l\u0131nda, ba\u015far\u0131l\u0131, modern Protestan devlet kurucular ve ayd\u0131nlanm\u0131\u015f mutlakiyet\u00e7ili\u011fin \u00f6rnekleri olarak g\u00f6r\u00fclen \u00fc\u00e7 h\u00fck\u00fcmdara dan\u0131\u015fmanl\u0131k yapm\u0131\u015ft\u0131r. Bu nedenle yaz\u0131lar\u0131, modern, devlet merkezli siyasi prati\u011fin felsefi sunumlar\u0131 olarak kabul edilmi\u015ftir.Avrupa\u2019da yeni d\u00fczenin hangi temeller \u00fczerine kurulmas\u0131 gerekti\u011fi konusunda fikir y\u00fcr\u00fcten Pufendorf&#8217;un d\u00fc\u015f\u00fcncelerini, kaleme ald\u0131\u011f\u0131 \u00e7ok say\u0131daki eserde g\u00f6r\u00fcr\u00fcz. Do\u011fal Hukuka G\u00f6re \u0130nsan\u0131n ve Yurtta\u015f\u0131n \u00d6devi ba\u015fl\u0131\u011f\u0131n\u0131 ta\u015f\u0131yan bu eser, Pufendorf\u2019un Otuz Y\u0131l Sava\u015flar\u0131 sonras\u0131nda Avrupa\u2019n\u0131n yeni yap\u0131s\u0131n\u0131n nas\u0131l olmas\u0131 gerekti\u011fine dair g\u00f6r\u00fc\u015flerini i\u00e7ermektedir. Ona g\u00f6re, t\u00fcm Avrupal\u0131lar\u0131n yeni siyasi d\u00fczene r\u0131za g\u00f6stermesini sa\u011flayabilecek ve bar\u0131\u015f\u0131 getirebilecek yeni bir ahlak, onlar\u0131 b\u00f6len dinsel farkl\u0131l\u0131klardan ba\u011f\u0131ms\u0131z olmal\u0131 ve bununla birlikte bu rakip dinlere y\u00f6nelik inan\u00e7 ve ibadete ahlak \u00e7er\u00e7evesinde izin verilmeliydi.Tima\u015f Akademi, Cambridge Siyaset D\u00fc\u015f\u00fcncesi Klasikleri Serisi\u2019nden \u00e7\u0131kan bu de\u011ferli eseri Reha Kulda\u015fl\u0131 \u00e7evirisiyle T\u00fcrk\u00e7eye kazand\u0131rarak siyasetname dizisini zenginle\u015ftirmeye devam ediyor.<\/p>\n","protected":false},"excerpt":{"rendered":"<p>1632-1694 y\u0131llar\u0131 aras\u0131nda ya\u015fayan Samuel Pufendorf, Reform hareketleri, mezhep anla\u015fmazl\u0131klar\u0131, Otuz Y\u0131l Sava\u015flar\u0131, Vestfalya Antla\u015fmas\u0131 ve Ayd\u0131nlanma gibi 17. y\u00fczy\u0131l Avrupa tarihinin en \u00f6nemli olaylar\u0131na tan\u0131kl\u0131k<span class=\"excerpt-hellip\"> [\u2026]<\/span><\/p>\n","protected":false},"featured_media":0,"template":"","meta":{"_monsterinsights_skip_tracking":false,"_monsterinsights_sitenote_active":false,"_monsterinsights_sitenote_note":"","_monsterinsights_sitenote_category":0},"product_brand":[],"product_cat":[12370,12304],"product_tag":[],"class_list":{"0":"post-753329","1":"product","2":"type-product","3":"status-publish","5":"product_cat-arastirma-inceleme","6":"product_cat-tarih","7":"pa_cilt-ciltsiz","8":"pa_tur-kitap","9":"pa_yayinevi-timas-akademi-yayinlari","10":"pa_yazar-samuel-von-pufendorf","12":"first","13":"instock","14":"sale","15":"shipping-taxable","16":"purchasable","17":"product-type-simple"},"_links":{"self":[{"href":"https:\/\/roveyayinevi.com.tr\/index.php\/wp-json\/wp\/v2\/product\/753329","targetHints":{"allow":["GET"]}}],"collection":[{"href":"https:\/\/roveyayinevi.com.tr\/index.php\/wp-json\/wp\/v2\/product"}],"about":[{"href":"https:\/\/roveyayinevi.com.tr\/index.php\/wp-json\/wp\/v2\/types\/product"}],"wp:attachment":[{"href":"https:\/\/roveyayinevi.com.tr\/index.php\/wp-json\/wp\/v2\/media?parent=753329"}],"wp:term":[{"taxonomy":"product_brand","embeddable":true,"href":"https:\/\/roveyayinevi.com.tr\/index.php\/wp-json\/wp\/v2\/product_brand?post=753329"},{"taxonomy":"product_cat","embeddable":true,"href":"https:\/\/roveyayinevi.com.tr\/index.php\/wp-json\/wp\/v2\/product_cat?post=753329"},{"taxonomy":"product_tag","embeddable":true,"href":"https:\/\/roveyayinevi.com.tr\/index.php\/wp-json\/wp\/v2\/product_tag?post=753329"}],"curies":[{"name":"wp","href":"https:\/\/api.w.org\/{rel}","templated":true}]}}