{"id":753328,"date":"2025-08-28T05:40:32","date_gmt":"2025-08-28T02:40:32","guid":{"rendered":"https:\/\/roveyayinevi.com.tr\/index.php\/urun\/muhabbet-atesi\/"},"modified":"2026-04-16T03:06:44","modified_gmt":"2026-04-16T00:06:44","slug":"muhabbet-atesi","status":"publish","type":"product","link":"https:\/\/roveyayinevi.com.tr\/index.php\/urun\/muhabbet-atesi\/","title":{"rendered":"Muhabbet Ate\u015fi"},"content":{"rendered":"<p>G\u00f6n\u00fcller Sultan\u0131 Hazreti Mevl\u00e2n\u00e2, \u201ca\u015fk\u201d\u0131, yine a\u015fkla anlat\u0131yor. \u201cA\u015fk\u0131n kayna\u011f\u0131 il\u00e2h\u00ee sevgi oldu\u011funa g\u00f6re, onu \u015ferh edecek ancak a\u015fk\u0131n kendisidir,\u201d diyor. A\u015fk ate\u015fi, \u00f6yle \u015fiddetli bir ate\u015ftir ki cehennem ate\u015fini bile s\u00f6nd\u00fcrebilir. B\u00fcy\u00fck \u0130sl\u00e2m mutasavv\u0131flar\u0131ndan \u0130sm\u00e2il H\u00e2kk\u0131 Bursev\u00ee Hazretleri\u2019nin, R\u00fbh\u00fc\u2019l-Mesnev\u00ee isimli kitab\u0131n\u0131n birinci cildinde nakledildi\u011fine g\u00f6re, ate\u015f diyor ki: Y\u00e2 Rabbi! E\u011fer sana it\u00e2at etmeseydim, benden daha \u015fiddetli bir nesne ile azap eder miydin? Allah buyurdu ki: B\u00fcy\u00fck ate\u015fimi senin \u00fczerine musallat ederdim. N\u00e2r (ate\u015f) dedi ki: Benden daha b\u00fcy\u00fck ate\u015f var m\u0131? Y\u00fcce Allah, o zaman \u015f\u00f6yle buyurdu: Evet, var. Bu, vel\u00eelerimin kalplerine yerle\u015ftirdi\u011fim muhabbet ate\u015fidir. K\u00fclt\u00fcr tarihimize dair \u00e7al\u0131\u015fmalar\u0131yla tan\u0131nan Dursun G\u00fcrlek\u2019in Muhabbet Ate\u015fi ad\u0131n\u0131 verdi\u011fi bu \u00e7al\u0131\u015fmas\u0131nda Mihr\u00ee Hatun\u2019dan Evliya \u00c7elebi\u2019ye, Mehmed \u00c2kif Ersoy\u2019dan T\u00e2hir\u00fc\u2019l-Mevlev\u00ee\u2019ye, \u00dcsk\u00fcdarl\u0131 Haf\u0131z Ali Efendi\u2019den M\u00fcnevver Aya\u015fl\u0131\u2019ya bir\u00e7ok Osmanl\u0131 bak\u0131yyesi \u015fahsiyetten ilme, k\u00fclt\u00fcre, kitaplara ve muhabbete dair bir\u00e7ok yaz\u0131 bulunuyor. Muhabbet meclisinizde, muhabbet ate\u015fi eksik olmas\u0131n!&#8230;<\/p>\n","protected":false},"excerpt":{"rendered":"<p>G\u00f6n\u00fcller Sultan\u0131 Hazreti Mevl\u00e2n\u00e2, \u201ca\u015fk\u201d\u0131, yine a\u015fkla anlat\u0131yor. \u201cA\u015fk\u0131n kayna\u011f\u0131 il\u00e2h\u00ee sevgi oldu\u011funa g\u00f6re, onu \u015ferh edecek ancak a\u015fk\u0131n kendisidir,\u201d diyor. A\u015fk ate\u015fi, \u00f6yle \u015fiddetli bir<span class=\"excerpt-hellip\"> [\u2026]<\/span><\/p>\n","protected":false},"featured_media":0,"template":"","meta":{"_monsterinsights_skip_tracking":false,"_monsterinsights_sitenote_active":false,"_monsterinsights_sitenote_note":"","_monsterinsights_sitenote_category":0},"product_brand":[],"product_cat":[12304],"product_tag":[],"class_list":{"0":"post-753328","1":"product","2":"type-product","3":"status-publish","5":"product_cat-tarih","6":"pa_cilt-ciltsiz","7":"pa_tur-kitap","8":"pa_yayinevi-timas-yayinlari","9":"pa_yazar-dursun-gurlek","11":"first","12":"instock","13":"sale","14":"shipping-taxable","15":"purchasable","16":"product-type-simple"},"_links":{"self":[{"href":"https:\/\/roveyayinevi.com.tr\/index.php\/wp-json\/wp\/v2\/product\/753328","targetHints":{"allow":["GET"]}}],"collection":[{"href":"https:\/\/roveyayinevi.com.tr\/index.php\/wp-json\/wp\/v2\/product"}],"about":[{"href":"https:\/\/roveyayinevi.com.tr\/index.php\/wp-json\/wp\/v2\/types\/product"}],"wp:attachment":[{"href":"https:\/\/roveyayinevi.com.tr\/index.php\/wp-json\/wp\/v2\/media?parent=753328"}],"wp:term":[{"taxonomy":"product_brand","embeddable":true,"href":"https:\/\/roveyayinevi.com.tr\/index.php\/wp-json\/wp\/v2\/product_brand?post=753328"},{"taxonomy":"product_cat","embeddable":true,"href":"https:\/\/roveyayinevi.com.tr\/index.php\/wp-json\/wp\/v2\/product_cat?post=753328"},{"taxonomy":"product_tag","embeddable":true,"href":"https:\/\/roveyayinevi.com.tr\/index.php\/wp-json\/wp\/v2\/product_tag?post=753328"}],"curies":[{"name":"wp","href":"https:\/\/api.w.org\/{rel}","templated":true}]}}