{"id":753327,"date":"2025-08-28T05:40:30","date_gmt":"2025-08-28T02:40:30","guid":{"rendered":"https:\/\/roveyayinevi.com.tr\/index.php\/urun\/cumhuriyetin-ilk-yuzyili\/"},"modified":"2026-04-16T03:06:44","modified_gmt":"2026-04-16T00:06:44","slug":"cumhuriyetin-ilk-yuzyili","status":"publish","type":"product","link":"https:\/\/roveyayinevi.com.tr\/index.php\/urun\/cumhuriyetin-ilk-yuzyili\/","title":{"rendered":"Cumhuriyet&#8217;in \u0130lk Y\u00fczy\u0131l\u0131"},"content":{"rendered":"<p>\u201cSaltanat ve cumhuriyet rejimleri aras\u0131ndaki temel fark\u0131n, ulus-devlet olman\u0131n gerektirdi\u011fi yeni politik ba\u011fl\u0131l\u0131klardan ve tabiiyetlerden kaynakland\u0131\u011f\u0131 s\u00f6ylenebilir. Cumhuriyet rejimi, bu yeni politik ba\u011fl\u0131l\u0131klara ve tabiiyetlere neden olmaktan ziyade bunlar\u0131n sonucunda ortaya \u00e7\u0131kt\u0131.\u201d Kemal H. Karpat   Cambridge, Oxford, Princeton, Brill gibi d\u00fcnyan\u0131n en prestijli yay\u0131nevlerinden yay\u0131mlad\u0131\u011f\u0131 kitaplar\u0131yla, bamba\u015fka konulara hasredilmi\u015f d\u00fczinelerce makalesiyle T\u00fcrkiye\u2019nin yeti\u015ftirdi\u011fi en \u00f6nemli sosyal bilimcilerden biri, belki de birincisi Kemal Karpat (1923-2019). Karpat, Osmanl\u0131 tarihi, \u00f6zellikle ge\u00e7 Osmanl\u0131 tarihi alan\u0131nda da ciddi emek verdi ancak elli y\u0131l\u0131 a\u015fan akademik faaliyetinin \u00f6nemli bir k\u0131sm\u0131n\u0131 da cumhuriyet d\u00f6nemine vakfetti. Bu ciltteki en eski tarihli makale 1960, en ge\u00e7 tarihli makale 2005 bas\u0131m\u0131d\u0131r; ba\u015fka bir ifadeyle \u00f6n\u00fcm\u00fczdeki metinler b\u00fct\u00fcn bir \u00f6mr\u00fcn, bilimsel anlamda uzun ve verimli bir \u00f6mr\u00fcn \u00fcr\u00fcnleridir. T\u00fcrkiye\u2019de Kemal Karpat a\u011f\u0131rl\u0131kl\u0131 olarak tarih\u00e7i kimli\u011fiyle tan\u0131nmaktad\u0131r fakat bu tan\u0131mlaman\u0131n zaman zaman yetersiz kald\u0131\u011f\u0131 kan\u0131s\u0131nday\u0131z. Alt ba\u015fl\u0131\u011f\u0131n da yans\u0131tt\u0131\u011f\u0131 gibi, bu derlemede Karpat cumhuriyetin ilk y\u00fczy\u0131l\u0131na, siyaset bilimi, sosyoloji, uluslararas\u0131 ili\u015fkiler ve k\u00fclt\u00fcr pencerelerinden bak\u0131yor. Ayn\u0131 zamanda, cumhuriyetin 100. ya\u015f\u0131 ya\u015fasayd\u0131 Kemal Hoca\u2019n\u0131n da 100. ya\u015f\u0131 olacakt\u0131. Dolay\u0131s\u0131yla, bu sayfalarda hem cumhuriyetin 100. y\u0131l\u0131n\u0131 kutluyoruz hem de s\u00f6z\u00fc edilen sahada en fazla emek vermi\u015f insanlardan olan Karpat\u2019\u0131n hat\u0131ras\u0131n\u0131 onurland\u0131r\u0131yoruz. <\/p>\n","protected":false},"excerpt":{"rendered":"<p>\u201cSaltanat ve cumhuriyet rejimleri aras\u0131ndaki temel fark\u0131n, ulus-devlet olman\u0131n gerektirdi\u011fi yeni politik ba\u011fl\u0131l\u0131klardan ve tabiiyetlerden kaynakland\u0131\u011f\u0131 s\u00f6ylenebilir. Cumhuriyet rejimi, bu yeni politik ba\u011fl\u0131l\u0131klara ve tabiiyetlere neden<span class=\"excerpt-hellip\"> [\u2026]<\/span><\/p>\n","protected":false},"featured_media":0,"template":"","meta":{"_monsterinsights_skip_tracking":false,"_monsterinsights_sitenote_active":false,"_monsterinsights_sitenote_note":"","_monsterinsights_sitenote_category":0},"product_brand":[],"product_cat":[12370,12304],"product_tag":[],"class_list":{"0":"post-753327","1":"product","2":"type-product","3":"status-publish","5":"product_cat-arastirma-inceleme","6":"product_cat-tarih","7":"pa_cilt-ciltsiz","8":"pa_tur-kitap","9":"pa_yayinevi-timas-yayinlari","10":"pa_yazar-kemal-h-karpat","12":"first","13":"instock","14":"sale","15":"shipping-taxable","16":"purchasable","17":"product-type-simple"},"_links":{"self":[{"href":"https:\/\/roveyayinevi.com.tr\/index.php\/wp-json\/wp\/v2\/product\/753327","targetHints":{"allow":["GET"]}}],"collection":[{"href":"https:\/\/roveyayinevi.com.tr\/index.php\/wp-json\/wp\/v2\/product"}],"about":[{"href":"https:\/\/roveyayinevi.com.tr\/index.php\/wp-json\/wp\/v2\/types\/product"}],"wp:attachment":[{"href":"https:\/\/roveyayinevi.com.tr\/index.php\/wp-json\/wp\/v2\/media?parent=753327"}],"wp:term":[{"taxonomy":"product_brand","embeddable":true,"href":"https:\/\/roveyayinevi.com.tr\/index.php\/wp-json\/wp\/v2\/product_brand?post=753327"},{"taxonomy":"product_cat","embeddable":true,"href":"https:\/\/roveyayinevi.com.tr\/index.php\/wp-json\/wp\/v2\/product_cat?post=753327"},{"taxonomy":"product_tag","embeddable":true,"href":"https:\/\/roveyayinevi.com.tr\/index.php\/wp-json\/wp\/v2\/product_tag?post=753327"}],"curies":[{"name":"wp","href":"https:\/\/api.w.org\/{rel}","templated":true}]}}