{"id":753325,"date":"2025-08-28T05:40:26","date_gmt":"2025-08-28T02:40:26","guid":{"rendered":"https:\/\/roveyayinevi.com.tr\/index.php\/urun\/neden-yaziyorum-3\/"},"modified":"2026-04-16T03:06:44","modified_gmt":"2026-04-16T00:06:44","slug":"neden-yaziyorum-3","status":"publish","type":"product","link":"https:\/\/roveyayinevi.com.tr\/index.php\/urun\/neden-yaziyorum-3\/","title":{"rendered":"Neden Yaz\u0131yorum"},"content":{"rendered":"<p>Yaz\u0131yorum \u00e7\u00fcnk\u00fc if\u015fa etmek istedi\u011fim bir yalan, dikkat \u00e7ekmek istedi\u011fim bir ger\u00e7ek, sesini duyurmak istedi\u011fim \u015feyler var.George Orwell, totaliterlik kar\u015f\u0131t\u0131, s\u00f6z\u00fcn\u00fc sak\u0131nmayan toplumsal ele\u015ftirileriyle edebiyat sahnesine ad\u0131m att\u0131\u011f\u0131 g\u00fcnden beri ad\u0131ndan daima s\u00f6z edilen, g\u00f6zlemleri hi\u00e7bir d\u00f6nemde g\u00fcncelli\u011fini yitirmemi\u015f cesur bir kalem. Politik ama\u00e7la sanatsal amac\u0131 b\u00fct\u00fcnle\u015ftirmeyi birincil g\u00f6revi addeden Orwell, 1936-1947 y\u0131llar\u0131 aras\u0131nda farkl\u0131 mecralar i\u00e7in kaleme ald\u0131\u011f\u0131 yaz\u0131larda, kitap\u00e7\u0131l\u0131k y\u0131llar\u0131 an\u0131lar\u0131ndan onu yazmaya iten saiklere, d\u00fcnya edebiyat\u0131n\u0131n \u00f6nde gelen isimlerine dair incelemelerinden sans\u00fcrle g\u00f6lgelenmi\u015f roman ve \u015fiir t\u00fcrleri \u00fczerine g\u00f6zlemlerine kadar, okura d\u00f6nemin politik atmosferiyle b\u00fct\u00fcnle\u015fen bir edeb\u00ee panorama sunuyor.<\/p>\n","protected":false},"excerpt":{"rendered":"<p>Yaz\u0131yorum \u00e7\u00fcnk\u00fc if\u015fa etmek istedi\u011fim bir yalan, dikkat \u00e7ekmek istedi\u011fim bir ger\u00e7ek, sesini duyurmak istedi\u011fim \u015feyler var.George Orwell, totaliterlik kar\u015f\u0131t\u0131, s\u00f6z\u00fcn\u00fc sak\u0131nmayan toplumsal ele\u015ftirileriyle edebiyat sahnesine<span class=\"excerpt-hellip\"> [\u2026]<\/span><\/p>\n","protected":false},"featured_media":0,"template":"","meta":{"_monsterinsights_skip_tracking":false,"_monsterinsights_sitenote_active":false,"_monsterinsights_sitenote_note":"","_monsterinsights_sitenote_category":0},"product_brand":[],"product_cat":[12777,12291],"product_tag":[],"class_list":{"0":"post-753325","1":"product","2":"type-product","3":"status-publish","5":"product_cat-deneme","6":"product_cat-edebiyat","7":"pa_cilt-ciltsiz","8":"pa_tur-kitap","9":"pa_yayinevi-timas-yayinlari","10":"pa_yazar-george-orwell","12":"first","13":"instock","14":"sale","15":"shipping-taxable","16":"purchasable","17":"product-type-simple"},"_links":{"self":[{"href":"https:\/\/roveyayinevi.com.tr\/index.php\/wp-json\/wp\/v2\/product\/753325","targetHints":{"allow":["GET"]}}],"collection":[{"href":"https:\/\/roveyayinevi.com.tr\/index.php\/wp-json\/wp\/v2\/product"}],"about":[{"href":"https:\/\/roveyayinevi.com.tr\/index.php\/wp-json\/wp\/v2\/types\/product"}],"wp:attachment":[{"href":"https:\/\/roveyayinevi.com.tr\/index.php\/wp-json\/wp\/v2\/media?parent=753325"}],"wp:term":[{"taxonomy":"product_brand","embeddable":true,"href":"https:\/\/roveyayinevi.com.tr\/index.php\/wp-json\/wp\/v2\/product_brand?post=753325"},{"taxonomy":"product_cat","embeddable":true,"href":"https:\/\/roveyayinevi.com.tr\/index.php\/wp-json\/wp\/v2\/product_cat?post=753325"},{"taxonomy":"product_tag","embeddable":true,"href":"https:\/\/roveyayinevi.com.tr\/index.php\/wp-json\/wp\/v2\/product_tag?post=753325"}],"curies":[{"name":"wp","href":"https:\/\/api.w.org\/{rel}","templated":true}]}}