{"id":753323,"date":"2025-08-28T05:40:23","date_gmt":"2025-08-28T02:40:23","guid":{"rendered":"https:\/\/roveyayinevi.com.tr\/index.php\/urun\/o-bize-yeter\/"},"modified":"2026-04-16T03:06:44","modified_gmt":"2026-04-16T00:06:44","slug":"o-bize-yeter","status":"publish","type":"product","link":"https:\/\/roveyayinevi.com.tr\/index.php\/urun\/o-bize-yeter\/","title":{"rendered":"O Bize Yeter"},"content":{"rendered":"<p>Allah, yerin ve g\u00f6\u011f\u00fcn b\u00fct\u00fcn imk\u00e2nlar\u0131n\u0131 insan\u0131n hizmetine verdi. Onu ak\u0131l nimetiyle donatt\u0131. Onu kendi haline b\u0131rakmay\u0131p rahmetini el\u00e7iler vas\u0131tas\u0131yla insanlar aras\u0131nda yayd\u0131. Kimileri bu rahmeti g\u00f6rd\u00fc, duydu ve bildi. Rahmete nail olabilmek i\u00e7in O\u2019na iman edip O\u2019nun g\u00f6sterdi\u011fi yola girdi. Kimileri ise akl\u0131n\u0131 kullanmad\u0131, rahmet el\u00e7ilerine kulak asmad\u0131, bilerek veya bilmeyerek rahmetten kovulan \u015feytan\u0131 yolda\u015f edindi.Peki biz modern hayat\u0131n i\u00e7inde O\u2019nun yolunda nas\u0131l kalabiliriz? O\u2019nu nas\u0131l tan\u0131yabiliriz? O\u2019nu nas\u0131l d\u00fc\u015f\u00fcnebiliriz? O\u2019nun r\u0131zas\u0131n\u0131 nas\u0131l kazanabiliriz? O\u2019nun bize vadetti\u011fi ger\u00e7ek huzur ve mutlulu\u011fu elde etmemiz i\u00e7in nelere dikkat etmeliyiz?Prof. Dr. Soner Duman, O Bize Yeter\u2019de \u0130slam\u2019\u0131n \u0131\u015f\u0131\u011f\u0131nda ibadet, huzur, dua, t\u00f6vbe, sosyal ili\u015fkiler, \u015f\u00fck\u00fcr, korku, karakter, ahiret ve daha nice konuya odaklan\u0131yor. Bu mefhumlar\u0131n her birini ayetler ve hadisler ekseninde ele alan Duman, bu kaynaklar\u0131n hayat\u0131m\u0131z\u0131n her an\u0131nda bize nas\u0131l rehberlik etmesi gerekti\u011fini g\u00f6steriyor. Allah\u2019\u0131 tan\u0131tmaya, O\u2019nun rahmetinin bizleri nas\u0131l ku\u015fatt\u0131\u011f\u0131n\u0131 g\u00f6rmeye ve g\u00f6stermeye, O\u2019nunla ili\u015fkimizin nas\u0131l olmas\u0131 gerekti\u011fini anlatmaya \u00e7al\u0131\u015fan sohbet tad\u0131nda bir ba\u015fucu kitab\u0131: O Bize Yeter&#8230;<\/p>\n","protected":false},"excerpt":{"rendered":"<p>Allah, yerin ve g\u00f6\u011f\u00fcn b\u00fct\u00fcn imk\u00e2nlar\u0131n\u0131 insan\u0131n hizmetine verdi. Onu ak\u0131l nimetiyle donatt\u0131. Onu kendi haline b\u0131rakmay\u0131p rahmetini el\u00e7iler vas\u0131tas\u0131yla insanlar aras\u0131nda yayd\u0131. Kimileri bu rahmeti<span class=\"excerpt-hellip\"> [\u2026]<\/span><\/p>\n","protected":false},"featured_media":0,"template":"","meta":{"_monsterinsights_skip_tracking":false,"_monsterinsights_sitenote_active":false,"_monsterinsights_sitenote_note":"","_monsterinsights_sitenote_category":0},"product_brand":[],"product_cat":[12718,12719],"product_tag":[],"class_list":{"0":"post-753323","1":"product","2":"type-product","3":"status-publish","5":"product_cat-din","6":"product_cat-islam","7":"pa_cilt-ciltsiz","8":"pa_tur-kitap","9":"pa_yayinevi-timas-yayinlari","10":"pa_yazar-soner-duman","12":"first","13":"instock","14":"sale","15":"shipping-taxable","16":"purchasable","17":"product-type-simple"},"_links":{"self":[{"href":"https:\/\/roveyayinevi.com.tr\/index.php\/wp-json\/wp\/v2\/product\/753323","targetHints":{"allow":["GET"]}}],"collection":[{"href":"https:\/\/roveyayinevi.com.tr\/index.php\/wp-json\/wp\/v2\/product"}],"about":[{"href":"https:\/\/roveyayinevi.com.tr\/index.php\/wp-json\/wp\/v2\/types\/product"}],"wp:attachment":[{"href":"https:\/\/roveyayinevi.com.tr\/index.php\/wp-json\/wp\/v2\/media?parent=753323"}],"wp:term":[{"taxonomy":"product_brand","embeddable":true,"href":"https:\/\/roveyayinevi.com.tr\/index.php\/wp-json\/wp\/v2\/product_brand?post=753323"},{"taxonomy":"product_cat","embeddable":true,"href":"https:\/\/roveyayinevi.com.tr\/index.php\/wp-json\/wp\/v2\/product_cat?post=753323"},{"taxonomy":"product_tag","embeddable":true,"href":"https:\/\/roveyayinevi.com.tr\/index.php\/wp-json\/wp\/v2\/product_tag?post=753323"}],"curies":[{"name":"wp","href":"https:\/\/api.w.org\/{rel}","templated":true}]}}