{"id":753319,"date":"2025-08-28T05:40:17","date_gmt":"2025-08-28T02:40:17","guid":{"rendered":"https:\/\/roveyayinevi.com.tr\/index.php\/urun\/demir-evde\/"},"modified":"2026-04-16T03:06:44","modified_gmt":"2026-04-16T00:06:44","slug":"demir-evde","status":"publish","type":"product","link":"https:\/\/roveyayinevi.com.tr\/index.php\/urun\/demir-evde\/","title":{"rendered":"Demir Evde"},"content":{"rendered":"<p>Bir erkek ve k\u0131z karde\u015f aras\u0131ndaki sevgiyi, ortak bir \u00e7ocukluk d\u00f6nemini birlikte deneyimlemenin ard\u0131ndan gelen ge\u00e7i\u015f s\u00fcrecini s\u0131ms\u0131cak hikayesiyle ortaya koyan bir kitap\u2026   Demir ve Masal birbirini \u00e7ok seven iki karde\u015f. B\u00fcy\u00fcrken her \u015feyi birlikte yapt\u0131lar. Sa\u00e7 kesimine gitmek, a\u011faca t\u0131rmanmak, a\u015f\u0131 olmak ve do\u011fum g\u00fcn\u00fc partilerine kat\u0131lmak, maceralarla dolu ya\u015famlar\u0131ndaki deneyimlerden sadece birka\u00e7\u0131\u2026 Masal Demir\u2019in, Demir\u2019de Masal\u2019\u0131n en iyi oyun arkada\u015f\u0131\u2026   Masal\u2019\u0131n Demir\u2019den b\u00fcy\u00fck olmas\u0131 ve okula ba\u015flama zaman\u0131n\u0131 gelmesiyle ili\u015fkilerinde de \u00f6nemli bir de\u011fi\u015fim oldu: Ablas\u0131 Masal okula gitti\u011finde Demir art\u0131k tek ba\u015f\u0131na ne yapacakt\u0131?   K\u00fc\u00e7\u00fck karde\u015f Demir bu de\u011fi\u015fime al\u0131\u015fmakta ba\u015flang\u0131\u00e7ta \u00e7ok zorland\u0131. Masal\u2019a bunu ona nas\u0131l yapabilirdi? Ancak zamanla \u00f6fke, hayal k\u0131r\u0131kl\u0131\u011f\u0131 ve h\u00fcz\u00fcn gibi duygular\u0131n \u00fcstesinden gelmeyi \u00f6\u011frenen Demir, Masal\u2019\u0131n da i\u015fbirli\u011fiyle bu durumun \u00fcstesinden gelmenin bir yolunu bulacakt\u0131.     Renkli ill\u00fcstrasyonlar\u0131yla okuma deneyimini keyifli hale getiren bu resimli kitap; b\u00fcy\u00fcmenin getirdi\u011fi zorluklar, karde\u015f ili\u015fkileri ve ilk defa okula ba\u015flayacak olman\u0131n getirdi\u011fi heyecan\u0131 cesaret verici hikayesi sayesinde okuyucularla bulu\u015fturuyor.     Junior Library Guild Selection   MN Book Award Finalist, 2022   Bu kitap, al\u0131\u015fagelmi\u015fin d\u0131\u015f\u0131nda, okula ba\u015flama temal\u0131 kitaplarda s\u0131kl\u0131kla ele al\u0131nmayan bir temay\u0131 i\u015fliyor: B\u00fcy\u00fck karde\u015fi okula ba\u015flayan k\u00fc\u00e7\u00fcklerin neler deneyimledi\u011fini\u2026   Kirkus Demir\u2019in hikayesi, \u00e7ocuklar\u0131n de\u011fi\u015fim ve sevdiklerinden ayr\u0131lma \u00fczerine hissettikleri endi\u015feleri ortaya koyuyor. Ayn\u0131 zamanda bu zor duygular\u0131n ge\u00e7ici oldu\u011funu ve ayr\u0131 ge\u00e7irilen zamanlar\u0131n ki\u015fisel geli\u015fim i\u00e7in ne kadar verimli olabilece\u011fini, birbirini \u00f6zlemenin ili\u015fkileri daha da \u00f6zel k\u0131laca\u011f\u0131 konusunda rahatlat\u0131c\u0131 mesajlar veriyor.   Horn Book   K\u00fc\u00e7\u00fck karde\u015fleri merkezine alan;  ayr\u0131l\u0131k deneyiminin ili\u015fkiyi bozaca\u011f\u0131na inanan endi\u015feli zihinleri rahatlatacak ve kalpleri \u0131s\u0131tacak g\u00fcven verici bir hikaye. Publisher\u2019s Weekly<\/p>\n","protected":false},"excerpt":{"rendered":"<p>Bir erkek ve k\u0131z karde\u015f aras\u0131ndaki sevgiyi, ortak bir \u00e7ocukluk d\u00f6nemini birlikte deneyimlemenin ard\u0131ndan gelen ge\u00e7i\u015f s\u00fcrecini s\u0131ms\u0131cak hikayesiyle ortaya koyan bir kitap\u2026 Demir ve Masal<span class=\"excerpt-hellip\"> [\u2026]<\/span><\/p>\n","protected":false},"featured_media":0,"template":"","meta":{"_monsterinsights_skip_tracking":false,"_monsterinsights_sitenote_active":false,"_monsterinsights_sitenote_note":"","_monsterinsights_sitenote_category":0},"product_brand":[],"product_cat":[12274,12284],"product_tag":[],"class_list":{"0":"post-753319","1":"product","2":"type-product","3":"status-publish","5":"product_cat-cocuk-ve-genclik-kitaplari","6":"product_cat-hikayeler","7":"pa_cilt-ciltsiz","8":"pa_tur-kitap","9":"pa_yayinevi-okuyan-koala","10":"pa_yazar-megan-maynor","12":"first","13":"instock","14":"sale","15":"shipping-taxable","16":"purchasable","17":"product-type-simple"},"_links":{"self":[{"href":"https:\/\/roveyayinevi.com.tr\/index.php\/wp-json\/wp\/v2\/product\/753319","targetHints":{"allow":["GET"]}}],"collection":[{"href":"https:\/\/roveyayinevi.com.tr\/index.php\/wp-json\/wp\/v2\/product"}],"about":[{"href":"https:\/\/roveyayinevi.com.tr\/index.php\/wp-json\/wp\/v2\/types\/product"}],"wp:attachment":[{"href":"https:\/\/roveyayinevi.com.tr\/index.php\/wp-json\/wp\/v2\/media?parent=753319"}],"wp:term":[{"taxonomy":"product_brand","embeddable":true,"href":"https:\/\/roveyayinevi.com.tr\/index.php\/wp-json\/wp\/v2\/product_brand?post=753319"},{"taxonomy":"product_cat","embeddable":true,"href":"https:\/\/roveyayinevi.com.tr\/index.php\/wp-json\/wp\/v2\/product_cat?post=753319"},{"taxonomy":"product_tag","embeddable":true,"href":"https:\/\/roveyayinevi.com.tr\/index.php\/wp-json\/wp\/v2\/product_tag?post=753319"}],"curies":[{"name":"wp","href":"https:\/\/api.w.org\/{rel}","templated":true}]}}