{"id":753317,"date":"2025-08-28T05:40:13","date_gmt":"2025-08-28T02:40:13","guid":{"rendered":"https:\/\/roveyayinevi.com.tr\/index.php\/urun\/simrenin-gizemi\/"},"modified":"2026-04-16T03:06:44","modified_gmt":"2026-04-16T00:06:44","slug":"simrenin-gizemi","status":"publish","type":"product","link":"https:\/\/roveyayinevi.com.tr\/index.php\/urun\/simrenin-gizemi\/","title":{"rendered":"Simre\u2019nin Gizemi"},"content":{"rendered":"<p>\u201c\u00d6ncelikle yapman gereken buydu. Zira yery\u00fcz\u00fcnde o kadar \u00e7ok toprak maliki var ki onlar kendilerinin asla yok olmayaca\u011f\u0131 masallar\u0131n\u0131 anlat\u0131p, kendi emri alt\u0131ndaki b\u00fct\u00fcn canl\u0131lara kendilerini \u00fcst\u00fcn tutup, b\u00f6ylece benim kudretimi ve onlara ba\u011f\u0131\u015flad\u0131\u011f\u0131m g\u00fcc\u00fc ve ya\u015fam\u0131 k\u00fc\u00e7\u00fck bir hediye olarak g\u00f6rd\u00fcler. Ba\u015flar\u0131na gelebilecek b\u00fcy\u00fck belay\u0131 ne yaz\u0131k ki umursamad\u0131lar. B\u00fcy\u00fckl\u00fck taslad\u0131klar\u0131 kibirlerini kam\u00e7\u0131layan ruhlar\u0131n\u0131 da s\u00f6k\u00fcp almak icap etti. \u0130\u015fte o at\u0131llar\u0131n yery\u00fcz\u00fcnde tek bildi\u011fi \u015fey h\u00fck\u00fcm sahibi olarak kendilerini g\u00f6stermeleri ve gereksiz yere ta\u015fk\u0131nl\u0131k yapmalar\u0131yd\u0131. Onlar\u0131 b\u00f6yle susturdum. Hem de kendi atalar\u0131n\u0131n farkl\u0131 soyundan gelen b\u00fcy\u00fck sava\u015f\u00e7\u0131 Mineva ile.\u201d   Mehmet Fatih Aydemir, yaratt\u0131\u011f\u0131 mitolojik evrende \u0130yna&#8217;n\u0131n iyili\u011fin h\u00fckm\u00fc i\u00e7in giri\u015fti\u011fi m\u00fccadeleleri edebi bir dille okurlar\u0131na sunuyor.<\/p>\n","protected":false},"excerpt":{"rendered":"<p>\u201c\u00d6ncelikle yapman gereken buydu. Zira yery\u00fcz\u00fcnde o kadar \u00e7ok toprak maliki var ki onlar kendilerinin asla yok olmayaca\u011f\u0131 masallar\u0131n\u0131 anlat\u0131p, kendi emri alt\u0131ndaki b\u00fct\u00fcn canl\u0131lara kendilerini<span class=\"excerpt-hellip\"> [\u2026]<\/span><\/p>\n","protected":false},"featured_media":0,"template":"","meta":{"_monsterinsights_skip_tracking":false,"_monsterinsights_sitenote_active":false,"_monsterinsights_sitenote_note":"","_monsterinsights_sitenote_category":0},"product_brand":[],"product_cat":[12291,14777],"product_tag":[],"class_list":{"0":"post-753317","1":"product","2":"type-product","3":"status-publish","5":"product_cat-edebiyat","6":"product_cat-fantastik","7":"pa_cilt-ciltsiz","8":"pa_tur-kitap","9":"pa_yayinevi-perseus","10":"pa_yazar-fatih-mehmet-aydemir","12":"first","13":"instock","14":"sale","15":"shipping-taxable","16":"purchasable","17":"product-type-simple"},"_links":{"self":[{"href":"https:\/\/roveyayinevi.com.tr\/index.php\/wp-json\/wp\/v2\/product\/753317","targetHints":{"allow":["GET"]}}],"collection":[{"href":"https:\/\/roveyayinevi.com.tr\/index.php\/wp-json\/wp\/v2\/product"}],"about":[{"href":"https:\/\/roveyayinevi.com.tr\/index.php\/wp-json\/wp\/v2\/types\/product"}],"wp:attachment":[{"href":"https:\/\/roveyayinevi.com.tr\/index.php\/wp-json\/wp\/v2\/media?parent=753317"}],"wp:term":[{"taxonomy":"product_brand","embeddable":true,"href":"https:\/\/roveyayinevi.com.tr\/index.php\/wp-json\/wp\/v2\/product_brand?post=753317"},{"taxonomy":"product_cat","embeddable":true,"href":"https:\/\/roveyayinevi.com.tr\/index.php\/wp-json\/wp\/v2\/product_cat?post=753317"},{"taxonomy":"product_tag","embeddable":true,"href":"https:\/\/roveyayinevi.com.tr\/index.php\/wp-json\/wp\/v2\/product_tag?post=753317"}],"curies":[{"name":"wp","href":"https:\/\/api.w.org\/{rel}","templated":true}]}}