{"id":753314,"date":"2025-08-28T05:40:06","date_gmt":"2025-08-28T02:40:06","guid":{"rendered":"https:\/\/roveyayinevi.com.tr\/index.php\/urun\/limon\/"},"modified":"2026-04-16T03:06:44","modified_gmt":"2026-04-16T00:06:44","slug":"limon","status":"publish","type":"product","link":"https:\/\/roveyayinevi.com.tr\/index.php\/urun\/limon\/","title":{"rendered":"Limon"},"content":{"rendered":"<p>Gen\u00e7 bir kad\u0131n\u0131n, sokak kedisi gibi sevgi aray\u0131\u015f\u0131ndaki kazas\u0131\u2026   Kozas\u0131na tutunan bir kelebek gibi ya\u015fay\u0131\u015f\u0131\u2026   Tuz, \u015feker ve unla saklad\u0131\u011f\u0131 y\u00fcz\u00fcn\u00fc, melodilerle sahnedeki spot \u0131\u015f\u0131klar\u0131n\u0131n alt\u0131na \u00e7evirmesi\u2026   Tan\u0131d\u0131k bir bi\u00e7imde ferah kokulu ihtiyar birinin h\u00fcz\u00fcnl\u00fc s\u0131cakl\u0131\u011f\u0131yla birle\u015fen kaderi\u2026<\/p>\n","protected":false},"excerpt":{"rendered":"<p>Gen\u00e7 bir kad\u0131n\u0131n, sokak kedisi gibi sevgi aray\u0131\u015f\u0131ndaki kazas\u0131\u2026 Kozas\u0131na tutunan bir kelebek gibi ya\u015fay\u0131\u015f\u0131\u2026 Tuz, \u015feker ve unla saklad\u0131\u011f\u0131 y\u00fcz\u00fcn\u00fc, melodilerle sahnedeki spot \u0131\u015f\u0131klar\u0131n\u0131n alt\u0131na<span class=\"excerpt-hellip\"> [\u2026]<\/span><\/p>\n","protected":false},"featured_media":0,"template":"","meta":{"_monsterinsights_skip_tracking":false,"_monsterinsights_sitenote_active":false,"_monsterinsights_sitenote_note":"","_monsterinsights_sitenote_category":0},"product_brand":[],"product_cat":[12291,12711],"product_tag":[],"class_list":{"0":"post-753314","1":"product","2":"type-product","3":"status-publish","5":"product_cat-edebiyat","6":"product_cat-roman-oyku","7":"pa_cilt-ciltsiz","8":"pa_tur-kitap","9":"pa_yayinevi-elpis-yayinlari","10":"pa_yazar-melis-uysal","12":"first","13":"instock","14":"sale","15":"shipping-taxable","16":"purchasable","17":"product-type-simple"},"_links":{"self":[{"href":"https:\/\/roveyayinevi.com.tr\/index.php\/wp-json\/wp\/v2\/product\/753314","targetHints":{"allow":["GET"]}}],"collection":[{"href":"https:\/\/roveyayinevi.com.tr\/index.php\/wp-json\/wp\/v2\/product"}],"about":[{"href":"https:\/\/roveyayinevi.com.tr\/index.php\/wp-json\/wp\/v2\/types\/product"}],"wp:attachment":[{"href":"https:\/\/roveyayinevi.com.tr\/index.php\/wp-json\/wp\/v2\/media?parent=753314"}],"wp:term":[{"taxonomy":"product_brand","embeddable":true,"href":"https:\/\/roveyayinevi.com.tr\/index.php\/wp-json\/wp\/v2\/product_brand?post=753314"},{"taxonomy":"product_cat","embeddable":true,"href":"https:\/\/roveyayinevi.com.tr\/index.php\/wp-json\/wp\/v2\/product_cat?post=753314"},{"taxonomy":"product_tag","embeddable":true,"href":"https:\/\/roveyayinevi.com.tr\/index.php\/wp-json\/wp\/v2\/product_tag?post=753314"}],"curies":[{"name":"wp","href":"https:\/\/api.w.org\/{rel}","templated":true}]}}