{"id":753313,"date":"2025-08-28T05:40:04","date_gmt":"2025-08-28T02:40:04","guid":{"rendered":"https:\/\/roveyayinevi.com.tr\/index.php\/urun\/fenomen\/"},"modified":"2026-04-16T03:06:44","modified_gmt":"2026-04-16T00:06:44","slug":"fenomen","status":"publish","type":"product","link":"https:\/\/roveyayinevi.com.tr\/index.php\/urun\/fenomen\/","title":{"rendered":"Fenomen"},"content":{"rendered":"<p>\u201cSerin bir r\u00fczg\u00e2r a\u00e7\u0131k tavandan odaya girdi. \u00d6nce k\u0131z\u0131n sar\u0131 sa\u00e7lar\u0131n\u0131 havaland\u0131rd\u0131, ard\u0131ndan \u015fiddet-lendi. G\u00f6r\u00fcnmez bir hortum gibi k\u0131z\u0131 ortas\u0131na al\u0131p havaland\u0131rd\u0131. K\u0131z korkudan g\u00f6zlerini kapatm\u0131\u015ft\u0131 ancak kapal\u0131 g\u00f6z kapaklar\u0131 f\u0131rt\u0131nan\u0131n yaratt\u0131\u011f\u0131 \u015fim-\u015fekleri g\u00f6rmesini engelleyemiyordu\u2026\u201d Sorular\u0131na cevap bulmak i\u00e7in yola \u00e7\u0131kan dergi edit\u00f6r\u00fc bir gen\u00e7 k\u0131z ile hayatlar sat\u0131n alarak ya\u015fayan zengin bir gen\u00e7 adam\u0131n yollar\u0131 kesi\u015firse ne olur? \u00d6l\u00fcm\u00fc bekleyen ya\u015fl\u0131 bir adam\u0131n ev sahipli\u011finde ya\u015fananlara a\u015fk denir mi? \u0130nsanlar\u0131n i\u00e7 d\u00fcnyalar\u0131n\u0131, a\u00e7mazlar\u0131n\u0131, \u00e7eli\u015fkileri-ni okuyucular\u0131na bir ayna gibi yans\u0131tan G\u00fcrkan U\u011fur\u2019un ustal\u0131kla yaz\u0131lm\u0131\u015f bu kitab\u0131, \u00f6zg\u00fcnl\u00fc\u011f\u00fc ve s\u00fcr\u00fckleyicili\u011fi ile okunmaya de\u011fer. <\/p>\n","protected":false},"excerpt":{"rendered":"<p>\u201cSerin bir r\u00fczg\u00e2r a\u00e7\u0131k tavandan odaya girdi. \u00d6nce k\u0131z\u0131n sar\u0131 sa\u00e7lar\u0131n\u0131 havaland\u0131rd\u0131, ard\u0131ndan \u015fiddet-lendi. G\u00f6r\u00fcnmez bir hortum gibi k\u0131z\u0131 ortas\u0131na al\u0131p havaland\u0131rd\u0131. K\u0131z korkudan g\u00f6zlerini kapatm\u0131\u015ft\u0131<span class=\"excerpt-hellip\"> [\u2026]<\/span><\/p>\n","protected":false},"featured_media":0,"template":"","meta":{"_monsterinsights_skip_tracking":false,"_monsterinsights_sitenote_active":false,"_monsterinsights_sitenote_note":"","_monsterinsights_sitenote_category":0},"product_brand":[],"product_cat":[12291,12711],"product_tag":[],"class_list":{"0":"post-753313","1":"product","2":"type-product","3":"status-publish","5":"product_cat-edebiyat","6":"product_cat-roman-oyku","7":"pa_cilt-ciltsiz","8":"pa_tur-kitap","9":"pa_yayinevi-perseus","10":"pa_yazar-gurkan-ugur","12":"first","13":"instock","14":"sale","15":"shipping-taxable","16":"purchasable","17":"product-type-simple"},"_links":{"self":[{"href":"https:\/\/roveyayinevi.com.tr\/index.php\/wp-json\/wp\/v2\/product\/753313","targetHints":{"allow":["GET"]}}],"collection":[{"href":"https:\/\/roveyayinevi.com.tr\/index.php\/wp-json\/wp\/v2\/product"}],"about":[{"href":"https:\/\/roveyayinevi.com.tr\/index.php\/wp-json\/wp\/v2\/types\/product"}],"wp:attachment":[{"href":"https:\/\/roveyayinevi.com.tr\/index.php\/wp-json\/wp\/v2\/media?parent=753313"}],"wp:term":[{"taxonomy":"product_brand","embeddable":true,"href":"https:\/\/roveyayinevi.com.tr\/index.php\/wp-json\/wp\/v2\/product_brand?post=753313"},{"taxonomy":"product_cat","embeddable":true,"href":"https:\/\/roveyayinevi.com.tr\/index.php\/wp-json\/wp\/v2\/product_cat?post=753313"},{"taxonomy":"product_tag","embeddable":true,"href":"https:\/\/roveyayinevi.com.tr\/index.php\/wp-json\/wp\/v2\/product_tag?post=753313"}],"curies":[{"name":"wp","href":"https:\/\/api.w.org\/{rel}","templated":true}]}}