{"id":753311,"date":"2025-08-28T05:40:00","date_gmt":"2025-08-28T02:40:00","guid":{"rendered":"https:\/\/roveyayinevi.com.tr\/index.php\/urun\/kibrista-mevlitci-kadinlar-ve-mevlit-gelenegi\/"},"modified":"2026-04-16T03:06:44","modified_gmt":"2026-04-16T00:06:44","slug":"kibrista-mevlitci-kadinlar-ve-mevlit-gelenegi","status":"publish","type":"product","link":"https:\/\/roveyayinevi.com.tr\/index.php\/urun\/kibrista-mevlitci-kadinlar-ve-mevlit-gelenegi\/","title":{"rendered":"K\u0131br\u0131s&#8217;ta Mevlit\u00e7i Kad\u0131nlar ve Mevlit Gelene\u011fi"},"content":{"rendered":"<p>Kad\u0131n\u0131n dinsel yolculu\u011funa dair hik\u00e2yesinin anlat\u0131ld\u0131\u011f\u0131 bu kitapta, mevlit\u00e7ilik mesle\u011fi ve mevlit gelene\u011findeki inan\u00e7, rit\u00fcel ve pratikler \u00fczerinden tarihsel yolculu\u011fun izleri s\u00fcr\u00fclerek, K\u0131br\u0131s adas\u0131ndaki inanca dair somut olmayan k\u00fclt\u00fcrel miras\u0131n kayd\u0131 tutulmu\u015ftur. Kitapta, K\u0131br\u0131sl\u0131 T\u00fcrk kad\u0131nlar\u0131n merkezinde yer ald\u0131\u011f\u0131; mevlide dair inan\u00e7 ve icralar, mevlit\u00e7inin psiko-sosyolojik a\u00e7\u0131dan yeti\u015fme \u015fartlar\u0131, usta-\u00e7\u0131rak ili\u015fkisine dair bilgi ve deneyimleri, rit\u00fcellerin icra edili\u015f bi\u00e7imi, toplumsal s\u00fcre\u00e7te inan\u00e7sal boyutuyla yer alma \u015fekli, mevlit ve mevlit\u00e7ili\u011fin i\u015flevleri ayn\u0131 zamanda de\u011fi\u015fim-d\u00f6n\u00fc\u015f\u00fcm\u00fc, mevlit gelene\u011finden hareketle g\u00f6r\u00fcn\u00fcr k\u0131l\u0131nmaya \u00e7al\u0131\u015f\u0131lm\u0131\u015ft\u0131r. Kad\u0131n kaleminden kad\u0131n deneyimlerinin anlat\u0131ld\u0131\u011f\u0131 bu \u00e7al\u0131\u015fman\u0131n, konuyla ilgili di\u011fer \u00e7al\u0131\u015fmalara \u00f6rnek te\u015fkil etmesi ve literat\u00fcre katk\u0131 sa\u011flamas\u0131 temennisiyle\u2026<\/p>\n","protected":false},"excerpt":{"rendered":"<p>Kad\u0131n\u0131n dinsel yolculu\u011funa dair hik\u00e2yesinin anlat\u0131ld\u0131\u011f\u0131 bu kitapta, mevlit\u00e7ilik mesle\u011fi ve mevlit gelene\u011findeki inan\u00e7, rit\u00fcel ve pratikler \u00fczerinden tarihsel yolculu\u011fun izleri s\u00fcr\u00fclerek, K\u0131br\u0131s adas\u0131ndaki inanca dair<span class=\"excerpt-hellip\"> [\u2026]<\/span><\/p>\n","protected":false},"featured_media":0,"template":"","meta":{"_monsterinsights_skip_tracking":false,"_monsterinsights_sitenote_active":false,"_monsterinsights_sitenote_note":"","_monsterinsights_sitenote_category":0},"product_brand":[],"product_cat":[12718,12719],"product_tag":[],"class_list":{"0":"post-753311","1":"product","2":"type-product","3":"status-publish","5":"product_cat-din","6":"product_cat-islam","7":"pa_cilt-ciltsiz","8":"pa_tur-kitap","9":"pa_yayinevi-soncag-akademik-kitaplar","10":"pa_yazar-gonul-reyhanoglu","12":"first","13":"instock","14":"sale","15":"shipping-taxable","16":"purchasable","17":"product-type-simple"},"_links":{"self":[{"href":"https:\/\/roveyayinevi.com.tr\/index.php\/wp-json\/wp\/v2\/product\/753311","targetHints":{"allow":["GET"]}}],"collection":[{"href":"https:\/\/roveyayinevi.com.tr\/index.php\/wp-json\/wp\/v2\/product"}],"about":[{"href":"https:\/\/roveyayinevi.com.tr\/index.php\/wp-json\/wp\/v2\/types\/product"}],"wp:attachment":[{"href":"https:\/\/roveyayinevi.com.tr\/index.php\/wp-json\/wp\/v2\/media?parent=753311"}],"wp:term":[{"taxonomy":"product_brand","embeddable":true,"href":"https:\/\/roveyayinevi.com.tr\/index.php\/wp-json\/wp\/v2\/product_brand?post=753311"},{"taxonomy":"product_cat","embeddable":true,"href":"https:\/\/roveyayinevi.com.tr\/index.php\/wp-json\/wp\/v2\/product_cat?post=753311"},{"taxonomy":"product_tag","embeddable":true,"href":"https:\/\/roveyayinevi.com.tr\/index.php\/wp-json\/wp\/v2\/product_tag?post=753311"}],"curies":[{"name":"wp","href":"https:\/\/api.w.org\/{rel}","templated":true}]}}