{"id":753309,"date":"2025-08-28T05:39:57","date_gmt":"2025-08-28T02:39:57","guid":{"rendered":"https:\/\/roveyayinevi.com.tr\/index.php\/urun\/beste-naiboglu-piyano-etutleri\/"},"modified":"2026-04-16T03:06:44","modified_gmt":"2026-04-16T00:06:44","slug":"beste-naiboglu-piyano-etutleri","status":"publish","type":"product","link":"https:\/\/roveyayinevi.com.tr\/index.php\/urun\/beste-naiboglu-piyano-etutleri\/","title":{"rendered":"Beste Naibo\u011flu Piyano Et\u00fctleri"},"content":{"rendered":"<p>Yeni ba\u015flayan piyanistler i\u00e7in harika bir \u00e7al\u0131\u015fma. Son derece geli\u015ftirici ve \u00f6\u011fretici olan bu g\u00fczel metodu piyano \u00e7almaya yeni ba\u015flayan piyanistlere ve meslekta\u015flar\u0131ma tavsiye ediyorum. * * * It is a great study for beginner pianists. I recommend this beautiful method, which is extremely developing and instructive, to pianists and colleagues who are just starting to play the piano. * * * Odli\u010dna praksa za pijaniste po\u010detnike.  Ovu prelepu metodu, koja je izuzetno pou\u010dna i pou\u010dna, preporu\u010dujem pijanistima i kolegama koji su tek po\u010deli da sviraju klavir.   Prof. G\u00f6khan AYBULUS Piyanist \/ Pianist \/ Pijanist * * * Beste Nabio\u011flu&#8217;nun bu \u00e7al\u0131\u015fmas\u0131 c\u00fcmle ba\u011flar\u0131 ile teknik motifleri geli\u015ftirmeyi de hedeflemi\u015ftir. Farkl\u0131 seviyelerdeki ba\u015flang\u0131\u00e7 ve sonras\u0131 piyano \u00e7alanlar i\u00e7in destekleyici egzersizlerdir. * * * This work of Beste Nabio\u011flu also aimed to develop sentence ties and technical motifs. The beginning and after at different levels are supportive exercises for piano players. * * * Ova studija Beste Nabio\u011flu tako\u0111er ima za cilj razvoj motiva tehnike vezivanja zvu\u010dnih cjelina. Ovo su vje\u017ebe podr\u0161ke za pijaniste razli\u010ditih nivoa, po\u010detnike i one poslije njih.   Prof. Hande DALKILI\u00c7, Piyanist \/ Pianist\/ Pijanistica <\/p>\n","protected":false},"excerpt":{"rendered":"<p>Yeni ba\u015flayan piyanistler i\u00e7in harika bir \u00e7al\u0131\u015fma. Son derece geli\u015ftirici ve \u00f6\u011fretici olan bu g\u00fczel metodu piyano \u00e7almaya yeni ba\u015flayan piyanistlere ve meslekta\u015flar\u0131ma tavsiye ediyorum. *<span class=\"excerpt-hellip\"> [\u2026]<\/span><\/p>\n","protected":false},"featured_media":0,"template":"","meta":{"_monsterinsights_skip_tracking":false,"_monsterinsights_sitenote_active":false,"_monsterinsights_sitenote_note":"","_monsterinsights_sitenote_category":0},"product_brand":[],"product_cat":[14556],"product_tag":[],"class_list":{"0":"post-753309","1":"product","2":"type-product","3":"status-publish","5":"product_cat-muzik","6":"pa_cilt-ciltsiz","7":"pa_tur-kitap","8":"pa_yayinevi-muzik-egitimi-yayinlari","9":"pa_yazar-beste-naiboglu","11":"first","12":"instock","13":"sale","14":"shipping-taxable","15":"purchasable","16":"product-type-simple"},"_links":{"self":[{"href":"https:\/\/roveyayinevi.com.tr\/index.php\/wp-json\/wp\/v2\/product\/753309","targetHints":{"allow":["GET"]}}],"collection":[{"href":"https:\/\/roveyayinevi.com.tr\/index.php\/wp-json\/wp\/v2\/product"}],"about":[{"href":"https:\/\/roveyayinevi.com.tr\/index.php\/wp-json\/wp\/v2\/types\/product"}],"wp:attachment":[{"href":"https:\/\/roveyayinevi.com.tr\/index.php\/wp-json\/wp\/v2\/media?parent=753309"}],"wp:term":[{"taxonomy":"product_brand","embeddable":true,"href":"https:\/\/roveyayinevi.com.tr\/index.php\/wp-json\/wp\/v2\/product_brand?post=753309"},{"taxonomy":"product_cat","embeddable":true,"href":"https:\/\/roveyayinevi.com.tr\/index.php\/wp-json\/wp\/v2\/product_cat?post=753309"},{"taxonomy":"product_tag","embeddable":true,"href":"https:\/\/roveyayinevi.com.tr\/index.php\/wp-json\/wp\/v2\/product_tag?post=753309"}],"curies":[{"name":"wp","href":"https:\/\/api.w.org\/{rel}","templated":true}]}}