{"id":753308,"date":"2025-08-28T05:39:56","date_gmt":"2025-08-28T02:39:56","guid":{"rendered":"https:\/\/roveyayinevi.com.tr\/index.php\/urun\/garip-bir-sapka\/"},"modified":"2026-04-16T03:06:44","modified_gmt":"2026-04-16T00:06:44","slug":"garip-bir-sapka","status":"publish","type":"product","link":"https:\/\/roveyayinevi.com.tr\/index.php\/urun\/garip-bir-sapka\/","title":{"rendered":"Garip Bir \u015eapka"},"content":{"rendered":"<p>Garip \u015fapkas\u0131yla Tarla ku\u015fu, yavrucan parklar\u0131n\u0131 dola\u015f\u0131p \u00f6yk\u00fcler anlat\u0131yordu. Yavrucanlar kimi zaman Tarla ku\u015funun kaybolan atk\u0131s\u0131n\u0131 ar\u0131yorlard\u0131. Kimi zaman ise Tarla ku\u015funu dev bir \u00f6r\u00fcmcekten kurtarmaya \u00e7al\u0131\u015f\u0131yorlard\u0131. T\u00fcm bunlar\u0131 yapmak o kadar e\u011flenceliydi ki! G\u00fcnler, haftalar, aylar ge\u00e7iyordu. Tarla ku\u015fu art\u0131k yavrucan parklar\u0131na neden gelmiyordu?   Yoksa yoksaaaa ba\u015f\u0131na bir \u015fey mi gelmi\u015fti? <\/p>\n","protected":false},"excerpt":{"rendered":"<p>Garip \u015fapkas\u0131yla Tarla ku\u015fu, yavrucan parklar\u0131n\u0131 dola\u015f\u0131p \u00f6yk\u00fcler anlat\u0131yordu. Yavrucanlar kimi zaman Tarla ku\u015funun kaybolan atk\u0131s\u0131n\u0131 ar\u0131yorlard\u0131. Kimi zaman ise Tarla ku\u015funu dev bir \u00f6r\u00fcmcekten kurtarmaya<span class=\"excerpt-hellip\"> [\u2026]<\/span><\/p>\n","protected":false},"featured_media":0,"template":"","meta":{"_monsterinsights_skip_tracking":false,"_monsterinsights_sitenote_active":false,"_monsterinsights_sitenote_note":"","_monsterinsights_sitenote_category":0},"product_brand":[],"product_cat":[12274],"product_tag":[],"class_list":{"0":"post-753308","1":"product","2":"type-product","3":"status-publish","5":"product_cat-cocuk-ve-genclik-kitaplari","6":"pa_cilt-ciltsiz","7":"pa_tur-kitap","8":"pa_yayinevi-gulnar-yayinlari","9":"pa_yazar-emel-baser","11":"first","12":"instock","13":"sale","14":"shipping-taxable","15":"purchasable","16":"product-type-simple"},"_links":{"self":[{"href":"https:\/\/roveyayinevi.com.tr\/index.php\/wp-json\/wp\/v2\/product\/753308","targetHints":{"allow":["GET"]}}],"collection":[{"href":"https:\/\/roveyayinevi.com.tr\/index.php\/wp-json\/wp\/v2\/product"}],"about":[{"href":"https:\/\/roveyayinevi.com.tr\/index.php\/wp-json\/wp\/v2\/types\/product"}],"wp:attachment":[{"href":"https:\/\/roveyayinevi.com.tr\/index.php\/wp-json\/wp\/v2\/media?parent=753308"}],"wp:term":[{"taxonomy":"product_brand","embeddable":true,"href":"https:\/\/roveyayinevi.com.tr\/index.php\/wp-json\/wp\/v2\/product_brand?post=753308"},{"taxonomy":"product_cat","embeddable":true,"href":"https:\/\/roveyayinevi.com.tr\/index.php\/wp-json\/wp\/v2\/product_cat?post=753308"},{"taxonomy":"product_tag","embeddable":true,"href":"https:\/\/roveyayinevi.com.tr\/index.php\/wp-json\/wp\/v2\/product_tag?post=753308"}],"curies":[{"name":"wp","href":"https:\/\/api.w.org\/{rel}","templated":true}]}}