{"id":753307,"date":"2025-08-28T05:39:54","date_gmt":"2025-08-28T02:39:54","guid":{"rendered":"https:\/\/roveyayinevi.com.tr\/index.php\/urun\/yonetim-ve-insan\/"},"modified":"2026-04-16T03:06:44","modified_gmt":"2026-04-16T00:06:44","slug":"yonetim-ve-insan","status":"publish","type":"product","link":"https:\/\/roveyayinevi.com.tr\/index.php\/urun\/yonetim-ve-insan\/","title":{"rendered":"Y\u00f6netim ve \u0130nsan"},"content":{"rendered":"<p>Dr. Alper Alkan, 1974 y\u0131l\u0131nda Ankara\u2019da do\u011fdu. \u0130lkokulunda Trabzon Dumlup\u0131nar\u2019da, Liseyi Trabzon Anadolu Lisesinde bitirdi. 1996 y\u0131l\u0131nda Ankara \u00dcniversitesi Di\u015f Hekimli\u011fi Fak\u00fcltesinde lisans e\u011fitimini tamamlad\u0131. 2001 y\u0131l\u0131nda Ankara \u00dcniversitesi Farmakoloji Ana Bilim Dal\u0131nda y\u00fcksek lisans\u0131n\u0131 yapt\u0131ktan sonra Ankara&#8217;da Gen\u00e7 Sa\u011fl\u0131k Ara Elemanlar\u0131n\u0131n \u0130stihdam\u0131 adl\u0131 projede yer ald\u0131. Ayr\u0131ca, Anadolu \u00dcniversitesi Sa\u011fl\u0131k Y\u00f6netimini 2021 y\u0131l\u0131nda okuyarak, 2. \u00dcniversiteden mezun olan Alkan, bir d\u00f6nem de Oral \u0130mplant Akademisi Derne\u011findeki g\u00f6rev yapt\u0131.   2001-2002 y\u0131llar\u0131nda Tunceli Hozat Jandarma komanda taburunda di\u015f tabip aste\u011fmen olarak askerlik g\u00f6revini tamamlad\u0131. Ankara Di\u015f Hekimleri Odas\u0131\u2019nda 12. D\u00f6nemde denetleme kurulu \u00fcyeli\u011fi, 13. Ve 14. d\u00f6nemlerde Oda Sayman\u0131 g\u00f6revlerinde bulundu. 1996 y\u0131l\u0131ndan beri \u00f6zel muayenehanesinde di\u015f hekimi olarak \u00e7al\u0131\u015fmaktad\u0131r. 1. kademe Kick Boks antren\u00f6rl\u00fc\u011f\u00fc de bulunan Alper Alkan evli ve iki \u00e7ocuk babas\u0131d\u0131r.   Dr. Alper Alkan gen\u00e7lik y\u0131llar\u0131nda edebiyata ilgi g\u00f6stermi\u015f, dokuz hik\u00e2yeden olu\u015fan yazm\u0131\u015f oldu\u011fu \u201c\u015eark\u0131s\u0131z \u0130nsanlar\u201d kitab\u0131n\u0131n ard\u0131ndan yine dokuz b\u00f6l\u00fcmden olu\u015fan \u201cY\u00f6netim ve \u0130nsan\u201d eserini ortaya koymu\u015ftur.   Dr. Alper Alkan; y\u00f6netim ve insan aras\u0131ndaki ince ili\u015fkiyi tarihi ve sosyoloji alan\u0131ndan da faydalanarak kaleme alm\u0131\u015f, ba\u015far\u0131l\u0131 bir i\u015f birli\u011fi ile organizasyonun ba\u015far\u0131l\u0131 bir grubun y\u00f6netiminden ge\u00e7ti\u011fini bu kitapta anlatm\u0131\u015ft\u0131r. <\/p>\n","protected":false},"excerpt":{"rendered":"<p>Dr. Alper Alkan, 1974 y\u0131l\u0131nda Ankara\u2019da do\u011fdu. \u0130lkokulunda Trabzon Dumlup\u0131nar\u2019da, Liseyi Trabzon Anadolu Lisesinde bitirdi. 1996 y\u0131l\u0131nda Ankara \u00dcniversitesi Di\u015f Hekimli\u011fi Fak\u00fcltesinde lisans e\u011fitimini tamamlad\u0131. 2001<span class=\"excerpt-hellip\"> [\u2026]<\/span><\/p>\n","protected":false},"featured_media":0,"template":"","meta":{"_monsterinsights_skip_tracking":false,"_monsterinsights_sitenote_active":false,"_monsterinsights_sitenote_note":"","_monsterinsights_sitenote_category":0},"product_brand":[],"product_cat":[12777,12291],"product_tag":[],"class_list":{"0":"post-753307","1":"product","2":"type-product","3":"status-publish","5":"product_cat-deneme","6":"product_cat-edebiyat","7":"pa_cilt-ciltsiz","8":"pa_tur-kitap","9":"pa_yayinevi-gulnar-yayinlari","10":"pa_yazar-alper-alkan","12":"first","13":"instock","14":"sale","15":"shipping-taxable","16":"purchasable","17":"product-type-simple"},"_links":{"self":[{"href":"https:\/\/roveyayinevi.com.tr\/index.php\/wp-json\/wp\/v2\/product\/753307","targetHints":{"allow":["GET"]}}],"collection":[{"href":"https:\/\/roveyayinevi.com.tr\/index.php\/wp-json\/wp\/v2\/product"}],"about":[{"href":"https:\/\/roveyayinevi.com.tr\/index.php\/wp-json\/wp\/v2\/types\/product"}],"wp:attachment":[{"href":"https:\/\/roveyayinevi.com.tr\/index.php\/wp-json\/wp\/v2\/media?parent=753307"}],"wp:term":[{"taxonomy":"product_brand","embeddable":true,"href":"https:\/\/roveyayinevi.com.tr\/index.php\/wp-json\/wp\/v2\/product_brand?post=753307"},{"taxonomy":"product_cat","embeddable":true,"href":"https:\/\/roveyayinevi.com.tr\/index.php\/wp-json\/wp\/v2\/product_cat?post=753307"},{"taxonomy":"product_tag","embeddable":true,"href":"https:\/\/roveyayinevi.com.tr\/index.php\/wp-json\/wp\/v2\/product_tag?post=753307"}],"curies":[{"name":"wp","href":"https:\/\/api.w.org\/{rel}","templated":true}]}}