{"id":753302,"date":"2025-08-28T05:39:44","date_gmt":"2025-08-28T02:39:44","guid":{"rendered":"https:\/\/roveyayinevi.com.tr\/index.php\/urun\/goblin-slayer-goblin-avcisi-5\/"},"modified":"2026-04-16T03:06:43","modified_gmt":"2026-04-16T00:06:43","slug":"goblin-slayer-goblin-avcisi-5","status":"publish","type":"product","link":"https:\/\/roveyayinevi.com.tr\/index.php\/urun\/goblin-slayer-goblin-avcisi-5\/","title":{"rendered":"Goblin Slayer &#8211; Goblin Avc\u0131s\u0131 5"},"content":{"rendered":"<p>K\u0131l\u0131\u00e7l\u0131 Gen\u00e7 K\u0131za yard\u0131m etmek i\u00e7in \u00e7\u0131kt\u0131klar\u0131 g\u00f6revde Goblin Avc\u0131s\u0131 ve ekibi, kahraman goblinin liderlik etti\u011fi kalabal\u0131k bir goblin s\u00fcr\u00fcs\u00fc taraf\u0131ndan pusuya d\u00fc\u015f\u00fcr\u00fcl\u00fcr! Bu tehdit ne kadar heybetli olsa da macerac\u0131lar\u0131, goblinlerin \u00f6nemli bir s\u0131rr\u0131n\u0131 korudu\u011funu ke\u015ffedecekleri \u015feytani tan\u0131d\u0131\u011fa haz\u0131rlamaktan \u00e7ok uzakt\u0131r. Su kasabas\u0131n\u0131n alt\u0131nda hangi yeni deh\u015fetengiz yarat\u0131klar ya\u015f\u0131yor? Goblin Slayer, her cildini nefesinizi tutarak okuyaca\u011f\u0131n\u0131z aksiyon dolu bir macera&#8230;.<\/p>\n","protected":false},"excerpt":{"rendered":"<p>K\u0131l\u0131\u00e7l\u0131 Gen\u00e7 K\u0131za yard\u0131m etmek i\u00e7in \u00e7\u0131kt\u0131klar\u0131 g\u00f6revde Goblin Avc\u0131s\u0131 ve ekibi, kahraman goblinin liderlik etti\u011fi kalabal\u0131k bir goblin s\u00fcr\u00fcs\u00fc taraf\u0131ndan pusuya d\u00fc\u015f\u00fcr\u00fcl\u00fcr! Bu tehdit ne<span class=\"excerpt-hellip\"> [\u2026]<\/span><\/p>\n","protected":false},"featured_media":0,"template":"","meta":{"_monsterinsights_skip_tracking":false,"_monsterinsights_sitenote_active":false,"_monsterinsights_sitenote_note":"","_monsterinsights_sitenote_category":0},"product_brand":[],"product_cat":[12416,12291],"product_tag":[],"class_list":{"0":"post-753302","1":"product","2":"type-product","3":"status-publish","5":"product_cat-cizgi-roman","6":"product_cat-edebiyat","7":"pa_cilt-ciltsiz","8":"pa_tur-kitap","9":"pa_yayinevi-kurukafa","10":"pa_yazar-kumo-kagyu","12":"first","13":"instock","14":"sale","15":"shipping-taxable","16":"purchasable","17":"product-type-simple"},"_links":{"self":[{"href":"https:\/\/roveyayinevi.com.tr\/index.php\/wp-json\/wp\/v2\/product\/753302","targetHints":{"allow":["GET"]}}],"collection":[{"href":"https:\/\/roveyayinevi.com.tr\/index.php\/wp-json\/wp\/v2\/product"}],"about":[{"href":"https:\/\/roveyayinevi.com.tr\/index.php\/wp-json\/wp\/v2\/types\/product"}],"wp:attachment":[{"href":"https:\/\/roveyayinevi.com.tr\/index.php\/wp-json\/wp\/v2\/media?parent=753302"}],"wp:term":[{"taxonomy":"product_brand","embeddable":true,"href":"https:\/\/roveyayinevi.com.tr\/index.php\/wp-json\/wp\/v2\/product_brand?post=753302"},{"taxonomy":"product_cat","embeddable":true,"href":"https:\/\/roveyayinevi.com.tr\/index.php\/wp-json\/wp\/v2\/product_cat?post=753302"},{"taxonomy":"product_tag","embeddable":true,"href":"https:\/\/roveyayinevi.com.tr\/index.php\/wp-json\/wp\/v2\/product_tag?post=753302"}],"curies":[{"name":"wp","href":"https:\/\/api.w.org\/{rel}","templated":true}]}}