{"id":753300,"date":"2025-08-28T05:39:41","date_gmt":"2025-08-28T02:39:41","guid":{"rendered":"https:\/\/roveyayinevi.com.tr\/index.php\/urun\/sasmaz-bilimcinin-el-kitabi\/"},"modified":"2026-04-16T03:06:43","modified_gmt":"2026-04-16T00:06:43","slug":"sasmaz-bilimcinin-el-kitabi","status":"publish","type":"product","link":"https:\/\/roveyayinevi.com.tr\/index.php\/urun\/sasmaz-bilimcinin-el-kitabi\/","title":{"rendered":"\u015ea\u015fmaz Bilimcinin El Kitab\u0131"},"content":{"rendered":"<p>Basmakal\u0131p haber man\u015fetlerinin, internette t\u0131k almak i\u00e7in at\u0131lan taklalar\u0131n karanl\u0131\u011f\u0131n\u0131 bilimle ayd\u0131nlatman\u0131n vakti geldi!     Bilgiye ula\u015f\u0131m\u0131n kolayla\u015fmas\u0131 d\u00fcnyay\u0131 galat\u0131me\u015fhurlardan ve \u015fehir efsanelerinden kurtaramad\u0131. Haber kanallar\u0131, sosyal medya hesaplar\u0131 ve internet ki\u015filikleri payla\u015f\u0131mlar\u0131nda kli\u015feleri kullanmaya devam ederken, insanlar da hakikat aray\u0131\u015f\u0131n\u0131n zahmeti yerine al\u0131\u015fk\u0131n olduklar\u0131 kal\u0131plara inanmay\u0131 tercih ediyor: K\u00fcresel \u0131s\u0131nma, s\u00fcper g\u0131dalar, sa\u011f-sol beyinlili\u011fimiz ve ormanlar tabii ki ci\u011ferlerimiz\u2026 Sahi, art\u0131k duyars\u0131zla\u015facak kadar s\u0131k duydu\u011fumuz bu kavramlar bilimsel a\u00e7\u0131dan ne \u00f6l\u00e7\u00fcde ge\u00e7erli? Yazar R. Philip Bouchard, \u015ea\u015fmaz Bilimcinin El Kitab\u0131\u2019nda bu t\u00fcrden kli\u015feleri tersy\u00fcz ederek bu soru\u015fturmay\u0131 sizin yerinize yapt\u0131. Kitlelerin g\u00fcr\u00fclt\u00fcs\u00fcne kar\u015f\u0131 Do\u011frucu Davut olmaya c\u00fcret edenler ise yeni bir ba\u015fucu kitab\u0131 kazanm\u0131\u015fa benziyor.<\/p>\n","protected":false},"excerpt":{"rendered":"<p>Basmakal\u0131p haber man\u015fetlerinin, internette t\u0131k almak i\u00e7in at\u0131lan taklalar\u0131n karanl\u0131\u011f\u0131n\u0131 bilimle ayd\u0131nlatman\u0131n vakti geldi! Bilgiye ula\u015f\u0131m\u0131n kolayla\u015fmas\u0131 d\u00fcnyay\u0131 galat\u0131me\u015fhurlardan ve \u015fehir efsanelerinden kurtaramad\u0131. Haber kanallar\u0131, sosyal<span class=\"excerpt-hellip\"> [\u2026]<\/span><\/p>\n","protected":false},"featured_media":0,"template":"","meta":{"_monsterinsights_skip_tracking":false,"_monsterinsights_sitenote_active":false,"_monsterinsights_sitenote_note":"","_monsterinsights_sitenote_category":0},"product_brand":[],"product_cat":[13005],"product_tag":[],"class_list":{"0":"post-753300","1":"product","2":"type-product","3":"status-publish","5":"product_cat-bilim-muhendislik","6":"pa_cilt-ciltsiz","7":"pa_tur-kitap","8":"pa_yayinevi-okuyan-us-yayin","9":"pa_yazar-r-philip-bouchard","11":"first","12":"instock","13":"sale","14":"shipping-taxable","15":"purchasable","16":"product-type-simple"},"_links":{"self":[{"href":"https:\/\/roveyayinevi.com.tr\/index.php\/wp-json\/wp\/v2\/product\/753300","targetHints":{"allow":["GET"]}}],"collection":[{"href":"https:\/\/roveyayinevi.com.tr\/index.php\/wp-json\/wp\/v2\/product"}],"about":[{"href":"https:\/\/roveyayinevi.com.tr\/index.php\/wp-json\/wp\/v2\/types\/product"}],"wp:attachment":[{"href":"https:\/\/roveyayinevi.com.tr\/index.php\/wp-json\/wp\/v2\/media?parent=753300"}],"wp:term":[{"taxonomy":"product_brand","embeddable":true,"href":"https:\/\/roveyayinevi.com.tr\/index.php\/wp-json\/wp\/v2\/product_brand?post=753300"},{"taxonomy":"product_cat","embeddable":true,"href":"https:\/\/roveyayinevi.com.tr\/index.php\/wp-json\/wp\/v2\/product_cat?post=753300"},{"taxonomy":"product_tag","embeddable":true,"href":"https:\/\/roveyayinevi.com.tr\/index.php\/wp-json\/wp\/v2\/product_tag?post=753300"}],"curies":[{"name":"wp","href":"https:\/\/api.w.org\/{rel}","templated":true}]}}