{"id":753299,"date":"2025-08-28T05:39:40","date_gmt":"2025-08-28T02:39:40","guid":{"rendered":"https:\/\/roveyayinevi.com.tr\/index.php\/urun\/bir-sanat-olarak-ebeveyn-baskisi\/"},"modified":"2026-04-16T03:06:43","modified_gmt":"2026-04-16T00:06:43","slug":"bir-sanat-olarak-ebeveyn-baskisi","status":"publish","type":"product","link":"https:\/\/roveyayinevi.com.tr\/index.php\/urun\/bir-sanat-olarak-ebeveyn-baskisi\/","title":{"rendered":"Bir Sanat Olarak Ebeveyn Bask\u0131s\u0131"},"content":{"rendered":"<p>Her anne baba, evlad\u0131n\u0131nba\u015far\u0131l\u0131 olmas\u0131n\u0131 ister vebu u\u011furda elinden geleni yapar\u2026   Oysa bir ergeni hizaya sokmak, ba\u015f\u0131nda esen kavak yellerine kalkan olmak maharet gerektirir. Bir cambazl\u0131k i\u015fidir bu. Karar\u0131nda verilmeyen suyun \u00e7i\u00e7e\u011fi peri\u015fan etmesi gibi, ayars\u0131z bir bask\u0131 ters tepebilir. Kar\u015f\u0131l\u0131kl\u0131 g\u00fcven ve sevginin kal\u0131c\u0131 \u015fekilde zedelendi\u011fi hikayeleri kim ister ki? Bir Sanat Olarak Ebeveyn Bask\u0131s\u0131, bir anne baban\u0131n \u00e7ocu\u011funu bask\u0131lamas\u0131n\u0131n k\u00f6t\u00fc bir \u015fey oldu\u011funu d\u00fc\u015f\u00fcnen ki\u015filer taraf\u0131ndan yaz\u0131lmad\u0131. Okul psikolojisi ve aile ileti\u015fimi hususunda uzmanla\u015fm\u0131\u015f bu iki psikolo\u011fun d\u00fc\u015f\u00fcncesi net: \u00c7ocu\u011fu bask\u0131lamak m\u00fchim, ama bask\u0131n\u0131n niteli\u011fi daha m\u00fchim. \u00d6yleyse bir \u00e7ocu\u011fu ba\u015far\u0131l\u0131 bir yeti\u015fkin olma yoluna sokman\u0131n, ifrat tefritte kalmadan bask\u0131laman\u0131n ince ayar\u0131 nas\u0131l bir \u015feydir? Bir Sanat Olarak Ebeveyn Bask\u0131s\u0131, bu netameli sanat\u0131 t\u00fcm incelikleriyle okuyucusuyla bulu\u015fturuyor.<\/p>\n","protected":false},"excerpt":{"rendered":"<p>Her anne baba, evlad\u0131n\u0131nba\u015far\u0131l\u0131 olmas\u0131n\u0131 ister vebu u\u011furda elinden geleni yapar\u2026 Oysa bir ergeni hizaya sokmak, ba\u015f\u0131nda esen kavak yellerine kalkan olmak maharet gerektirir. Bir cambazl\u0131k<span class=\"excerpt-hellip\"> [\u2026]<\/span><\/p>\n","protected":false},"featured_media":0,"template":"","meta":{"_monsterinsights_skip_tracking":false,"_monsterinsights_sitenote_active":false,"_monsterinsights_sitenote_note":"","_monsterinsights_sitenote_category":0},"product_brand":[],"product_cat":[12357],"product_tag":[],"class_list":{"0":"post-753299","1":"product","2":"type-product","3":"status-publish","5":"product_cat-psikoloji","6":"pa_cilt-ciltsiz","7":"pa_tur-kitap","8":"pa_yayinevi-okuyan-us-yayin","9":"pa_yazar-chris-thurber-hendrie-weisinger","11":"first","12":"instock","13":"sale","14":"shipping-taxable","15":"purchasable","16":"product-type-simple"},"_links":{"self":[{"href":"https:\/\/roveyayinevi.com.tr\/index.php\/wp-json\/wp\/v2\/product\/753299","targetHints":{"allow":["GET"]}}],"collection":[{"href":"https:\/\/roveyayinevi.com.tr\/index.php\/wp-json\/wp\/v2\/product"}],"about":[{"href":"https:\/\/roveyayinevi.com.tr\/index.php\/wp-json\/wp\/v2\/types\/product"}],"wp:attachment":[{"href":"https:\/\/roveyayinevi.com.tr\/index.php\/wp-json\/wp\/v2\/media?parent=753299"}],"wp:term":[{"taxonomy":"product_brand","embeddable":true,"href":"https:\/\/roveyayinevi.com.tr\/index.php\/wp-json\/wp\/v2\/product_brand?post=753299"},{"taxonomy":"product_cat","embeddable":true,"href":"https:\/\/roveyayinevi.com.tr\/index.php\/wp-json\/wp\/v2\/product_cat?post=753299"},{"taxonomy":"product_tag","embeddable":true,"href":"https:\/\/roveyayinevi.com.tr\/index.php\/wp-json\/wp\/v2\/product_tag?post=753299"}],"curies":[{"name":"wp","href":"https:\/\/api.w.org\/{rel}","templated":true}]}}