{"id":753298,"date":"2025-08-28T05:39:38","date_gmt":"2025-08-28T02:39:38","guid":{"rendered":"https:\/\/roveyayinevi.com.tr\/index.php\/urun\/100-yasin-kutlu-olsun-ey-sanli-cumhuriyet\/"},"modified":"2026-04-16T03:06:43","modified_gmt":"2026-04-16T00:06:43","slug":"100-yasin-kutlu-olsun-ey-sanli-cumhuriyet","status":"publish","type":"product","link":"https:\/\/roveyayinevi.com.tr\/index.php\/urun\/100-yasin-kutlu-olsun-ey-sanli-cumhuriyet\/","title":{"rendered":"100 Ya\u015f\u0131n Kutlu Olsun Ey \u015eanl\u0131 Cumhuriyet!"},"content":{"rendered":"<p>Tarihi g\u00fcnlerdeyiz! Cumhuriyetimiz\u2019in, B\u00fcy\u00fck \u00d6nder Atat\u00fcrk\u2019\u00fcn, e\u015fsiz bir vizyon, emsalsiz  bir \u00e7aba ve ola\u011fan\u00fcst\u00fc bir ba\u015far\u0131 ile sa\u011flam temeller \u00fczerine kurup, bizlere emanet etti\u011fi \u015eanl\u0131 Cumhuriyetimiz\u2019in 100. Y\u0131l\u0131\u2019n\u0131 co\u015fku ile kutluyoruz bu g\u00fcnlerde. Ne kadar sevinsek, ne kadar co\u015fku duysak az belki de! Herkese her zaman k\u0131smet olmayacak bu g\u00fcnleri ya\u015farken, Atat\u00fcrk\u2019\u00fc ve onun \u00f6nderli\u011finde y\u00fcr\u00fct\u00fclen Kurtulu\u015f Sava\u015f\u0131m\u0131z\u2019\u0131 hat\u0131rlamak, bir kez daha o co\u015fkuyu ya\u015famak ve bu vesile ile elimizdeki nimetin, \u015eanl\u0131 Cumhuriyetimiz\u2019in k\u0131ymetini bilmek, yapabilece\u011fimiz \u015feylerin belki de en ba\u015f\u0131nda geliyor. Bu sevince bir nebze de olsa katk\u0131da bulunabilmek amac\u0131yla, \u201cYa \u0130stiklal, Ya \u00d6l\u00fcm!\u201d denilerek y\u00fcr\u00fct\u00fclen Kurtulu\u015f Sava\u015f\u0131m\u0131z\u2019\u0131n neticesinde elde edilen B\u00fcy\u00fck Zafer\u2019i m\u00fcteakip kurulan \u015eanl\u0131 Cumhuriyetimiz\u2019e  ve zaferlerle \u00f6r\u00fclm\u00fc\u015f tarihimize, B\u00fcy\u00fck \u00d6nder Atat\u00fcrk\u2019e olan sevgi, minnet ve \u015f\u00fckran duygular\u0131m\u0131z\u0131 dile getiren, sevincimizi ve heyecan\u0131m\u0131z\u0131 kuvvetlendiren \u015fiirlerle selam duruyor ve bu kitab\u0131 Cumhuriyetimiz\u2019in 100.Y\u0131l\u0131\u2019na ithaf ediyoruz.                                          \u00abG\u00f6zlerimizde \u0131\u015f\u0131k, azimli, sevin\u00e7liyiz, Y\u00fcz ya\u015f\u0131na eri\u015fen Cumhuriyet Genciyiz!&#8230;   \u00d6nderimiz Atat\u00fcrk, nura do\u011fru y\u00fcr\u00fcr\u00fcz, Vatan ve h\u00fcrriyeti, bizler kutsal g\u00f6r\u00fcr\u00fcz!   Cumhuriyet ruhuyla, y\u00fczy\u0131llar\u0131 a\u015far\u0131z, M\u00fcr\u015fidimiz ilimdir, uygarl\u0131\u011fa ko\u015far\u0131z!   Y\u00fcz ya\u015f\u0131n kutlu olsun, ey \u015fanl\u0131 Cumhuriyet, Y\u00fcz de\u011fil bin y\u0131llar\u0131 kutlayacak bu millet!\u00bb \u0130\u00c7\u0130NDEK\u0130LER 1-Y\u00dcZ\u00dcNC\u00dc YIL MAR\u015eI      2-KUDRET 3-T\u00dcRK GEN\u00c7L\u0130\u011e\u0130 UMUTTUR 4-\u00c7EL\u0130K RUHLU T\u00dcRK GENC\u0130 5-BAYRAK \u015eEH\u0130R ANKARA 6-EGEMENL\u0130K T\u00dcRK\u00dcS\u00dc 7-ON ALTI T\u00dcRK DEVLET\u0130 8-\u00c7ANAKKALE GE\u00c7\u0130LMEZ! 9-SAKARYA DESTANI 10-B\u00dcY\u00dcK ZAFER DESTANI 11-KURTULU\u015e DESTANI  12-CUMHUR\u0130YET DESTANI 13-ATAT\u00dcRK DESTANI 14-AYRILMAYIZ YOLUNDAN! 15-100 YA\u015eIN KUTLU OLSUN EY \u015eANLI CUMHUR\u0130YET! <\/p>\n","protected":false},"excerpt":{"rendered":"<p>Tarihi g\u00fcnlerdeyiz! Cumhuriyetimiz\u2019in, B\u00fcy\u00fck \u00d6nder Atat\u00fcrk\u2019\u00fcn, e\u015fsiz bir vizyon, emsalsiz bir \u00e7aba ve ola\u011fan\u00fcst\u00fc bir ba\u015far\u0131 ile sa\u011flam temeller \u00fczerine kurup, bizlere emanet etti\u011fi \u015eanl\u0131 Cumhuriyetimiz\u2019in<span class=\"excerpt-hellip\"> [\u2026]<\/span><\/p>\n","protected":false},"featured_media":0,"template":"","meta":{"_monsterinsights_skip_tracking":false,"_monsterinsights_sitenote_active":false,"_monsterinsights_sitenote_note":"","_monsterinsights_sitenote_category":0},"product_brand":[],"product_cat":[12291,12509],"product_tag":[],"class_list":{"0":"post-753298","1":"product","2":"type-product","3":"status-publish","5":"product_cat-edebiyat","6":"product_cat-siir","7":"pa_cilt-ciltsiz","8":"pa_tur-kitap","9":"pa_yayinevi-kaptan-kitap","10":"pa_yazar-hakan-karci","12":"first","13":"instock","14":"sale","15":"shipping-taxable","16":"purchasable","17":"product-type-simple"},"_links":{"self":[{"href":"https:\/\/roveyayinevi.com.tr\/index.php\/wp-json\/wp\/v2\/product\/753298","targetHints":{"allow":["GET"]}}],"collection":[{"href":"https:\/\/roveyayinevi.com.tr\/index.php\/wp-json\/wp\/v2\/product"}],"about":[{"href":"https:\/\/roveyayinevi.com.tr\/index.php\/wp-json\/wp\/v2\/types\/product"}],"wp:attachment":[{"href":"https:\/\/roveyayinevi.com.tr\/index.php\/wp-json\/wp\/v2\/media?parent=753298"}],"wp:term":[{"taxonomy":"product_brand","embeddable":true,"href":"https:\/\/roveyayinevi.com.tr\/index.php\/wp-json\/wp\/v2\/product_brand?post=753298"},{"taxonomy":"product_cat","embeddable":true,"href":"https:\/\/roveyayinevi.com.tr\/index.php\/wp-json\/wp\/v2\/product_cat?post=753298"},{"taxonomy":"product_tag","embeddable":true,"href":"https:\/\/roveyayinevi.com.tr\/index.php\/wp-json\/wp\/v2\/product_tag?post=753298"}],"curies":[{"name":"wp","href":"https:\/\/api.w.org\/{rel}","templated":true}]}}