{"id":753295,"date":"2025-08-28T05:39:33","date_gmt":"2025-08-28T02:39:33","guid":{"rendered":"https:\/\/roveyayinevi.com.tr\/index.php\/urun\/faizsiz-finans-kurumlarinda-yonetisim\/"},"modified":"2026-04-16T03:06:43","modified_gmt":"2026-04-16T00:06:43","slug":"faizsiz-finans-kurumlarinda-yonetisim","status":"publish","type":"product","link":"https:\/\/roveyayinevi.com.tr\/index.php\/urun\/faizsiz-finans-kurumlarinda-yonetisim\/","title":{"rendered":"Faizsiz Finans Kurumlar\u0131nda Y\u00f6neti\u015fim"},"content":{"rendered":"<p>Faizsiz Finans Kurumlar\u0131nda Y\u00f6neti\u015fim<\/p>\n","protected":false},"excerpt":{"rendered":"<p>Faizsiz Finans Kurumlar\u0131nda Y\u00f6neti\u015fim<\/p>\n","protected":false},"featured_media":0,"template":"","meta":{"_monsterinsights_skip_tracking":false,"_monsterinsights_sitenote_active":false,"_monsterinsights_sitenote_note":"","_monsterinsights_sitenote_category":0},"product_brand":[],"product_cat":[17249,13043],"product_tag":[],"class_list":{"0":"post-753295","1":"product","2":"type-product","3":"status-publish","5":"product_cat-borsa-finans","6":"product_cat-ekonomi","7":"pa_cilt-ciltsiz","8":"pa_tur-kitap","9":"pa_yayinevi-gazi-kitabevi","10":"pa_yazar-ganite-kurt-berrin-karacaer","12":"first","13":"instock","14":"sale","15":"shipping-taxable","16":"purchasable","17":"product-type-simple"},"_links":{"self":[{"href":"https:\/\/roveyayinevi.com.tr\/index.php\/wp-json\/wp\/v2\/product\/753295","targetHints":{"allow":["GET"]}}],"collection":[{"href":"https:\/\/roveyayinevi.com.tr\/index.php\/wp-json\/wp\/v2\/product"}],"about":[{"href":"https:\/\/roveyayinevi.com.tr\/index.php\/wp-json\/wp\/v2\/types\/product"}],"wp:attachment":[{"href":"https:\/\/roveyayinevi.com.tr\/index.php\/wp-json\/wp\/v2\/media?parent=753295"}],"wp:term":[{"taxonomy":"product_brand","embeddable":true,"href":"https:\/\/roveyayinevi.com.tr\/index.php\/wp-json\/wp\/v2\/product_brand?post=753295"},{"taxonomy":"product_cat","embeddable":true,"href":"https:\/\/roveyayinevi.com.tr\/index.php\/wp-json\/wp\/v2\/product_cat?post=753295"},{"taxonomy":"product_tag","embeddable":true,"href":"https:\/\/roveyayinevi.com.tr\/index.php\/wp-json\/wp\/v2\/product_tag?post=753295"}],"curies":[{"name":"wp","href":"https:\/\/api.w.org\/{rel}","templated":true}]}}