{"id":753294,"date":"2025-08-28T05:39:32","date_gmt":"2025-08-28T02:39:32","guid":{"rendered":"https:\/\/roveyayinevi.com.tr\/index.php\/urun\/beni-gorebiliyor-musun-2\/"},"modified":"2026-04-16T03:06:43","modified_gmt":"2026-04-16T00:06:43","slug":"beni-gorebiliyor-musun-2","status":"publish","type":"product","link":"https:\/\/roveyayinevi.com.tr\/index.php\/urun\/beni-gorebiliyor-musun-2\/","title":{"rendered":"Beni G\u00f6rebiliyor musun?"},"content":{"rendered":"<p>Tally, 11 ya\u015f\u0131nda ve otizimli. \u00c7evresine uyum sa\u011flayabilmek i\u00e7in bunu bir s\u0131r olarak sakl\u0131yor. Tabii en yak\u0131n arkada\u015f\u0131 Layla hari\u00e7. Layla kendini Tally\u2019nin yan\u0131nda rahats\u0131z hissedenlerden biri olmad\u0131 hi\u00e7bir zaman. \u015eimdiye dek&#8230;Ortaokula ba\u015flad\u0131klar\u0131ndaysa baz\u0131 \u015feyler farkl\u0131la\u015f\u0131yor. Tally ne kadar \u201cnormal\u201d davranmaya \u00e7al\u0131\u015f\u0131rsa \u00e7al\u0131\u015fs\u0131n, bunu art\u0131k gizleyemiyor ve ger\u00e7ek benli\u011fini kucaklaman\u0131n \u00f6nemini ke\u015ffetmeye ba\u015fl\u0131yor. Rebecca Westcott, Libby\u2019nin otizmle ilgili deneyimlerinden yola \u00e7\u0131karak bu d\u00fcr\u00fcst ve ilham verici hik\u00e2yeyi kaleme ald\u0131. Bize arkada\u015fl\u0131\u011f\u0131n g\u00fcc\u00fcn\u00fc, \u00e7e\u015fitlili\u011fin g\u00fczelli\u011fini ve kendini ke\u015ffetmenin d\u00f6n\u00fc\u015ft\u00fcr\u00fcc\u00fc yolculu\u011funu hat\u0131rlat\u0131yor.<\/p>\n","protected":false},"excerpt":{"rendered":"<p>Tally, 11 ya\u015f\u0131nda ve otizimli. \u00c7evresine uyum sa\u011flayabilmek i\u00e7in bunu bir s\u0131r olarak sakl\u0131yor. Tabii en yak\u0131n arkada\u015f\u0131 Layla hari\u00e7. Layla kendini Tally\u2019nin yan\u0131nda rahats\u0131z hissedenlerden<span class=\"excerpt-hellip\"> [\u2026]<\/span><\/p>\n","protected":false},"featured_media":0,"template":"","meta":{"_monsterinsights_skip_tracking":false,"_monsterinsights_sitenote_active":false,"_monsterinsights_sitenote_note":"","_monsterinsights_sitenote_category":0},"product_brand":[],"product_cat":[12274],"product_tag":[],"class_list":{"0":"post-753294","1":"product","2":"type-product","3":"status-publish","5":"product_cat-cocuk-ve-genclik-kitaplari","6":"pa_cilt-ciltsiz","7":"pa_tur-kitap","8":"pa_yayinevi-mundi","9":"pa_yazar-libby-scott-rebecca-westcott","11":"first","12":"instock","13":"sale","14":"shipping-taxable","15":"purchasable","16":"product-type-simple"},"_links":{"self":[{"href":"https:\/\/roveyayinevi.com.tr\/index.php\/wp-json\/wp\/v2\/product\/753294","targetHints":{"allow":["GET"]}}],"collection":[{"href":"https:\/\/roveyayinevi.com.tr\/index.php\/wp-json\/wp\/v2\/product"}],"about":[{"href":"https:\/\/roveyayinevi.com.tr\/index.php\/wp-json\/wp\/v2\/types\/product"}],"wp:attachment":[{"href":"https:\/\/roveyayinevi.com.tr\/index.php\/wp-json\/wp\/v2\/media?parent=753294"}],"wp:term":[{"taxonomy":"product_brand","embeddable":true,"href":"https:\/\/roveyayinevi.com.tr\/index.php\/wp-json\/wp\/v2\/product_brand?post=753294"},{"taxonomy":"product_cat","embeddable":true,"href":"https:\/\/roveyayinevi.com.tr\/index.php\/wp-json\/wp\/v2\/product_cat?post=753294"},{"taxonomy":"product_tag","embeddable":true,"href":"https:\/\/roveyayinevi.com.tr\/index.php\/wp-json\/wp\/v2\/product_tag?post=753294"}],"curies":[{"name":"wp","href":"https:\/\/api.w.org\/{rel}","templated":true}]}}