{"id":753293,"date":"2025-08-28T05:39:30","date_gmt":"2025-08-28T02:39:30","guid":{"rendered":"https:\/\/roveyayinevi.com.tr\/index.php\/urun\/borsa-101\/"},"modified":"2026-04-16T03:06:43","modified_gmt":"2026-04-16T00:06:43","slug":"borsa-101","status":"publish","type":"product","link":"https:\/\/roveyayinevi.com.tr\/index.php\/urun\/borsa-101\/","title":{"rendered":"Borsa 101"},"content":{"rendered":"<p>B\u0130R \u00c7IRPIDA P\u0130YASA TAK\u0130B\u0130 VE H\u0130SSE SENED\u0130 ALIM-SATIMI \u0130lk kez yat\u0131r\u0131m yapmak korkutucu olabilir. Anla\u015f\u0131lmas\u0131 kolay bir dille borsa hakk\u0131ndaki temel bilgileri sunan Borsa 101 yat\u0131r\u0131m\u0131n s\u0131k\u0131c\u0131 ayr\u0131nt\u0131lar\u0131n\u0131 ortadan kald\u0131r\u0131yor. Size, bir portf\u00f6y olu\u015fturmay\u0131 ve birikimlerinizi de\u011ferlendirmeyi \u00f6\u011fretirken uygulamal\u0131 dersler sunuyor. Temel tan\u0131mlar ve ger\u00e7ek hayattan \u00f6rneklerle dolu olan Borsa 101 yat\u0131r\u0131m hedeflerinize do\u011fru ataca\u011f\u0131n\u0131z ilk ad\u0131mlardaki tedirginli\u011finizi hafifletecek. Bo\u011fa piyasalar\u0131ndan ay\u0131 piyasalar\u0131na ba\u015fka hi\u00e7bir yerde bulamayaca\u011f\u0131n\u0131z e\u011flenceli bilgilerle dolu bu kitap, borsa yat\u0131r\u0131m\u0131n\u0131n ana ilkelerinde ustala\u015fmak isteyenler i\u00e7in oldu\u011fu kadar, sadece piyasan\u0131n geli\u015fim s\u00fcrecini g\u00f6rmek isteyen okurlar i\u00e7in de do\u011fru yan\u0131tlar\u0131 g\u00f6zler \u00f6n\u00fcne seriyor. <\/p>\n","protected":false},"excerpt":{"rendered":"<p>B\u0130R \u00c7IRPIDA P\u0130YASA TAK\u0130B\u0130 VE H\u0130SSE SENED\u0130 ALIM-SATIMI \u0130lk kez yat\u0131r\u0131m yapmak korkutucu olabilir. Anla\u015f\u0131lmas\u0131 kolay bir dille borsa hakk\u0131ndaki temel bilgileri sunan Borsa 101 yat\u0131r\u0131m\u0131n<span class=\"excerpt-hellip\"> [\u2026]<\/span><\/p>\n","protected":false},"featured_media":0,"template":"","meta":{"_monsterinsights_skip_tracking":false,"_monsterinsights_sitenote_active":false,"_monsterinsights_sitenote_note":"","_monsterinsights_sitenote_category":0},"product_brand":[],"product_cat":[13043],"product_tag":[],"class_list":{"0":"post-753293","1":"product","2":"type-product","3":"status-publish","5":"product_cat-ekonomi","6":"pa_cilt-ciltsiz","7":"pa_tur-kitap","8":"pa_yayinevi-say-yayinlari","9":"pa_yazar-michele-cagan","11":"first","12":"instock","13":"sale","14":"shipping-taxable","15":"purchasable","16":"product-type-simple"},"_links":{"self":[{"href":"https:\/\/roveyayinevi.com.tr\/index.php\/wp-json\/wp\/v2\/product\/753293","targetHints":{"allow":["GET"]}}],"collection":[{"href":"https:\/\/roveyayinevi.com.tr\/index.php\/wp-json\/wp\/v2\/product"}],"about":[{"href":"https:\/\/roveyayinevi.com.tr\/index.php\/wp-json\/wp\/v2\/types\/product"}],"wp:attachment":[{"href":"https:\/\/roveyayinevi.com.tr\/index.php\/wp-json\/wp\/v2\/media?parent=753293"}],"wp:term":[{"taxonomy":"product_brand","embeddable":true,"href":"https:\/\/roveyayinevi.com.tr\/index.php\/wp-json\/wp\/v2\/product_brand?post=753293"},{"taxonomy":"product_cat","embeddable":true,"href":"https:\/\/roveyayinevi.com.tr\/index.php\/wp-json\/wp\/v2\/product_cat?post=753293"},{"taxonomy":"product_tag","embeddable":true,"href":"https:\/\/roveyayinevi.com.tr\/index.php\/wp-json\/wp\/v2\/product_tag?post=753293"}],"curies":[{"name":"wp","href":"https:\/\/api.w.org\/{rel}","templated":true}]}}