{"id":753288,"date":"2025-08-28T05:39:21","date_gmt":"2025-08-28T02:39:21","guid":{"rendered":"https:\/\/roveyayinevi.com.tr\/index.php\/urun\/bay-oskar-sehirde\/"},"modified":"2026-04-16T03:06:43","modified_gmt":"2026-04-16T00:06:43","slug":"bay-oskar-sehirde","status":"publish","type":"product","link":"https:\/\/roveyayinevi.com.tr\/index.php\/urun\/bay-oskar-sehirde\/","title":{"rendered":"Bay Oskar \u015eehirde"},"content":{"rendered":"<p>Bay Oskar heyecanl\u0131 bir macerayla geri d\u00f6nd\u00fc! Sevgili arkada\u015f\u0131 Japon bal\u0131\u011f\u0131 Luna tam da do\u011fum g\u00fcn\u00fcnden \u00f6nce ortadan kaybolunca Bay Oskar ve arkada\u015flar\u0131 \u015fehrin d\u00f6rt bir yan\u0131nda onu aramaya \u00e7\u0131k\u0131yorlar. Parklar\u0131, m\u00fczeleri, \u015fehir merkezini ve daha bir \u00e7ok yeri ara\u015ft\u0131rken     pek \u00e7ok \u0130ngilizce s\u00f6zc\u00fck \u00f6\u011freniyorlar. Luna\u2019y\u0131 bulmak pek de kolay olmayacak!   \u00d6d\u00fcll\u00fc \u00e7izer Jim Field\u2019in kaleminden Bay Oskar \u015eehirde kitab\u0131, ilgi \u00e7ekici detaylarla bezeli sahneler e\u015fli\u011finde okurlar\u0131n\u0131 hem e\u011flenceli hem de e\u011fitici bir yolculu\u011fa \u00e7\u0131kar\u0131yor.  S\u00f6zc\u00fcklerin \u0130ngilizce-T\u00fcrk\u00e7e kar\u015f\u0131l\u0131klar\u0131n\u0131n da yer ald\u0131\u011f\u0131 bu kitap yeni s\u00f6zc\u00fckler \u00f6\u011frenmeyi okurlar\u0131 i\u00e7in keyifli hale getiriyor. <\/p>\n","protected":false},"excerpt":{"rendered":"<p>Bay Oskar heyecanl\u0131 bir macerayla geri d\u00f6nd\u00fc! Sevgili arkada\u015f\u0131 Japon bal\u0131\u011f\u0131 Luna tam da do\u011fum g\u00fcn\u00fcnden \u00f6nce ortadan kaybolunca Bay Oskar ve arkada\u015flar\u0131 \u015fehrin d\u00f6rt bir<span class=\"excerpt-hellip\"> [\u2026]<\/span><\/p>\n","protected":false},"featured_media":0,"template":"","meta":{"_monsterinsights_skip_tracking":false,"_monsterinsights_sitenote_active":false,"_monsterinsights_sitenote_note":"","_monsterinsights_sitenote_category":0},"product_brand":[],"product_cat":[12274,12284],"product_tag":[],"class_list":{"0":"post-753288","1":"product","2":"type-product","3":"status-publish","5":"product_cat-cocuk-ve-genclik-kitaplari","6":"product_cat-hikayeler","7":"pa_cilt-ciltsiz","8":"pa_tur-kitap","9":"pa_yayinevi-redhouse-kidz-yayinlari","10":"pa_yazar-jim-field","12":"first","13":"instock","14":"sale","15":"shipping-taxable","16":"purchasable","17":"product-type-simple"},"_links":{"self":[{"href":"https:\/\/roveyayinevi.com.tr\/index.php\/wp-json\/wp\/v2\/product\/753288","targetHints":{"allow":["GET"]}}],"collection":[{"href":"https:\/\/roveyayinevi.com.tr\/index.php\/wp-json\/wp\/v2\/product"}],"about":[{"href":"https:\/\/roveyayinevi.com.tr\/index.php\/wp-json\/wp\/v2\/types\/product"}],"wp:attachment":[{"href":"https:\/\/roveyayinevi.com.tr\/index.php\/wp-json\/wp\/v2\/media?parent=753288"}],"wp:term":[{"taxonomy":"product_brand","embeddable":true,"href":"https:\/\/roveyayinevi.com.tr\/index.php\/wp-json\/wp\/v2\/product_brand?post=753288"},{"taxonomy":"product_cat","embeddable":true,"href":"https:\/\/roveyayinevi.com.tr\/index.php\/wp-json\/wp\/v2\/product_cat?post=753288"},{"taxonomy":"product_tag","embeddable":true,"href":"https:\/\/roveyayinevi.com.tr\/index.php\/wp-json\/wp\/v2\/product_tag?post=753288"}],"curies":[{"name":"wp","href":"https:\/\/api.w.org\/{rel}","templated":true}]}}