{"id":753285,"date":"2025-08-28T05:39:15","date_gmt":"2025-08-28T02:39:15","guid":{"rendered":"https:\/\/roveyayinevi.com.tr\/index.php\/urun\/radyo-icin-uc-oyun\/"},"modified":"2026-04-16T03:06:43","modified_gmt":"2026-04-16T00:06:43","slug":"radyo-icin-uc-oyun","status":"publish","type":"product","link":"https:\/\/roveyayinevi.com.tr\/index.php\/urun\/radyo-icin-uc-oyun\/","title":{"rendered":"Radyo \u0130\u00e7in \u00dc\u00e7 Oyun"},"content":{"rendered":"<p>Radyo \u0130\u00e7in \u00dc\u00e7 Oyun, \u0130slam tarihinden \u00fc\u00e7 ki\u015fili\u011fi ele al\u0131yor. Oyunlardan birincisi \u015fanl\u0131 sahabi kadrosundan bir b\u00fcy\u00fck y\u0131ld\u0131z\u0131, Kab bin Z\u00fcheyr\u2019i anlat\u0131yor. Onun isyandan imana ge\u00e7i\u015f s\u00fcrecini i\u015fleyen Kaside-i B\u00fcrdesini ve Peygamber Efendimiz\u2019in h\u0131rka-i \u015feriflerini hediye etmesini i\u015fleyen eser, radyo oyunu \u015feklinde yaz\u0131ld\u0131ktan sonra sinema filmi olarak da \u00e7ekilmi\u015ftir.\u0130kinci eser \u015eeyh Ali Semerkandi adl\u0131 \u0130slam mutasavv\u0131f\u0131n\u0131n hayat\u0131n\u0131n Anadolu\u2019da ge\u00e7en d\u00f6nemini ve Sultan 2.Murad Han\u2019la ili\u015fkisini anlatan bir oyun. Ravza-i Mutahhara\u2019n\u0131n t\u00fcrbedar\u0131 \u015eeyh Ali Semerkandi\u2019nin \u015eanl\u0131 Peygamberimiz\u2019in i\u015faretiyle Anadolu\u2019ya y\u00f6neli\u015fini ve bu topra\u011f\u0131n insanlar\u0131n\u0131n misyonunu Balkanlara, Kosova\u2019ya ak\u0131nlar\u0131n\u0131 i\u015fleyen bir eser.\u00dc\u00e7\u00fcnc\u00fc eser H\u00fcnkar Hac\u0131 Bekta\u015f-\u0131 Veli\u2019nin destanl\u0131k hayat\u0131-n\u0131n Devlet-i Aliye ile m\u00fcnasebetlerini i\u015fleyen bir b\u00f6l\u00fcm\u00fcn\u00fc ele al\u0131yor. Radyo \u0130\u00e7in \u00dc\u00e7 Oyun\u2019un, yeni yeni radyo oyunlar\u0131 yaz\u0131lmas\u0131na vesile olmas\u0131n\u0131 diliyorum.   <\/p>\n","protected":false},"excerpt":{"rendered":"<p>Radyo \u0130\u00e7in \u00dc\u00e7 Oyun, \u0130slam tarihinden \u00fc\u00e7 ki\u015fili\u011fi ele al\u0131yor. Oyunlardan birincisi \u015fanl\u0131 sahabi kadrosundan bir b\u00fcy\u00fck y\u0131ld\u0131z\u0131, Kab bin Z\u00fcheyr\u2019i anlat\u0131yor. Onun isyandan imana ge\u00e7i\u015f<span class=\"excerpt-hellip\"> [\u2026]<\/span><\/p>\n","protected":false},"featured_media":0,"template":"","meta":{"_monsterinsights_skip_tracking":false,"_monsterinsights_sitenote_active":false,"_monsterinsights_sitenote_note":"","_monsterinsights_sitenote_category":0},"product_brand":[],"product_cat":[12291,12745],"product_tag":[],"class_list":{"0":"post-753285","1":"product","2":"type-product","3":"status-publish","5":"product_cat-edebiyat","6":"product_cat-tarihi-roman","7":"pa_cilt-ciltsiz","8":"pa_tur-kitap","9":"pa_yayinevi-biyografi-net-yayincilik","10":"pa_yazar-mahmut-cetin","12":"first","13":"instock","14":"sale","15":"shipping-taxable","16":"purchasable","17":"product-type-simple"},"_links":{"self":[{"href":"https:\/\/roveyayinevi.com.tr\/index.php\/wp-json\/wp\/v2\/product\/753285","targetHints":{"allow":["GET"]}}],"collection":[{"href":"https:\/\/roveyayinevi.com.tr\/index.php\/wp-json\/wp\/v2\/product"}],"about":[{"href":"https:\/\/roveyayinevi.com.tr\/index.php\/wp-json\/wp\/v2\/types\/product"}],"wp:attachment":[{"href":"https:\/\/roveyayinevi.com.tr\/index.php\/wp-json\/wp\/v2\/media?parent=753285"}],"wp:term":[{"taxonomy":"product_brand","embeddable":true,"href":"https:\/\/roveyayinevi.com.tr\/index.php\/wp-json\/wp\/v2\/product_brand?post=753285"},{"taxonomy":"product_cat","embeddable":true,"href":"https:\/\/roveyayinevi.com.tr\/index.php\/wp-json\/wp\/v2\/product_cat?post=753285"},{"taxonomy":"product_tag","embeddable":true,"href":"https:\/\/roveyayinevi.com.tr\/index.php\/wp-json\/wp\/v2\/product_tag?post=753285"}],"curies":[{"name":"wp","href":"https:\/\/api.w.org\/{rel}","templated":true}]}}