{"id":753284,"date":"2025-08-28T05:39:13","date_gmt":"2025-08-28T02:39:13","guid":{"rendered":"https:\/\/roveyayinevi.com.tr\/index.php\/urun\/kutuphaneci\/"},"modified":"2026-04-16T03:06:43","modified_gmt":"2026-04-16T00:06:43","slug":"kutuphaneci","status":"publish","type":"product","link":"https:\/\/roveyayinevi.com.tr\/index.php\/urun\/kutuphaneci\/","title":{"rendered":"K\u00fct\u00fcphaneci"},"content":{"rendered":"<p>\u201cS\u00fcrekli konu\u015fmak ileti\u015fim kurmak de\u011fildir\u201d (Sil Ba\u015ftan\/Eternal Sunshine of the Spotless Mind) Yaln\u0131zl\u0131k ve yabanc\u0131la\u015fma\/ileti\u015fimsizlik insan\u0131n modern \u00e7ag\u0306daki \u00e7ok \u00f6nemli temel sorunlar\u0131ndan biri olarak g\u00f6r\u00fcl\u00fcr. D\u00fcnyan\u0131n her yerinde, teknoloji \u00fczerinden ileti\u015fim kurabilmek m\u00fcmk\u00fcn olsa da, yine de biriyle y\u00fcz y\u00fcze konu\u015fma ihtiyac\u0131 problem olmaya devam etti\u011fi ve toplumsal, k\u00fclt\u00fcrel, insani baz\u0131 s\u0131n\u0131rl\u0131l\u0131klar da k\u0131r\u0131lamad\u0131\u011f\u0131ndan bu sorunlar modern insan\u0131n \u00e7ok \u00f6nemli problemlerinden biri olmaya devam etmektedir. K\u00fct\u00fcphaneci filmi yaz\u0131l\u0131rken bu sorunlardan yola \u00e7\u0131k\u0131larak, izleyici ile birlikte baz\u0131 de\u011ferlerin \u00f6neminin hat\u0131rlanmas\u0131 sa\u011flanmaya \u00e7al\u0131\u015f\u0131lm\u0131\u015ft\u0131r. <\/p>\n","protected":false},"excerpt":{"rendered":"<p>\u201cS\u00fcrekli konu\u015fmak ileti\u015fim kurmak de\u011fildir\u201d (Sil Ba\u015ftan\/Eternal Sunshine of the Spotless Mind) Yaln\u0131zl\u0131k ve yabanc\u0131la\u015fma\/ileti\u015fimsizlik insan\u0131n modern \u00e7ag\u0306daki \u00e7ok \u00f6nemli temel sorunlar\u0131ndan biri olarak g\u00f6r\u00fcl\u00fcr. D\u00fcnyan\u0131n<span class=\"excerpt-hellip\"> [\u2026]<\/span><\/p>\n","protected":false},"featured_media":0,"template":"","meta":{"_monsterinsights_skip_tracking":false,"_monsterinsights_sitenote_active":false,"_monsterinsights_sitenote_note":"","_monsterinsights_sitenote_category":0},"product_brand":[],"product_cat":[13488],"product_tag":[],"class_list":{"0":"post-753284","1":"product","2":"type-product","3":"status-publish","5":"product_cat-toplum-ve-insan","6":"pa_cilt-ciltsiz","7":"pa_tur-kitap","8":"pa_yayinevi-efil-yayinevi","9":"pa_yazar-serkan-aktas","11":"first","12":"instock","13":"sale","14":"shipping-taxable","15":"purchasable","16":"product-type-simple"},"_links":{"self":[{"href":"https:\/\/roveyayinevi.com.tr\/index.php\/wp-json\/wp\/v2\/product\/753284","targetHints":{"allow":["GET"]}}],"collection":[{"href":"https:\/\/roveyayinevi.com.tr\/index.php\/wp-json\/wp\/v2\/product"}],"about":[{"href":"https:\/\/roveyayinevi.com.tr\/index.php\/wp-json\/wp\/v2\/types\/product"}],"wp:attachment":[{"href":"https:\/\/roveyayinevi.com.tr\/index.php\/wp-json\/wp\/v2\/media?parent=753284"}],"wp:term":[{"taxonomy":"product_brand","embeddable":true,"href":"https:\/\/roveyayinevi.com.tr\/index.php\/wp-json\/wp\/v2\/product_brand?post=753284"},{"taxonomy":"product_cat","embeddable":true,"href":"https:\/\/roveyayinevi.com.tr\/index.php\/wp-json\/wp\/v2\/product_cat?post=753284"},{"taxonomy":"product_tag","embeddable":true,"href":"https:\/\/roveyayinevi.com.tr\/index.php\/wp-json\/wp\/v2\/product_tag?post=753284"}],"curies":[{"name":"wp","href":"https:\/\/api.w.org\/{rel}","templated":true}]}}