{"id":753283,"date":"2025-08-28T05:39:12","date_gmt":"2025-08-28T02:39:12","guid":{"rendered":"https:\/\/roveyayinevi.com.tr\/index.php\/urun\/aynanin-gizemi\/"},"modified":"2026-04-16T03:06:43","modified_gmt":"2026-04-16T00:06:43","slug":"aynanin-gizemi","status":"publish","type":"product","link":"https:\/\/roveyayinevi.com.tr\/index.php\/urun\/aynanin-gizemi\/","title":{"rendered":"Aynan\u0131n Gizemi"},"content":{"rendered":"<p>\u201c\u0130nsan kendi g\u00f6r\u00fcnt\u00fcs\u00fcn\u00fc aynada farkl\u0131 biri olarak alg\u0131lamaya ba\u015flad\u0131\u011f\u0131 zaman, birden iki farkl\u0131 egoyla kar\u015f\u0131 kar\u015f\u0131ya oldu\u011funu d\u00fc\u015f\u00fcn\u00fcr, bu birbirinden t\u00fcm\u00fcyle farkl\u0131 iki d\u00fcnya herhangi bir an su y\u00fcz\u00fcne \u00e7\u0131kabilir.\u201d (Mirrors\/Aynalar filmindeki diyalog) Lacan \u00e7ocuk egosunun \u00e7ocu\u011fun \u00f6zde\u015fle\u015fme ile ve kendi otonom \u00f6z-varl\u0131\u011f\u0131n\u0131n hayali bir resmini sunan aynadaki g\u00f6r\u00fcnt\u00fcn\u00fcn cazibesini yanl\u0131\u015f tan\u0131mas\u0131 taraf\u0131ndan nas\u0131l olu\u015fturuldu\u011funu anlat\u0131r (Stam, 2000). (\u2026) Metz izleyicinin durumunu ayna evresi ile kar\u015f\u0131la\u015ft\u0131r\u0131r. Metz ayna analojisinin sadece k\u0131smen uygun oldu\u011funa i\u015faret eder; sinemada aynadan farkl\u0131 olarak izleyicinin kendi g\u00f6r\u00fcnt\u00fcs\u00fcn\u00fc yans\u0131tmaz (Stam, 2000). <\/p>\n","protected":false},"excerpt":{"rendered":"<p>\u201c\u0130nsan kendi g\u00f6r\u00fcnt\u00fcs\u00fcn\u00fc aynada farkl\u0131 biri olarak alg\u0131lamaya ba\u015flad\u0131\u011f\u0131 zaman, birden iki farkl\u0131 egoyla kar\u015f\u0131 kar\u015f\u0131ya oldu\u011funu d\u00fc\u015f\u00fcn\u00fcr, bu birbirinden t\u00fcm\u00fcyle farkl\u0131 iki d\u00fcnya herhangi bir<span class=\"excerpt-hellip\"> [\u2026]<\/span><\/p>\n","protected":false},"featured_media":0,"template":"","meta":{"_monsterinsights_skip_tracking":false,"_monsterinsights_sitenote_active":false,"_monsterinsights_sitenote_note":"","_monsterinsights_sitenote_category":0},"product_brand":[],"product_cat":[12357],"product_tag":[],"class_list":{"0":"post-753283","1":"product","2":"type-product","3":"status-publish","5":"product_cat-psikoloji","6":"pa_cilt-ciltsiz","7":"pa_tur-kitap","8":"pa_yayinevi-efil-yayinevi","9":"pa_yazar-serkan-aktas","11":"first","12":"instock","13":"sale","14":"shipping-taxable","15":"purchasable","16":"product-type-simple"},"_links":{"self":[{"href":"https:\/\/roveyayinevi.com.tr\/index.php\/wp-json\/wp\/v2\/product\/753283","targetHints":{"allow":["GET"]}}],"collection":[{"href":"https:\/\/roveyayinevi.com.tr\/index.php\/wp-json\/wp\/v2\/product"}],"about":[{"href":"https:\/\/roveyayinevi.com.tr\/index.php\/wp-json\/wp\/v2\/types\/product"}],"wp:attachment":[{"href":"https:\/\/roveyayinevi.com.tr\/index.php\/wp-json\/wp\/v2\/media?parent=753283"}],"wp:term":[{"taxonomy":"product_brand","embeddable":true,"href":"https:\/\/roveyayinevi.com.tr\/index.php\/wp-json\/wp\/v2\/product_brand?post=753283"},{"taxonomy":"product_cat","embeddable":true,"href":"https:\/\/roveyayinevi.com.tr\/index.php\/wp-json\/wp\/v2\/product_cat?post=753283"},{"taxonomy":"product_tag","embeddable":true,"href":"https:\/\/roveyayinevi.com.tr\/index.php\/wp-json\/wp\/v2\/product_tag?post=753283"}],"curies":[{"name":"wp","href":"https:\/\/api.w.org\/{rel}","templated":true}]}}