{"id":753280,"date":"2025-08-28T05:39:07","date_gmt":"2025-08-28T02:39:07","guid":{"rendered":"https:\/\/roveyayinevi.com.tr\/index.php\/urun\/cukurlar\/"},"modified":"2026-04-03T03:08:37","modified_gmt":"2026-04-03T00:08:37","slug":"cukurlar","status":"publish","type":"product","link":"https:\/\/roveyayinevi.com.tr\/index.php\/urun\/cukurlar\/","title":{"rendered":"\u00c7ukurlar"},"content":{"rendered":"<p>Bazen tek su\u00e7unuz; yanl\u0131\u015f zamanda, yanl\u0131\u015f yerde olmakt\u0131r. \u201cYamuk Okul\u201d serisinin yarat\u0131c\u0131s\u0131 Louis Sachar&#8217;\u0131n, Newbery Madalyas\u0131 d\u00e2hil pek \u00e7ok \u00f6d\u00fcle de\u011fer g\u00f6r\u00fclen, beyazperdeye de uyarlanan klasikle\u015fmi\u015f roman\u0131 \u00c7ukurlar; \u201c\u00f6tekile\u015ftirilen\u201d \u00e7ocuklar\u0131n d\u00fcnyas\u0131nda ge\u00e7en, gizem dolu bir ser\u00fcven. Tuhaf tesad\u00fcflerle \u00f6r\u00fclm\u00fc\u015f sars\u0131c\u0131 hik\u00e2yesinin arka plan\u0131nda, iyilerle k\u00f6t\u00fclerin bir as\u0131rl\u0131k m\u00fccadelesine odaklanan yazar; pes etmemeye, direnmeye ve umuda dair y\u00fcreklendirici bir anlat\u0131 sunuyor.    Adalet ve yarg\u0131 kavramlar\u0131n\u0131 tart\u0131\u015fmaya a\u00e7an kitap, su\u00e7a s\u00fcr\u00fcklenen \u00e7ocuklar\u0131n \u201cyararl\u0131 ve \u00e7al\u0131\u015fkan\u201d bireyler olarak yeniden topluma kazand\u0131r\u0131lmalar\u0131 olas\u0131l\u0131\u011f\u0131 \u00fczerine d\u00fc\u015f\u00fcnd\u00fcr\u00fcyor.  Stanley Yelnats.  Fark ettiniz mi? D\u00fczden de tersten de ayn\u0131 okunuyor.  Ne \u015fans ama! Belki de \u015fans\u0131zl\u0131k, hatta lanet demeliyiz bu tesad\u00fcfe. Stanley, g\u00f6kten bir \u00e7ift ayakkab\u0131 d\u00fc\u015ft\u00fc\u011f\u00fcn\u00fc g\u00f6rd\u00fc\u011f\u00fcnde bunun kaderinin bir oyunu oldu\u011funu sezmi\u015fti. \u015eanss\u0131zl\u0131klarla dolu ya\u015fam\u0131nda kazara da olsa b\u00f6yle s\u00fcrprizlere yer yoktu. Ya\u015fananlar\u0131 kavramaya \u00e7al\u0131\u015f\u0131rken, hi\u00e7 i\u015flemedi\u011fi bir su\u00e7la itham edildi\u011fini fark etti. Oysa bu kez tek kabahati; yanl\u0131\u015f zamanda, yanl\u0131\u015f yerde olmakt\u0131. Art\u0131k emindi, b\u00fcy\u00fck-b\u00fcy\u00fck-b\u00fcy\u00fckbabas\u0131ndan miras kalan lanet pe\u015fini hi\u00e7 b\u0131rakmayacakt\u0131. Mahkemeye \u00e7\u0131kt\u0131\u011f\u0131nda yarg\u0131\u00e7 ona iki se\u00e7enek sundu: Ya \u0131slahevine gidecekti ya da Ye\u015fil G\u00f6l Kamp\u0131&#8217;na. Stanley, ikinciyi se\u00e7ti. Ne var ki g\u00f6l kurumu\u015f, \u00e7\u00f6le d\u00f6nm\u00fc\u015ft\u00fc ve oradaki t\u00fcm erkek \u00e7ocuklara \u201cki\u015filiklerini geli\u015ftirmeleri i\u00e7in\u201d \u00e7ukur kazd\u0131r\u0131yorlard\u0131. Stanley, \u00e7ok ge\u00e7meden i\u015fin ger\u00e7ek y\u00fcz\u00fcn\u00fc anlayacak ve kazd\u0131\u011f\u0131 her \u00e7ukurla hi\u00e7li\u011fin ortas\u0131nda yatan y\u00fczy\u0131ll\u0131k bir hik\u00e2yeyi g\u00fcn \u0131\u015f\u0131\u011f\u0131na \u00e7\u0131karacakt\u0131. Mizahtan beslenen g\u00fc\u00e7l\u00fc anlat\u0131s\u0131yla okurlar\u0131, \u00e7\u00f6z\u00fcm\u00fc pek de kolay olmayan gizemli olaylarla ba\u015f ba\u015fa b\u0131rakan Louis Sachar, i\u00e7imizdeki merak ve \u015f\u00fcphe duygular\u0131n\u0131 harekete ge\u00e7irecek ba\u015f d\u00f6nd\u00fcr\u00fcc\u00fc bir kurguya imza at\u0131yor.  Kaleme al\u0131n\u0131\u015f\u0131n\u0131n 25. y\u0131l\u0131n\u0131 kutlayan \u00c7ukurlar, \u201chatas\u0131n\u0131 d\u00fczeltenin, hayat\u0131n\u0131 da bir \u00e7ekid\u00fczene koyaca\u011f\u0131\u201d d\u00fc\u015f\u00fcncesi \u00fcst\u00fcne kurulu, \u00e7arp\u0131c\u0131 bir hik\u00e2ye!<\/p>\n","protected":false},"excerpt":{"rendered":"<p>Bazen tek su\u00e7unuz; yanl\u0131\u015f zamanda, yanl\u0131\u015f yerde olmakt\u0131r. \u201cYamuk Okul\u201d serisinin yarat\u0131c\u0131s\u0131 Louis Sachar&#8217;\u0131n, Newbery Madalyas\u0131 d\u00e2hil pek \u00e7ok \u00f6d\u00fcle de\u011fer g\u00f6r\u00fclen, beyazperdeye de uyarlanan klasikle\u015fmi\u015f<span class=\"excerpt-hellip\"> [\u2026]<\/span><\/p>\n","protected":false},"featured_media":0,"template":"","meta":{"_monsterinsights_skip_tracking":false,"_monsterinsights_sitenote_active":false,"_monsterinsights_sitenote_note":"","_monsterinsights_sitenote_category":0},"product_brand":[],"product_cat":[12291,12711],"product_tag":[],"class_list":{"0":"post-753280","1":"product","2":"type-product","3":"status-publish","5":"product_cat-edebiyat","6":"product_cat-roman-oyku","7":"pa_cilt-ciltsiz","8":"pa_tur-kitap","9":"pa_yayinevi-tudem-yayinlari","10":"pa_yazar-louis-sachar","12":"first","13":"instock","14":"sale","15":"shipping-taxable","16":"purchasable","17":"product-type-simple"},"_links":{"self":[{"href":"https:\/\/roveyayinevi.com.tr\/index.php\/wp-json\/wp\/v2\/product\/753280","targetHints":{"allow":["GET"]}}],"collection":[{"href":"https:\/\/roveyayinevi.com.tr\/index.php\/wp-json\/wp\/v2\/product"}],"about":[{"href":"https:\/\/roveyayinevi.com.tr\/index.php\/wp-json\/wp\/v2\/types\/product"}],"wp:attachment":[{"href":"https:\/\/roveyayinevi.com.tr\/index.php\/wp-json\/wp\/v2\/media?parent=753280"}],"wp:term":[{"taxonomy":"product_brand","embeddable":true,"href":"https:\/\/roveyayinevi.com.tr\/index.php\/wp-json\/wp\/v2\/product_brand?post=753280"},{"taxonomy":"product_cat","embeddable":true,"href":"https:\/\/roveyayinevi.com.tr\/index.php\/wp-json\/wp\/v2\/product_cat?post=753280"},{"taxonomy":"product_tag","embeddable":true,"href":"https:\/\/roveyayinevi.com.tr\/index.php\/wp-json\/wp\/v2\/product_tag?post=753280"}],"curies":[{"name":"wp","href":"https:\/\/api.w.org\/{rel}","templated":true}]}}