{"id":753279,"date":"2025-08-28T05:39:06","date_gmt":"2025-08-28T02:39:06","guid":{"rendered":"https:\/\/roveyayinevi.com.tr\/index.php\/urun\/durzilerin-orta-dogu-siyasetindeki-yeri\/"},"modified":"2026-04-16T03:06:43","modified_gmt":"2026-04-16T00:06:43","slug":"durzilerin-orta-dogu-siyasetindeki-yeri","status":"publish","type":"product","link":"https:\/\/roveyayinevi.com.tr\/index.php\/urun\/durzilerin-orta-dogu-siyasetindeki-yeri\/","title":{"rendered":"D\u00fcrzilerin Orta Do\u011fu Siyasetindeki Yeri"},"content":{"rendered":"<p>Bu eserde, \u0130ttifak Kuramlar\u0131 ile G\u00fc\u00e7 Dengesi Teorisi ve Tehdit Dengesi Teorisi \u00e7er\u00e7evesinde D\u00fcrz\u00eelerin Orta Do\u011fu siyasetindeki yerini a\u00e7\u0131klama amac\u0131 g\u00fcd\u00fclm\u00fc\u015ft\u00fcr. S\u00f6z konusu teorik perspektif kapsam\u0131nda D\u00fcrz\u00eeler \u00fczerinden Orta Do\u011fu siyasetinin hangi y\u00f6ne do\u011fru gitti\u011fini tespit etmenin m\u00fcmk\u00fcn oldu\u011fu ortaya konulmaya \u00e7al\u0131\u015f\u0131lm\u0131\u015ft\u0131r. D\u00fcrz\u00eeler, Osmanl\u0131 \u0130mparatorlu\u011fu topraklar\u0131nda y\u00fczy\u0131llarca T\u00fcrklerin y\u00f6netimi alt\u0131nda ya\u015famalar\u0131na ra\u011fmen T\u00fcrk\u00e7e literat\u00fcrde yeterince incelenmemi\u015f bir topluluktur. Bunun nedenlerinden biri, b\u00f6lge halk\u0131 taraf\u0131ndan k\u00fclt\u00fcrel ve dini sebeplerden dolay\u0131 d\u0131\u015flanmas\u0131d\u0131r. Bir di\u011feri ise D\u00fcrz\u00eelerin kendi dini gerek\u00e7elerinden dolay\u0131 d\u0131\u015f d\u00fcnyaya kar\u015f\u0131 kapal\u0131 bir topluluk olmas\u0131d\u0131r. \u00c7al\u0131\u015fmam\u0131zda ise D\u00fcrz\u00eelerin hem bulunduklar\u0131 devletlerin i\u00e7erisindeki pozisyonlar\u0131 hem de \u00fc\u00e7\u00fcnc\u00fc \u00fclkelere kar\u015f\u0131 olan politik tercih ve yakla\u015f\u0131mlar\u0131 incelenmi\u015ftir. Bu ba\u011flamda D\u00fcrz\u00eelerden hareketle, devlet stat\u00fcs\u00fcnde olmayan gruplar\u0131n tutum ve davran\u0131\u015flar\u0131n\u0131n ittifak kuramlar\u0131 ba\u011flam\u0131nda nas\u0131l anlamland\u0131r\u0131labilece\u011fine odaklan\u0131lm\u0131\u015ft\u0131r. Buna ek olarak, uluslararas\u0131 sistem bo\u015flu\u011funda olan d\u00fcnyan\u0131n bir yans\u0131mas\u0131 durumundaki Orta Do\u011fu \u00f6zelinde D\u00fcrz\u00eelerin b\u00f6lge politikas\u0131 hakk\u0131nda \u00e7\u0131kar\u0131mda bulunulmu\u015ftur. Sonu\u00e7 olarak D\u00fcrz\u00eelerin de Kenneth Waltz\u2019un bahsetti\u011fi gibi devlet i\u00e7erisinde ayr\u0131 bir devletmi\u015f gibi hareket eden bir topluluk oldu\u011fu g\u00f6r\u00fclm\u00fc\u015ft\u00fcr. <\/p>\n","protected":false},"excerpt":{"rendered":"<p>Bu eserde, \u0130ttifak Kuramlar\u0131 ile G\u00fc\u00e7 Dengesi Teorisi ve Tehdit Dengesi Teorisi \u00e7er\u00e7evesinde D\u00fcrz\u00eelerin Orta Do\u011fu siyasetindeki yerini a\u00e7\u0131klama amac\u0131 g\u00fcd\u00fclm\u00fc\u015ft\u00fcr. S\u00f6z konusu teorik perspektif kapsam\u0131nda<span class=\"excerpt-hellip\"> [\u2026]<\/span><\/p>\n","protected":false},"featured_media":0,"template":"","meta":{"_monsterinsights_skip_tracking":false,"_monsterinsights_sitenote_active":false,"_monsterinsights_sitenote_note":"","_monsterinsights_sitenote_category":0},"product_brand":[],"product_cat":[52477],"product_tag":[],"class_list":{"0":"post-753279","1":"product","2":"type-product","3":"status-publish","5":"product_cat-arastirma","6":"pa_cilt-ciltsiz","7":"pa_tur-kitap","8":"pa_yayinevi-yeditepe-yayinevi","9":"pa_yazar-tolga-ozturk","11":"first","12":"instock","13":"sale","14":"shipping-taxable","15":"purchasable","16":"product-type-simple"},"_links":{"self":[{"href":"https:\/\/roveyayinevi.com.tr\/index.php\/wp-json\/wp\/v2\/product\/753279","targetHints":{"allow":["GET"]}}],"collection":[{"href":"https:\/\/roveyayinevi.com.tr\/index.php\/wp-json\/wp\/v2\/product"}],"about":[{"href":"https:\/\/roveyayinevi.com.tr\/index.php\/wp-json\/wp\/v2\/types\/product"}],"wp:attachment":[{"href":"https:\/\/roveyayinevi.com.tr\/index.php\/wp-json\/wp\/v2\/media?parent=753279"}],"wp:term":[{"taxonomy":"product_brand","embeddable":true,"href":"https:\/\/roveyayinevi.com.tr\/index.php\/wp-json\/wp\/v2\/product_brand?post=753279"},{"taxonomy":"product_cat","embeddable":true,"href":"https:\/\/roveyayinevi.com.tr\/index.php\/wp-json\/wp\/v2\/product_cat?post=753279"},{"taxonomy":"product_tag","embeddable":true,"href":"https:\/\/roveyayinevi.com.tr\/index.php\/wp-json\/wp\/v2\/product_tag?post=753279"}],"curies":[{"name":"wp","href":"https:\/\/api.w.org\/{rel}","templated":true}]}}