{"id":753276,"date":"2025-08-28T05:39:01","date_gmt":"2025-08-28T02:39:01","guid":{"rendered":"https:\/\/roveyayinevi.com.tr\/index.php\/urun\/gurur-ve-onyargi-8\/"},"modified":"2026-04-16T03:06:43","modified_gmt":"2026-04-16T00:06:43","slug":"gurur-ve-onyargi-8","status":"publish","type":"product","link":"https:\/\/roveyayinevi.com.tr\/index.php\/urun\/gurur-ve-onyargi-8\/","title":{"rendered":"Gurur ve \u00d6nyarg\u0131"},"content":{"rendered":"<p>Jane Austen\u2019\u0131n ikinci roman\u0131 olan bu eser, 18. y\u00fczy\u0131l \u0130ngilteresi\u2019nin bir portresini sunarken edebiyat d\u00fcnyas\u0131na da \u00f6lmez kad\u0131n karakterlerden biri olan Elizabeth Bennet\u2019\u0131 arma\u011fan ediyor. Ta\u015frada yeti\u015fmesine ra\u011fmen kendini geli\u015ftirmi\u015f, vaktinin \u00e7o\u011funu kitap okumakla ge\u00e7iren bu karakter, serbest davran\u0131\u015flar\u0131 ve i\u011fneleyici diliyle bir anlamda Jane Austen\u2019\u0131n da ki\u015fisel \u00f6zelliklerini yans\u0131tmaktad\u0131r. Gitgide kendinden iyice utand\u0131. Darcy ve Wickham\u2019\u0131 her d\u00fc\u015f\u00fcnd\u00fc\u011f\u00fcnde k\u00f6r, tarafl\u0131, \u00f6n yarg\u0131l\u0131 ve g\u00fcl\u00fcn\u00e7 davrand\u0131\u011f\u0131n\u0131 hissediyordu. \u201cNe kadar al\u00e7ak\u00e7a davrand\u0131m!\u201d diye hayk\u0131rd\u0131, \u201cBen ki iyiyle k\u00f6t\u00fcy\u00fc ay\u0131rt edi\u015fimle \u00f6v\u00fcn\u00fcrd\u00fcm\u2019 Ben ki becerilerim nedeniyle kendime de\u011fer verirdim! S\u0131k s\u0131k ablam\u0131n c\u00f6mert iyili\u011fini k\u00fc\u00e7\u00fcmser, i\u015fe yaramaz ve utan\u00e7 verici bir ku\u015fkuyla gururumu tatmin ederdim. Bu \u00f6\u011frendiklerim ne kadar a\u015fa\u011f\u0131lay\u0131c\u0131! \u00d6te yandan, ne kadar da hak edilmi\u015f bir a\u015fa\u011f\u0131lama! \u00c2\u015f\u0131k olsam bundan daha ac\u0131nas\u0131 bir k\u00f6rl\u00fck i\u00e7inde olmazd\u0131m. Ama benim aptall\u0131\u011f\u0131m kibir oldu, a\u015fk de\u011fil. Birinin yak\u0131nl\u0131\u011f\u0131ndan ho\u015flan\u0131p di\u011ferinin ihmaline al\u0131narak her ikisine kar\u015f\u0131, tan\u0131\u015fmam\u0131z\u0131n daha en ba\u015f\u0131nda i\u015fin i\u00e7ine \u00f6n yarg\u0131 ve cehaleti sokup mant\u0131\u011f\u0131 defettim. Bu ana dek ben bile kendimi tan\u0131m\u0131yormu\u015fum.\u201d<\/p>\n","protected":false},"excerpt":{"rendered":"<p>Jane Austen\u2019\u0131n ikinci roman\u0131 olan bu eser, 18. y\u00fczy\u0131l \u0130ngilteresi\u2019nin bir portresini sunarken edebiyat d\u00fcnyas\u0131na da \u00f6lmez kad\u0131n karakterlerden biri olan Elizabeth Bennet\u2019\u0131 arma\u011fan ediyor. Ta\u015frada<span class=\"excerpt-hellip\"> [\u2026]<\/span><\/p>\n","protected":false},"featured_media":0,"template":"","meta":{"_monsterinsights_skip_tracking":false,"_monsterinsights_sitenote_active":false,"_monsterinsights_sitenote_note":"","_monsterinsights_sitenote_category":0},"product_brand":[],"product_cat":[12291,12711],"product_tag":[],"class_list":{"0":"post-753276","1":"product","2":"type-product","3":"status-publish","5":"product_cat-edebiyat","6":"product_cat-roman-oyku","7":"pa_cilt-ciltsiz","8":"pa_tur-kitap","9":"pa_yayinevi-platanus-publishing","10":"pa_yazar-jane-austen","12":"first","13":"instock","14":"sale","15":"shipping-taxable","16":"purchasable","17":"product-type-simple"},"_links":{"self":[{"href":"https:\/\/roveyayinevi.com.tr\/index.php\/wp-json\/wp\/v2\/product\/753276","targetHints":{"allow":["GET"]}}],"collection":[{"href":"https:\/\/roveyayinevi.com.tr\/index.php\/wp-json\/wp\/v2\/product"}],"about":[{"href":"https:\/\/roveyayinevi.com.tr\/index.php\/wp-json\/wp\/v2\/types\/product"}],"wp:attachment":[{"href":"https:\/\/roveyayinevi.com.tr\/index.php\/wp-json\/wp\/v2\/media?parent=753276"}],"wp:term":[{"taxonomy":"product_brand","embeddable":true,"href":"https:\/\/roveyayinevi.com.tr\/index.php\/wp-json\/wp\/v2\/product_brand?post=753276"},{"taxonomy":"product_cat","embeddable":true,"href":"https:\/\/roveyayinevi.com.tr\/index.php\/wp-json\/wp\/v2\/product_cat?post=753276"},{"taxonomy":"product_tag","embeddable":true,"href":"https:\/\/roveyayinevi.com.tr\/index.php\/wp-json\/wp\/v2\/product_tag?post=753276"}],"curies":[{"name":"wp","href":"https:\/\/api.w.org\/{rel}","templated":true}]}}