{"id":753275,"date":"2025-08-28T05:39:00","date_gmt":"2025-08-28T02:39:00","guid":{"rendered":"https:\/\/roveyayinevi.com.tr\/index.php\/urun\/ortaogretim-ogrencilerinde-dini-hayat-ile-kaygi-ve-yalnizlik-arasindaki-iliski-uzerine-bir-arastirma-mersin-ornegi\/"},"modified":"2026-04-16T03:06:43","modified_gmt":"2026-04-16T00:06:43","slug":"ortaogretim-ogrencilerinde-dini-hayat-ile-kaygi-ve-yalnizlik-arasindaki-iliski-uzerine-bir-arastirma-mersin-ornegi","status":"publish","type":"product","link":"https:\/\/roveyayinevi.com.tr\/index.php\/urun\/ortaogretim-ogrencilerinde-dini-hayat-ile-kaygi-ve-yalnizlik-arasindaki-iliski-uzerine-bir-arastirma-mersin-ornegi\/","title":{"rendered":"Orta\u00f6\u011fretim \u00d6\u011frencilerinde Din\u00ee Hayat ile Kayg\u0131 ve Yaln\u0131zl\u0131k Aras\u0131ndaki \u0130li\u015fki \u00dczerine Bir Ara\u015ft\u0131rma (Mersin \u00d6rne\u011fi)"},"content":{"rendered":"<p>Bu \u00e7al\u0131\u015fmada, bireyin geli\u015fim d\u00f6nemlerinden biri olan ergenlik \u00e7a\u011f\u0131nda kar\u015f\u0131la\u015f\u0131lan problemlerden yaln\u0131zl\u0131k ve kayg\u0131n\u0131n din ile ili\u015fkisine yer verilmi\u015ftir. \u00d6zellikle g\u00fcn\u00fcm\u00fcz gen\u00e7li\u011finin bir anlam aray\u0131\u015f\u0131na girdi\u011fi, teknolojik geli\u015fmelerin zirveye ula\u015f\u0131p de\u011fi\u015fimin h\u0131zla ya\u015fand\u0131\u011f\u0131 bu d\u00f6nemde, gencin kayg\u0131 ve yaln\u0131zl\u0131k gibi duygular\u0131 hissetmesi beklenen bir durumdur. Bu s\u00fcre\u00e7te dua, sab\u0131r ve teslimiyet gibi din\u00ee de\u011ferlerin gen\u00e7lerin kayg\u0131 ve yaln\u0131zl\u0131kla ba\u015fa \u00e7\u0131kma s\u00fcrecine etkileri \u00f6nem kazanmaktad\u0131r. Zira dinin insan ya\u015fam\u0131n\u0131n b\u00fct\u00fcn d\u00f6nemlerinde \u00f6zellikle insan\u0131n duygu, d\u00fc\u015f\u00fcnce ve davran\u0131\u015flar\u0131nda etkin bir fakt\u00f6r oldu\u011fu kabul edilmektedir. Bu durum, bireyin ya\u015fad\u0131\u011f\u0131 bir\u00e7ok psikolojik hadise ile dindarl\u0131k ili\u015fkisinin ara\u015ft\u0131r\u0131lmas\u0131n\u0131 gerekli hale getirmi\u015ftir. Biz de bu itibarla ergenlik d\u00f6neminde din\u00ee ya\u015fay\u0131\u015f ile kayg\u0131 ve yaln\u0131zl\u0131k aras\u0131ndaki ili\u015fkinin ara\u015ft\u0131r\u0131lmas\u0131n\u0131 ama\u00e7 edindik.<\/p>\n","protected":false},"excerpt":{"rendered":"<p>Bu \u00e7al\u0131\u015fmada, bireyin geli\u015fim d\u00f6nemlerinden biri olan ergenlik \u00e7a\u011f\u0131nda kar\u015f\u0131la\u015f\u0131lan problemlerden yaln\u0131zl\u0131k ve kayg\u0131n\u0131n din ile ili\u015fkisine yer verilmi\u015ftir. \u00d6zellikle g\u00fcn\u00fcm\u00fcz gen\u00e7li\u011finin bir anlam aray\u0131\u015f\u0131na girdi\u011fi,<span class=\"excerpt-hellip\"> [\u2026]<\/span><\/p>\n","protected":false},"featured_media":0,"template":"","meta":{"_monsterinsights_skip_tracking":false,"_monsterinsights_sitenote_active":false,"_monsterinsights_sitenote_note":"","_monsterinsights_sitenote_category":0},"product_brand":[],"product_cat":[12573,12566],"product_tag":[],"class_list":{"0":"post-753275","1":"product","2":"type-product","3":"status-publish","5":"product_cat-akademik-kitaplar","6":"product_cat-egitim","7":"pa_cilt-ciltsiz","8":"pa_tur-kitap","9":"pa_yayinevi-platanus-publishing","10":"pa_yazar-ilyas-pur","12":"first","13":"instock","14":"sale","15":"shipping-taxable","16":"purchasable","17":"product-type-simple"},"_links":{"self":[{"href":"https:\/\/roveyayinevi.com.tr\/index.php\/wp-json\/wp\/v2\/product\/753275","targetHints":{"allow":["GET"]}}],"collection":[{"href":"https:\/\/roveyayinevi.com.tr\/index.php\/wp-json\/wp\/v2\/product"}],"about":[{"href":"https:\/\/roveyayinevi.com.tr\/index.php\/wp-json\/wp\/v2\/types\/product"}],"wp:attachment":[{"href":"https:\/\/roveyayinevi.com.tr\/index.php\/wp-json\/wp\/v2\/media?parent=753275"}],"wp:term":[{"taxonomy":"product_brand","embeddable":true,"href":"https:\/\/roveyayinevi.com.tr\/index.php\/wp-json\/wp\/v2\/product_brand?post=753275"},{"taxonomy":"product_cat","embeddable":true,"href":"https:\/\/roveyayinevi.com.tr\/index.php\/wp-json\/wp\/v2\/product_cat?post=753275"},{"taxonomy":"product_tag","embeddable":true,"href":"https:\/\/roveyayinevi.com.tr\/index.php\/wp-json\/wp\/v2\/product_tag?post=753275"}],"curies":[{"name":"wp","href":"https:\/\/api.w.org\/{rel}","templated":true}]}}