{"id":753274,"date":"2025-08-28T05:38:58","date_gmt":"2025-08-28T02:38:58","guid":{"rendered":"https:\/\/roveyayinevi.com.tr\/index.php\/urun\/bilissel-uyarim-terapisi-demans-tanili-bireyler-icin\/"},"modified":"2026-01-20T03:41:42","modified_gmt":"2026-01-20T00:41:42","slug":"bilissel-uyarim-terapisi-demans-tanili-bireyler-icin","status":"publish","type":"product","link":"https:\/\/roveyayinevi.com.tr\/index.php\/urun\/bilissel-uyarim-terapisi-demans-tanili-bireyler-icin\/","title":{"rendered":"Bili\u015fsel Uyar\u0131m Terapisi (Demans Tan\u0131l\u0131 Bireyler \u0130\u00e7in)"},"content":{"rendered":"<p>Ortalama ya\u015fam s\u00fcresinin uzamas\u0131 nedeni ile d\u00fcnya n\u00fcfusu giderek ya\u015flanmaktad\u0131r. \u0130leri ya\u015f hastal\u0131\u011f\u0131 olarak bilinen demans, 65 ya\u015f \u00fczerinde daha s\u0131k g\u00f6r\u00fclmekte ve ya\u015fla birlikte s\u0131kl\u0131\u011f\u0131 da artmaktad\u0131r. Demansta m\u00fcmk\u00fcn olan en erken d\u00f6nemde medikal tedaviye ba\u015flanmal\u0131, bu tedaviye ek olarak erken d\u00f6nemden itibaren destek tedavisi de verilmelidir. \u015eu anda mevcut medikal tedavilerin amac\u0131 uzun vadede hastal\u0131\u011f\u0131n seyrini yava\u015flatmak, davran\u0131\u015f ve uyku problemlerini kontrol alt\u0131na almakt\u0131r. Medikal tedaviyle birlikte sosyal destek, fiziksel ve zihinsel aktiviteler ile ki\u015finin ya\u015fam kalitesini y\u00fckseltmek m\u00fcmk\u00fcnd\u00fcr. Bili\u015fsel Uyar\u0131m Terapisi (BiUT) demansta ila\u00e7 tedavisinin yan\u0131nda destek tedavisi olarak en g\u00fcncel olan ve yayg\u0131n olarak kullan\u0131lan m\u00fcdahaledir. BiUT, bireylerin bili\u015fsel ve\/veya sosyal i\u015flevselli\u011fini, birey, grup ya da bak\u0131m verenin sosyalli\u011fini ve ya\u015fam kalitesini art\u0131ran, duygu durumunu d\u00fczenleyen, bili\u015fsel i\u015flevler, sosyal ve etkile\u015fim becerilerinin geli\u015ftirilmesine odaklanan bili\u015fsel bozukluklar i\u00e7in kullan\u0131lan giri\u015fimsel olmayan, psikososyal bir m\u00fcdahaledir. BiUT ila\u00e7 tedavisi ile birlikte kullan\u0131ld\u0131\u011f\u0131nda demans\u0131n evreler aras\u0131 ge\u00e7i\u015fini de geciktirmektedir. Ayr\u0131ca BiUT, &#8220;Cochrane review of Reality Orientation&#8221; veri taban\u0131ndaki teori ve kan\u0131tlar temelinde geli\u015ftirilmi\u015f ve uygulamaya a\u00e7\u0131lm\u0131\u015f bir modeldir.<\/p>\n","protected":false},"excerpt":{"rendered":"<p>Ortalama ya\u015fam s\u00fcresinin uzamas\u0131 nedeni ile d\u00fcnya n\u00fcfusu giderek ya\u015flanmaktad\u0131r. \u0130leri ya\u015f hastal\u0131\u011f\u0131 olarak bilinen demans, 65 ya\u015f \u00fczerinde daha s\u0131k g\u00f6r\u00fclmekte ve ya\u015fla birlikte s\u0131kl\u0131\u011f\u0131<span class=\"excerpt-hellip\"> [\u2026]<\/span><\/p>\n","protected":false},"featured_media":0,"template":"","meta":{"_monsterinsights_skip_tracking":false,"_monsterinsights_sitenote_active":false,"_monsterinsights_sitenote_note":"","_monsterinsights_sitenote_category":0},"product_brand":[],"product_cat":[12573,12566],"product_tag":[],"class_list":{"0":"post-753274","1":"product","2":"type-product","3":"status-publish","5":"product_cat-akademik-kitaplar","6":"product_cat-egitim","7":"pa_cilt-ciltsiz","8":"pa_tur-kitap","9":"pa_yayinevi-platanus-publishing","10":"pa_yazar-neslihan-lok-kadriye-buldukoglu-nur-ebru-barcin","12":"first","13":"instock","14":"sale","15":"shipping-taxable","16":"purchasable","17":"product-type-simple"},"_links":{"self":[{"href":"https:\/\/roveyayinevi.com.tr\/index.php\/wp-json\/wp\/v2\/product\/753274","targetHints":{"allow":["GET"]}}],"collection":[{"href":"https:\/\/roveyayinevi.com.tr\/index.php\/wp-json\/wp\/v2\/product"}],"about":[{"href":"https:\/\/roveyayinevi.com.tr\/index.php\/wp-json\/wp\/v2\/types\/product"}],"wp:attachment":[{"href":"https:\/\/roveyayinevi.com.tr\/index.php\/wp-json\/wp\/v2\/media?parent=753274"}],"wp:term":[{"taxonomy":"product_brand","embeddable":true,"href":"https:\/\/roveyayinevi.com.tr\/index.php\/wp-json\/wp\/v2\/product_brand?post=753274"},{"taxonomy":"product_cat","embeddable":true,"href":"https:\/\/roveyayinevi.com.tr\/index.php\/wp-json\/wp\/v2\/product_cat?post=753274"},{"taxonomy":"product_tag","embeddable":true,"href":"https:\/\/roveyayinevi.com.tr\/index.php\/wp-json\/wp\/v2\/product_tag?post=753274"}],"curies":[{"name":"wp","href":"https:\/\/api.w.org\/{rel}","templated":true}]}}