{"id":753268,"date":"2025-08-28T05:38:52","date_gmt":"2025-08-28T02:38:52","guid":{"rendered":"https:\/\/roveyayinevi.com.tr\/index.php\/urun\/geyik\/"},"modified":"2026-04-16T03:06:43","modified_gmt":"2026-04-16T00:06:43","slug":"geyik","status":"publish","type":"product","link":"https:\/\/roveyayinevi.com.tr\/index.php\/urun\/geyik\/","title":{"rendered":"Geyik"},"content":{"rendered":"<p>Sibirya \u015eamanlar\u0131yla pagan Kelt tanr\u0131lar\u0131n\u0131n, b\u00fcy\u00fcc\u00fc Merlin\u2019le Anadolulu veli Geyikli Baba\u2019n\u0131n ortak noktas\u0131 olan, Pagan d\u00fcnyadan H\u0131ristiyan ve M\u00fcsl\u00fcman d\u00fcnyaya, kutsall\u0131\u011f\u0131ndan ve gizeminden hi\u00e7bir \u015fey kaybetmeyen geyik, Orta Asya bozk\u0131rlar\u0131ndan Atlas Okyanusu\u2019nun \u00f6tesine kadar belki de hayvanlar \u00e2leminin en sembol y\u00fckl\u00fc \u00fcyesidir. Her y\u0131l boynuzlar\u0131n\u0131 yeniden yapan bu ehlile\u015ftirilemez hayvan, bir ruh rehberi, iki d\u00fcnya aras\u0131nda bir arac\u0131d\u0131r.   \u201cGeni\u015f bir alana yay\u0131lan geyik, tarih \u00f6ncesi d\u00f6nemlerden bu yana zaman\u0131n ilerleyi\u015fine e\u015flik eder. Antik Hint-Avrupa mitolojilerini i\u015fgal etmeden \u00f6nce paleolitik Avrupa\u2019n\u0131n ma\u011fara duvarlar\u0131n\u0131 doldurur; Sibirya \u015eaman ibadetlerinin merkezinde yer al\u0131r, Do\u011fu H\u0131ristiyanl\u0131\u011f\u0131n\u0131n ikonalar\u0131n\u0131 s\u00fcsler ve ayn\u0131 zamanda Japonya\u2019da Miyazaki\u2019nin \u00e7a\u011fda\u015f animasyon sinemas\u0131na ilham olur.\u201d   Yazarlar\u0131n\u0131n belirtti\u011fi \u00fczere bu kitab\u0131n amac\u0131,  \u201c[\u2026] ge\u00e7i\u015f kavram\u0131 \u00e7er\u00e7evesinde anlam ta\u015f\u0131yan ve geyi\u011fi, H\u0131ristiyanla\u015fm\u0131\u015f Avrupal\u0131lar ile Orta Asya\u2019n\u0131n kademeli olarak \u0130slam\u0131 benimsemi\u015f Zerd\u00fc\u015ft, \u015eaman veya Nasturi inan\u00e7lar\u0131na mensup T\u00fcrk\u00e7e konu\u015fan toplumlar\u0131 gibi birbirinden farkl\u0131 halklar\u0131n hayal g\u00fcc\u00fcn\u00fcn b\u00fcy\u00fck besleyicisi k\u0131lan bu \u015fa\u015f\u0131rt\u0131c\u0131 k\u00fclt\u00fcrel melezli\u011fe has birka\u00e7 \u00f6zelli\u011fe \u0131\u015f\u0131k tutmakt\u0131r.\u201d <\/p>\n","protected":false},"excerpt":{"rendered":"<p>Sibirya \u015eamanlar\u0131yla pagan Kelt tanr\u0131lar\u0131n\u0131n, b\u00fcy\u00fcc\u00fc Merlin\u2019le Anadolulu veli Geyikli Baba\u2019n\u0131n ortak noktas\u0131 olan, Pagan d\u00fcnyadan H\u0131ristiyan ve M\u00fcsl\u00fcman d\u00fcnyaya, kutsall\u0131\u011f\u0131ndan ve gizeminden hi\u00e7bir \u015fey kaybetmeyen<span class=\"excerpt-hellip\"> [\u2026]<\/span><\/p>\n","protected":false},"featured_media":0,"template":"","meta":{"_monsterinsights_skip_tracking":false,"_monsterinsights_sitenote_active":false,"_monsterinsights_sitenote_note":"","_monsterinsights_sitenote_category":0},"product_brand":[],"product_cat":[12304],"product_tag":[],"class_list":{"0":"post-753268","1":"product","2":"type-product","3":"status-publish","5":"product_cat-tarih","6":"pa_cilt-ciltsiz","7":"pa_tur-kitap","8":"pa_yayinevi-kirmizi-kedi-yayinevi","9":"pa_yazar-jeanne-pierre-laurant-thierry-zarcone","11":"first","12":"instock","13":"sale","14":"shipping-taxable","15":"purchasable","16":"product-type-simple"},"_links":{"self":[{"href":"https:\/\/roveyayinevi.com.tr\/index.php\/wp-json\/wp\/v2\/product\/753268","targetHints":{"allow":["GET"]}}],"collection":[{"href":"https:\/\/roveyayinevi.com.tr\/index.php\/wp-json\/wp\/v2\/product"}],"about":[{"href":"https:\/\/roveyayinevi.com.tr\/index.php\/wp-json\/wp\/v2\/types\/product"}],"wp:attachment":[{"href":"https:\/\/roveyayinevi.com.tr\/index.php\/wp-json\/wp\/v2\/media?parent=753268"}],"wp:term":[{"taxonomy":"product_brand","embeddable":true,"href":"https:\/\/roveyayinevi.com.tr\/index.php\/wp-json\/wp\/v2\/product_brand?post=753268"},{"taxonomy":"product_cat","embeddable":true,"href":"https:\/\/roveyayinevi.com.tr\/index.php\/wp-json\/wp\/v2\/product_cat?post=753268"},{"taxonomy":"product_tag","embeddable":true,"href":"https:\/\/roveyayinevi.com.tr\/index.php\/wp-json\/wp\/v2\/product_tag?post=753268"}],"curies":[{"name":"wp","href":"https:\/\/api.w.org\/{rel}","templated":true}]}}