{"id":753266,"date":"2025-08-28T05:38:49","date_gmt":"2025-08-28T02:38:49","guid":{"rendered":"https:\/\/roveyayinevi.com.tr\/index.php\/urun\/isigi-kim-sondurdu\/"},"modified":"2026-04-16T03:06:42","modified_gmt":"2026-04-16T00:06:42","slug":"isigi-kim-sondurdu","status":"publish","type":"product","link":"https:\/\/roveyayinevi.com.tr\/index.php\/urun\/isigi-kim-sondurdu\/","title":{"rendered":"I\u015f\u0131\u011f\u0131 Kim S\u00f6nd\u00fcrd\u00fc?"},"content":{"rendered":"<p>Mustafa Kemal Atat\u00fcrk\u2019\u00fcn  \u201cAkl\u0131, vicdan\u0131 ve irfan\u0131 h\u00fcr bir  gen\u00e7lik\u201d istemesinin \u00fczerinde \u00f6nemle durmak gerekir. Bu s\u00f6z, T\u00fcrk ayd\u0131nlanmas\u0131n\u0131n form\u00fcl\u00fcd\u00fcr.   Klasikle\u015fmi\u015f ayd\u0131nlanma tan\u0131m\u0131, \u201cakl\u0131n ve bilimin k\u0131lavuzlu\u011fu\u201d olarak kabul edilirken, Atat\u00fcrk\u2019\u00fcn ortaya att\u0131\u011f\u0131 form\u00fcl daha geni\u015f kapsaml\u0131d\u0131r. Atat\u00fcrk, ayd\u0131nlanmay\u0131 sadece akla ve bilime dayand\u0131rmakla kalmam\u0131\u015f, ona vicdan\u0131 da eklemi\u015ftir. Bu \u00fc\u00e7 unsurun birlikte  \u00f6zg\u00fcrle\u015fmesi  halinde  ayd\u0131nlanmaya  ula\u015f\u0131laca\u011f\u0131n\u0131 vurgulam\u0131\u015ft\u0131r. <\/p>\n","protected":false},"excerpt":{"rendered":"<p>Mustafa Kemal Atat\u00fcrk\u2019\u00fcn \u201cAkl\u0131, vicdan\u0131 ve irfan\u0131 h\u00fcr bir gen\u00e7lik\u201d istemesinin \u00fczerinde \u00f6nemle durmak gerekir. Bu s\u00f6z, T\u00fcrk ayd\u0131nlanmas\u0131n\u0131n form\u00fcl\u00fcd\u00fcr. Klasikle\u015fmi\u015f ayd\u0131nlanma tan\u0131m\u0131, \u201cakl\u0131n ve bilimin<span class=\"excerpt-hellip\"> [\u2026]<\/span><\/p>\n","protected":false},"featured_media":0,"template":"","meta":{"_monsterinsights_skip_tracking":false,"_monsterinsights_sitenote_active":false,"_monsterinsights_sitenote_note":"","_monsterinsights_sitenote_category":0},"product_brand":[],"product_cat":[12370,12304],"product_tag":[],"class_list":{"0":"post-753266","1":"product","2":"type-product","3":"status-publish","5":"product_cat-arastirma-inceleme","6":"product_cat-tarih","7":"pa_cilt-ciltsiz","8":"pa_tur-kitap","9":"pa_yayinevi-kirmizi-kedi-yayinevi","10":"pa_yazar-nur-serter","12":"first","13":"instock","14":"sale","15":"shipping-taxable","16":"purchasable","17":"product-type-simple"},"_links":{"self":[{"href":"https:\/\/roveyayinevi.com.tr\/index.php\/wp-json\/wp\/v2\/product\/753266","targetHints":{"allow":["GET"]}}],"collection":[{"href":"https:\/\/roveyayinevi.com.tr\/index.php\/wp-json\/wp\/v2\/product"}],"about":[{"href":"https:\/\/roveyayinevi.com.tr\/index.php\/wp-json\/wp\/v2\/types\/product"}],"wp:attachment":[{"href":"https:\/\/roveyayinevi.com.tr\/index.php\/wp-json\/wp\/v2\/media?parent=753266"}],"wp:term":[{"taxonomy":"product_brand","embeddable":true,"href":"https:\/\/roveyayinevi.com.tr\/index.php\/wp-json\/wp\/v2\/product_brand?post=753266"},{"taxonomy":"product_cat","embeddable":true,"href":"https:\/\/roveyayinevi.com.tr\/index.php\/wp-json\/wp\/v2\/product_cat?post=753266"},{"taxonomy":"product_tag","embeddable":true,"href":"https:\/\/roveyayinevi.com.tr\/index.php\/wp-json\/wp\/v2\/product_tag?post=753266"}],"curies":[{"name":"wp","href":"https:\/\/api.w.org\/{rel}","templated":true}]}}