{"id":753265,"date":"2025-08-28T05:38:47","date_gmt":"2025-08-28T02:38:47","guid":{"rendered":"https:\/\/roveyayinevi.com.tr\/index.php\/urun\/resul-riza-uzak-ellerin-yakin-tohfeleri\/"},"modified":"2026-04-16T03:06:42","modified_gmt":"2026-04-16T00:06:42","slug":"resul-riza-uzak-ellerin-yakin-tohfeleri","status":"publish","type":"product","link":"https:\/\/roveyayinevi.com.tr\/index.php\/urun\/resul-riza-uzak-ellerin-yakin-tohfeleri\/","title":{"rendered":"Resul R\u0131za Uzak Ellerin Yak\u0131n T\u00f6hfeleri"},"content":{"rendered":"<p>Bu kitap Resul R\u0131za\u2019n\u0131n, Bahtiyar Vahapzade ve Kas\u0131m Kas\u0131mzade ile 1959 y\u0131l\u0131nda Kerk\u00fck\u2019e yapm\u0131\u015f oldu\u011fu ziyaret sonras\u0131 professor Gazanfer Pa\u015fayevle ortakla\u015fa \u00e7\u0131kar\u0131lan \u201cKerk\u00fck Bayat\u0131lar\u0131\u201d (1968) kitap\u0131n\u0131n \u00f6n s\u00f6z\u00fc olarak yer alm\u0131\u015fd\u0131r. \u015eairin \u201cUzak ellerin yak\u0131n t\u00f6hfeleri\u201d adl\u0131 yaz\u0131s\u0131 1969 y\u0131l\u0131nda Ba\u011fdatta \u00e7\u0131kan \u201cKarde\u015flik\u201d dergisinin 6 say\u0131nda \u00e7ap olunmu\u015ftur.   Kerk\u00fckl\u00fc yazar Dr. \u015eemsettin K\u00fczeci bu yaz\u0131n\u0131 yeni T\u00fcrk\u00e7eyle Resul R\u0131zan\u0131n Kerk\u00fckle ba\u011fl\u0131 ba\u015fka \u015fiirleri ve hakk\u0131nda yaz\u0131lardan \u00f6rnekler vererek, kitap haline getirmi\u015ftir. <\/p>\n","protected":false},"excerpt":{"rendered":"<p>Bu kitap Resul R\u0131za\u2019n\u0131n, Bahtiyar Vahapzade ve Kas\u0131m Kas\u0131mzade ile 1959 y\u0131l\u0131nda Kerk\u00fck\u2019e yapm\u0131\u015f oldu\u011fu ziyaret sonras\u0131 professor Gazanfer Pa\u015fayevle ortakla\u015fa \u00e7\u0131kar\u0131lan \u201cKerk\u00fck Bayat\u0131lar\u0131\u201d (1968) kitap\u0131n\u0131n<span class=\"excerpt-hellip\"> [\u2026]<\/span><\/p>\n","protected":false},"featured_media":0,"template":"","meta":{"_monsterinsights_skip_tracking":false,"_monsterinsights_sitenote_active":false,"_monsterinsights_sitenote_note":"","_monsterinsights_sitenote_category":0},"product_brand":[],"product_cat":[13072,12291],"product_tag":[],"class_list":{"0":"post-753265","1":"product","2":"type-product","3":"status-publish","5":"product_cat-arastirma-inceleme-referans","6":"product_cat-edebiyat","7":"pa_cilt-ciltsiz","8":"pa_tur-kitap","9":"pa_yayinevi-gulnar-yayinlari","10":"pa_yazar-semsettin-kuzeci","12":"first","13":"instock","14":"sale","15":"shipping-taxable","16":"purchasable","17":"product-type-simple"},"_links":{"self":[{"href":"https:\/\/roveyayinevi.com.tr\/index.php\/wp-json\/wp\/v2\/product\/753265","targetHints":{"allow":["GET"]}}],"collection":[{"href":"https:\/\/roveyayinevi.com.tr\/index.php\/wp-json\/wp\/v2\/product"}],"about":[{"href":"https:\/\/roveyayinevi.com.tr\/index.php\/wp-json\/wp\/v2\/types\/product"}],"wp:attachment":[{"href":"https:\/\/roveyayinevi.com.tr\/index.php\/wp-json\/wp\/v2\/media?parent=753265"}],"wp:term":[{"taxonomy":"product_brand","embeddable":true,"href":"https:\/\/roveyayinevi.com.tr\/index.php\/wp-json\/wp\/v2\/product_brand?post=753265"},{"taxonomy":"product_cat","embeddable":true,"href":"https:\/\/roveyayinevi.com.tr\/index.php\/wp-json\/wp\/v2\/product_cat?post=753265"},{"taxonomy":"product_tag","embeddable":true,"href":"https:\/\/roveyayinevi.com.tr\/index.php\/wp-json\/wp\/v2\/product_tag?post=753265"}],"curies":[{"name":"wp","href":"https:\/\/api.w.org\/{rel}","templated":true}]}}