{"id":753264,"date":"2025-08-28T05:38:46","date_gmt":"2025-08-28T02:38:46","guid":{"rendered":"https:\/\/roveyayinevi.com.tr\/index.php\/urun\/ey-ask-2\/"},"modified":"2026-04-16T03:06:42","modified_gmt":"2026-04-16T00:06:42","slug":"ey-ask-2","status":"publish","type":"product","link":"https:\/\/roveyayinevi.com.tr\/index.php\/urun\/ey-ask-2\/","title":{"rendered":"Ey A\u015fk !"},"content":{"rendered":"<p>Yer yer \u015fiirlerinde Allah\u2019a yakar\u0131\u015f, yer yer vatan sevgisi, bazen sevgiliye duyulan \u00f6zlem, bazen birlik olmaya \u00e7a\u011fr\u0131, bazen d\u00fcnyan\u0131n ge\u00e7ici ve aldat\u0131c\u0131 tuzaklar\u0131 noktas\u0131nda okuyucusuna bir vaiz edas\u0131yla istikamet verme, bazen toplumsal sorunlara duyars\u0131z kalan insan\u0131m\u0131z\u0131 uyaran bir sosyolog tavr\u0131, baz\u0131 zaman verdi\u011fi binlerce nimetinden \u00f6t\u00fcr\u00fc Y\u00fcce Yaradan\u2019a arz edilen \u015f\u00fckr\u00e2ne, bazen Allah\u2019\u0131n el\u00e7isi, t\u00fcm zamanlar\u0131n muhte\u015fem lideri, ahlak abidesi Hz Muhammed\u2019e (s.a.v) olan sayg\u0131, \u00f6zlem ve hasret, bazen toplumu i\u00e7ten i\u00e7e \u00e7\u00f6kerten arkadan \u00e7eki\u015ftirme, \u00e7elme takma, ikiy\u00fczl\u00fcl\u00fck gibi konularda ahlak\u00ee gerilemeye dikkat \u00e7ekme, baz\u0131 zaman da tabiat\u0131 tasvir eden pastoral bir g\u00f6zlem\u2026 <\/p>\n","protected":false},"excerpt":{"rendered":"<p>Yer yer \u015fiirlerinde Allah\u2019a yakar\u0131\u015f, yer yer vatan sevgisi, bazen sevgiliye duyulan \u00f6zlem, bazen birlik olmaya \u00e7a\u011fr\u0131, bazen d\u00fcnyan\u0131n ge\u00e7ici ve aldat\u0131c\u0131 tuzaklar\u0131 noktas\u0131nda okuyucusuna bir<span class=\"excerpt-hellip\"> [\u2026]<\/span><\/p>\n","protected":false},"featured_media":0,"template":"","meta":{"_monsterinsights_skip_tracking":false,"_monsterinsights_sitenote_active":false,"_monsterinsights_sitenote_note":"","_monsterinsights_sitenote_category":0},"product_brand":[],"product_cat":[12291,12509],"product_tag":[],"class_list":{"0":"post-753264","1":"product","2":"type-product","3":"status-publish","5":"product_cat-edebiyat","6":"product_cat-siir","7":"pa_cilt-ciltsiz","8":"pa_tur-kitap","9":"pa_yayinevi-gulnar-yayinlari","10":"pa_yazar-halil-manus","12":"first","13":"instock","14":"sale","15":"shipping-taxable","16":"purchasable","17":"product-type-simple"},"_links":{"self":[{"href":"https:\/\/roveyayinevi.com.tr\/index.php\/wp-json\/wp\/v2\/product\/753264","targetHints":{"allow":["GET"]}}],"collection":[{"href":"https:\/\/roveyayinevi.com.tr\/index.php\/wp-json\/wp\/v2\/product"}],"about":[{"href":"https:\/\/roveyayinevi.com.tr\/index.php\/wp-json\/wp\/v2\/types\/product"}],"wp:attachment":[{"href":"https:\/\/roveyayinevi.com.tr\/index.php\/wp-json\/wp\/v2\/media?parent=753264"}],"wp:term":[{"taxonomy":"product_brand","embeddable":true,"href":"https:\/\/roveyayinevi.com.tr\/index.php\/wp-json\/wp\/v2\/product_brand?post=753264"},{"taxonomy":"product_cat","embeddable":true,"href":"https:\/\/roveyayinevi.com.tr\/index.php\/wp-json\/wp\/v2\/product_cat?post=753264"},{"taxonomy":"product_tag","embeddable":true,"href":"https:\/\/roveyayinevi.com.tr\/index.php\/wp-json\/wp\/v2\/product_tag?post=753264"}],"curies":[{"name":"wp","href":"https:\/\/api.w.org\/{rel}","templated":true}]}}