{"id":753262,"date":"2025-08-28T05:38:42","date_gmt":"2025-08-28T02:38:42","guid":{"rendered":"https:\/\/roveyayinevi.com.tr\/index.php\/urun\/kitabul-pinhan\/"},"modified":"2026-04-16T03:06:42","modified_gmt":"2026-04-16T00:06:42","slug":"kitabul-pinhan","status":"publish","type":"product","link":"https:\/\/roveyayinevi.com.tr\/index.php\/urun\/kitabul-pinhan\/","title":{"rendered":"Kitab\u00fc&#8217;l Pinhan"},"content":{"rendered":"<p>Ku\u0308\u00e7u\u0308k bir Osmanl\u0131 sanca\u011f\u0131n\u0131n esamesi okunmayan s\u0131radan bir \u015fehrine g\u00f6r\u00fcn\u00fc\u015fte basit bir olay\u0131n ard\u0131na du\u0308\u015fmek i\u00e7in gelen iki yolcu, asl\u0131nda d\u00f6rt yu\u0308z y\u0131l \u00f6nce ba\u015flam\u0131\u015f bir hik\u00e2yenin izini s\u00fcrd\u00fcklerinden habersizlerdi. Bozk\u0131r\u0131n ortas\u0131na kurulu \u015fehrin en naml\u0131 han\u0131na gelen adamlar sadece ge\u00e7ici bir bar\u0131na\u011fa de\u011fil, insanlar aras\u0131ndaki g\u00fc\u00e7 ili\u015fkilerini k\u00f6kten de\u011fi\u015ftirecek bir hayalin, yar\u0131m kalm\u0131\u015f bir hik\u00e2yenin tam ortas\u0131na yerle\u015fiyorlard\u0131. Asl\u0131nda bu b\u00fcy\u00fck hayalin yakt\u0131\u011f\u0131 ilk k\u0131v\u0131lc\u0131m harlanmadan s\u00f6nm\u00fc\u015f, \u00e7oktan k\u00fcllenmi\u015fti. Ya da \u00f6yle san\u0131l\u0131yordu. End\u00fcl\u00fcs\u2019te yaz\u0131ld\u0131ktan sonra kayboldu\u011fu d\u00fc\u015f\u00fcn\u00fclen \u201cKitab\u00fc\u2019l Pinhan\u201d\u0131n yeniden ortaya \u00e7\u0131k\u0131\u015f\u0131, b\u00fct\u00fcn g\u00fc\u00e7 denglerini alt \u00fcst etmi\u015f, Osmanl\u0131 topraklar\u0131nda amans\u0131z bir takip ba\u015flam\u0131\u015ft\u0131. Bu efsunlu kitaba sahip olan\u0131n elde edece\u011fi s\u0131n\u0131rs\u0131z g\u00fc\u00e7, sadece insanlar\u0131n de\u011fil c\u00fcmle mahlukat\u0131n \u00fczerinde tahakk\u00fcm kuraca\u011f\u0131ndan bir an \u00f6nce bulunmal\u0131 ve yok edilmeliydi. Mehmet Ali Arslanbaba\u2019n\u0131n ilk roman\u0131 Kitab\u00fc\u2019l Pinhan, gizli ilimlerde derinle\u015fen bir alimin yakt\u0131\u011f\u0131 iktidar ate\u015finin d\u00fcnyay\u0131 nas\u0131l yak\u0131p kavurabilece\u011fini g\u00f6steriyor.   \u201cSize, i\u015fte bu mezarl\u0131kta defalarca kez tekrarlanan o gu\u0308\u00e7 m\u00fccadelelerinden birini anlataca\u011f\u0131m. Peki neden anlat\u0131l\u0131r bu tu\u0308r hik\u00e2yeler? Dinleyen ibret als\u0131n diye mi? H\u00e2lbuki, insan\u0131n duydu\u011fundan ibret ald\u0131\u011f\u0131 koskoca bir yaland\u0131r; ya\u015fad\u0131\u011f\u0131ndan al\u0131rsa ne \u00e2l\u00e2. Ayr\u0131ca siz anlatacaklar\u0131ma hik\u00e2ye dedi\u011fime bakmay\u0131n, hepsi hakikat.\u201d <\/p>\n","protected":false},"excerpt":{"rendered":"<p>Ku\u0308\u00e7u\u0308k bir Osmanl\u0131 sanca\u011f\u0131n\u0131n esamesi okunmayan s\u0131radan bir \u015fehrine g\u00f6r\u00fcn\u00fc\u015fte basit bir olay\u0131n ard\u0131na du\u0308\u015fmek i\u00e7in gelen iki yolcu, asl\u0131nda d\u00f6rt yu\u0308z y\u0131l \u00f6nce ba\u015flam\u0131\u015f bir<span class=\"excerpt-hellip\"> [\u2026]<\/span><\/p>\n","protected":false},"featured_media":0,"template":"","meta":{"_monsterinsights_skip_tracking":false,"_monsterinsights_sitenote_active":false,"_monsterinsights_sitenote_note":"","_monsterinsights_sitenote_category":0},"product_brand":[],"product_cat":[12291,12711],"product_tag":[],"class_list":{"0":"post-753262","1":"product","2":"type-product","3":"status-publish","5":"product_cat-edebiyat","6":"product_cat-roman-oyku","7":"pa_cilt-ciltsiz","8":"pa_tur-kitap","9":"pa_yayinevi-divan-kitap","10":"pa_yazar-mehmet-ali-arslanbaba","12":"first","13":"instock","14":"sale","15":"shipping-taxable","16":"purchasable","17":"product-type-simple"},"_links":{"self":[{"href":"https:\/\/roveyayinevi.com.tr\/index.php\/wp-json\/wp\/v2\/product\/753262","targetHints":{"allow":["GET"]}}],"collection":[{"href":"https:\/\/roveyayinevi.com.tr\/index.php\/wp-json\/wp\/v2\/product"}],"about":[{"href":"https:\/\/roveyayinevi.com.tr\/index.php\/wp-json\/wp\/v2\/types\/product"}],"wp:attachment":[{"href":"https:\/\/roveyayinevi.com.tr\/index.php\/wp-json\/wp\/v2\/media?parent=753262"}],"wp:term":[{"taxonomy":"product_brand","embeddable":true,"href":"https:\/\/roveyayinevi.com.tr\/index.php\/wp-json\/wp\/v2\/product_brand?post=753262"},{"taxonomy":"product_cat","embeddable":true,"href":"https:\/\/roveyayinevi.com.tr\/index.php\/wp-json\/wp\/v2\/product_cat?post=753262"},{"taxonomy":"product_tag","embeddable":true,"href":"https:\/\/roveyayinevi.com.tr\/index.php\/wp-json\/wp\/v2\/product_tag?post=753262"}],"curies":[{"name":"wp","href":"https:\/\/api.w.org\/{rel}","templated":true}]}}