{"id":753261,"date":"2025-08-28T05:38:40","date_gmt":"2025-08-28T02:38:40","guid":{"rendered":"https:\/\/roveyayinevi.com.tr\/index.php\/urun\/kisa-bir-evliligin-oykusu\/"},"modified":"2026-04-16T03:06:42","modified_gmt":"2026-04-16T00:06:42","slug":"kisa-bir-evliligin-oykusu","status":"publish","type":"product","link":"https:\/\/roveyayinevi.com.tr\/index.php\/urun\/kisa-bir-evliligin-oykusu\/","title":{"rendered":"K\u0131sa Bir Evlili\u011fin \u00d6yk\u00fcs\u00fc"},"content":{"rendered":"<p>Yaln\u0131zl\u0131k m\u0131 \u00f6l\u00fcm m\u00fc daha korkutucu?\u0130\u00e7 sava\u015f\u0131n 25. y\u0131l\u0131nda Sri Lanka\u2019n\u0131n Tamil az\u0131nl\u0131\u011f\u0131, ordu taraf\u0131ndan sahile do\u011fru \u00e7ekilmeye zorlanm\u0131\u015ft\u0131.Tahliye edilenlerden Dinesh\u2019in hayat\u0131 bir kamptan ibaret hale geldi, saatin ka\u00e7 oldu\u011funu art\u0131k hi\u00e7 \u015fa\u015fmadan d\u00fc\u015fen bombalardan anl\u0131yordu. Ailesine, evine, diline ve kendi bedenine yabanc\u0131la\u015fm\u0131\u015ft\u0131, etraf\u0131ndaki vah\u015fete kar\u015f\u0131 uyu\u015fmu\u015f bir halde her \u015feyi sessizce kabulleniyordu.Bir sabah ya\u015fl\u0131 bir adam hi\u00e7 beklemedi\u011fi bir teklifle yan\u0131na geldi.Ondan k\u0131z\u0131 Ganga\u2019yla evlenmesini istiyordu. \u00d6yle bir d\u00fcnyada evlilik Dinesh i\u00e7in g\u00fcvenlik demekti. Bir \u00e7ift olarak sava\u015fmaya zorlanmalar\u0131 daha zordu, eziyete maruz kalma ihtimalleri daha az. Bu zaruri yak\u0131nl\u0131k, Dinesh ve Ganga\u2019n\u0131n kendilerini fark etmelerini sa\u011flayacak.Ta ki&#8230;\u201c\u0130nsan ruhunun derinliklerine, g\u00fcnl\u00fck hayat\u0131n \u00f6z\u00fcne dair cesurca yaz\u0131lm\u0131\u015f, muazzam bir kitap.\u201d \u2013 New York Times Book Review\u201cOla\u011fan\u00fcst\u00fc. Jose Saramago taraf\u0131ndan yaz\u0131lm\u0131\u015f bir masal gibi.\u201d \u2013 The Guardian<\/p>\n","protected":false},"excerpt":{"rendered":"<p>Yaln\u0131zl\u0131k m\u0131 \u00f6l\u00fcm m\u00fc daha korkutucu?\u0130\u00e7 sava\u015f\u0131n 25. y\u0131l\u0131nda Sri Lanka\u2019n\u0131n Tamil az\u0131nl\u0131\u011f\u0131, ordu taraf\u0131ndan sahile do\u011fru \u00e7ekilmeye zorlanm\u0131\u015ft\u0131.Tahliye edilenlerden Dinesh\u2019in hayat\u0131 bir kamptan ibaret hale<span class=\"excerpt-hellip\"> [\u2026]<\/span><\/p>\n","protected":false},"featured_media":0,"template":"","meta":{"_monsterinsights_skip_tracking":false,"_monsterinsights_sitenote_active":false,"_monsterinsights_sitenote_note":"","_monsterinsights_sitenote_category":0},"product_brand":[],"product_cat":[12291,12711],"product_tag":[],"class_list":{"0":"post-753261","1":"product","2":"type-product","3":"status-publish","5":"product_cat-edebiyat","6":"product_cat-roman-oyku","7":"pa_cilt-ciltsiz","8":"pa_tur-kitap","9":"pa_yayinevi-sahi-kitap","10":"pa_yazar-anuk-arudpragasam","12":"first","13":"instock","14":"sale","15":"shipping-taxable","16":"purchasable","17":"product-type-simple"},"_links":{"self":[{"href":"https:\/\/roveyayinevi.com.tr\/index.php\/wp-json\/wp\/v2\/product\/753261","targetHints":{"allow":["GET"]}}],"collection":[{"href":"https:\/\/roveyayinevi.com.tr\/index.php\/wp-json\/wp\/v2\/product"}],"about":[{"href":"https:\/\/roveyayinevi.com.tr\/index.php\/wp-json\/wp\/v2\/types\/product"}],"wp:attachment":[{"href":"https:\/\/roveyayinevi.com.tr\/index.php\/wp-json\/wp\/v2\/media?parent=753261"}],"wp:term":[{"taxonomy":"product_brand","embeddable":true,"href":"https:\/\/roveyayinevi.com.tr\/index.php\/wp-json\/wp\/v2\/product_brand?post=753261"},{"taxonomy":"product_cat","embeddable":true,"href":"https:\/\/roveyayinevi.com.tr\/index.php\/wp-json\/wp\/v2\/product_cat?post=753261"},{"taxonomy":"product_tag","embeddable":true,"href":"https:\/\/roveyayinevi.com.tr\/index.php\/wp-json\/wp\/v2\/product_tag?post=753261"}],"curies":[{"name":"wp","href":"https:\/\/api.w.org\/{rel}","templated":true}]}}