{"id":753260,"date":"2025-08-28T05:38:39","date_gmt":"2025-08-28T02:38:39","guid":{"rendered":"https:\/\/roveyayinevi.com.tr\/index.php\/urun\/ittihadcinin-sandigi\/"},"modified":"2026-04-16T03:06:42","modified_gmt":"2026-04-16T00:06:42","slug":"ittihadcinin-sandigi","status":"publish","type":"product","link":"https:\/\/roveyayinevi.com.tr\/index.php\/urun\/ittihadcinin-sandigi\/","title":{"rendered":"\u0130ttihad\u00e7\u0131\u2019n\u0131n Sand\u0131\u011f\u0131"},"content":{"rendered":"<p>\u0130ttihad ve Terakki liderlerinin \u00f6zel ar\u015fivlerindeki yay\u0131nlanmam\u0131\u015f belgeler ile Atat\u00fcrk ve \u0130n\u00f6n\u00fc d\u00f6nemlerinde Ermeni gayrimenkulleri konusunda al\u0131nm\u0131\u015f baz\u0131 kararlar.<\/p>\n","protected":false},"excerpt":{"rendered":"<p>\u0130ttihad ve Terakki liderlerinin \u00f6zel ar\u015fivlerindeki yay\u0131nlanmam\u0131\u015f belgeler ile Atat\u00fcrk ve \u0130n\u00f6n\u00fc d\u00f6nemlerinde Ermeni gayrimenkulleri konusunda al\u0131nm\u0131\u015f baz\u0131 kararlar.<\/p>\n","protected":false},"featured_media":0,"template":"","meta":{"_monsterinsights_skip_tracking":false,"_monsterinsights_sitenote_active":false,"_monsterinsights_sitenote_note":"","_monsterinsights_sitenote_category":0},"product_brand":[],"product_cat":[12370,12304],"product_tag":[],"class_list":{"0":"post-753260","1":"product","2":"type-product","3":"status-publish","5":"product_cat-arastirma-inceleme","6":"product_cat-tarih","7":"pa_cilt-ciltsiz","8":"pa_tur-kitap","9":"pa_yayinevi-turkuvaz-kitap","10":"pa_yazar-murat-bardakci","12":"first","13":"instock","14":"sale","15":"shipping-taxable","16":"purchasable","17":"product-type-simple"},"_links":{"self":[{"href":"https:\/\/roveyayinevi.com.tr\/index.php\/wp-json\/wp\/v2\/product\/753260","targetHints":{"allow":["GET"]}}],"collection":[{"href":"https:\/\/roveyayinevi.com.tr\/index.php\/wp-json\/wp\/v2\/product"}],"about":[{"href":"https:\/\/roveyayinevi.com.tr\/index.php\/wp-json\/wp\/v2\/types\/product"}],"wp:attachment":[{"href":"https:\/\/roveyayinevi.com.tr\/index.php\/wp-json\/wp\/v2\/media?parent=753260"}],"wp:term":[{"taxonomy":"product_brand","embeddable":true,"href":"https:\/\/roveyayinevi.com.tr\/index.php\/wp-json\/wp\/v2\/product_brand?post=753260"},{"taxonomy":"product_cat","embeddable":true,"href":"https:\/\/roveyayinevi.com.tr\/index.php\/wp-json\/wp\/v2\/product_cat?post=753260"},{"taxonomy":"product_tag","embeddable":true,"href":"https:\/\/roveyayinevi.com.tr\/index.php\/wp-json\/wp\/v2\/product_tag?post=753260"}],"curies":[{"name":"wp","href":"https:\/\/api.w.org\/{rel}","templated":true}]}}