{"id":753255,"date":"2025-08-28T05:38:32","date_gmt":"2025-08-28T02:38:32","guid":{"rendered":"https:\/\/roveyayinevi.com.tr\/index.php\/urun\/akil-okuma-sanati\/"},"modified":"2026-04-16T03:06:42","modified_gmt":"2026-04-16T00:06:42","slug":"akil-okuma-sanati","status":"publish","type":"product","link":"https:\/\/roveyayinevi.com.tr\/index.php\/urun\/akil-okuma-sanati\/","title":{"rendered":"Ak\u0131l Okuma Sanat\u0131"},"content":{"rendered":"<p>\u201cBir limonu \u0131s\u0131rd\u0131\u011f\u0131n\u0131z\u0131 ve limonun ek\u015fi tad\u0131n\u0131 hayal edin. Bunu ger\u00e7ekten hayal ettiyseniz, fiziksel bir tepki vereceksiniz. A\u011fz\u0131n\u0131z buru\u015fmu\u015f ve t\u00fck\u00fcr\u00fck salg\u0131laman\u0131z artm\u0131\u015f olacak.Oysaki tek yapt\u0131\u011f\u0131n\u0131z hayal g\u00fcc\u00fcn\u00fcz\u00fc kullanmakt\u0131. Beyniniz ise ger\u00e7ekten bir limonu \u0131s\u0131rm\u0131\u015fs\u0131n\u0131z gibi tepki verdi. Burada ortaya ilgin\u00e7 bir soru \u00e7\u0131k\u0131yor: Beynimiz hayali durumlar\u0131, hayattaki ger\u00e7ek tecr\u00fcbelerden ay\u0131rmakta bu kadar zorlan\u0131yorsa, neyin ger\u00e7ek neyin hal\u00fcsinasyon oldu\u011funu nas\u0131l anlayaca\u011f\u0131z?\u201dHer \u015feyi g\u00f6rm\u00fcyoruz, ayr\u0131nt\u0131lar\u0131 ka\u00e7\u0131r\u0131yoruz ve i\u015faretleri yanl\u0131\u015f yorumluyoruz. Sonunda da gereksiz yanl\u0131\u015f anlamalarla kar\u015f\u0131la\u015f\u0131yoruz. Kar\u015f\u0131m\u0131zdaki insan\u0131n ne d\u00fc\u015f\u00fcnd\u00fc\u011f\u00fcn\u00fc, ne hissetti\u011fini bilebilmek, d\u00fc\u015f\u00fcnce ve inan\u00e7lar\u0131n\u0131 istedi\u011fimiz gibi kontrol edebilmek neredeyse hepimiz i\u00e7in kar\u015f\u0131 konulmayacak derecede cezbedicidir.Henrik Fexeus ak\u0131l okuma kavram\u0131na, hayat\u0131n\u0131z\u0131n her alan\u0131nda; fikirlerinizin anla\u015f\u0131lmas\u0131 ve ba\u015fkalar\u0131n\u0131 etkilemek istedi\u011finiz her t\u00fcrl\u00fc konuda ve sosyal ortamda kullanabilece\u011finiz yepyeni bir yorum getiriyor. Gizli mesajlar\u0131 de\u015fifre etmek, art\u0131k d\u00fc\u015f\u00fcnd\u00fc\u011f\u00fcn\u00fczden \u00e7ok daha kolay olacak.Fexeus\u2019un ilk kitab\u0131 olan Ak\u0131l Okuma Sanat\u0131 yirminin \u00fczerinde \u00fclkede yay\u0131nlanarak uluslararas\u0131 d\u00fczeyde b\u00fcy\u00fck bir ba\u015far\u0131 elde etti.<\/p>\n","protected":false},"excerpt":{"rendered":"<p>\u201cBir limonu \u0131s\u0131rd\u0131\u011f\u0131n\u0131z\u0131 ve limonun ek\u015fi tad\u0131n\u0131 hayal edin. Bunu ger\u00e7ekten hayal ettiyseniz, fiziksel bir tepki vereceksiniz. A\u011fz\u0131n\u0131z buru\u015fmu\u015f ve t\u00fck\u00fcr\u00fck salg\u0131laman\u0131z artm\u0131\u015f olacak.Oysaki tek yapt\u0131\u011f\u0131n\u0131z<span class=\"excerpt-hellip\"> [\u2026]<\/span><\/p>\n","protected":false},"featured_media":0,"template":"","meta":{"_monsterinsights_skip_tracking":false,"_monsterinsights_sitenote_active":false,"_monsterinsights_sitenote_note":"","_monsterinsights_sitenote_category":0},"product_brand":[],"product_cat":[13488],"product_tag":[],"class_list":{"0":"post-753255","1":"product","2":"type-product","3":"status-publish","5":"product_cat-toplum-ve-insan","6":"pa_cilt-ciltsiz","7":"pa_tur-kitap","8":"pa_yayinevi-diyojen-yayincilik","9":"pa_yazar-henrik-fexeus","11":"first","12":"instock","13":"sale","14":"shipping-taxable","15":"purchasable","16":"product-type-simple"},"_links":{"self":[{"href":"https:\/\/roveyayinevi.com.tr\/index.php\/wp-json\/wp\/v2\/product\/753255","targetHints":{"allow":["GET"]}}],"collection":[{"href":"https:\/\/roveyayinevi.com.tr\/index.php\/wp-json\/wp\/v2\/product"}],"about":[{"href":"https:\/\/roveyayinevi.com.tr\/index.php\/wp-json\/wp\/v2\/types\/product"}],"wp:attachment":[{"href":"https:\/\/roveyayinevi.com.tr\/index.php\/wp-json\/wp\/v2\/media?parent=753255"}],"wp:term":[{"taxonomy":"product_brand","embeddable":true,"href":"https:\/\/roveyayinevi.com.tr\/index.php\/wp-json\/wp\/v2\/product_brand?post=753255"},{"taxonomy":"product_cat","embeddable":true,"href":"https:\/\/roveyayinevi.com.tr\/index.php\/wp-json\/wp\/v2\/product_cat?post=753255"},{"taxonomy":"product_tag","embeddable":true,"href":"https:\/\/roveyayinevi.com.tr\/index.php\/wp-json\/wp\/v2\/product_tag?post=753255"}],"curies":[{"name":"wp","href":"https:\/\/api.w.org\/{rel}","templated":true}]}}