{"id":753254,"date":"2025-08-28T05:38:31","date_gmt":"2025-08-28T02:38:31","guid":{"rendered":"https:\/\/roveyayinevi.com.tr\/index.php\/urun\/sana-nasil-yeniden-guvenecegim\/"},"modified":"2025-12-30T11:12:41","modified_gmt":"2025-12-30T08:12:41","slug":"sana-nasil-yeniden-guvenecegim","status":"publish","type":"product","link":"https:\/\/roveyayinevi.com.tr\/index.php\/urun\/sana-nasil-yeniden-guvenecegim\/","title":{"rendered":"Sana Nas\u0131l Yeniden G\u00fcvenece\u011fim?"},"content":{"rendered":"<p>\u201cBu kitap, sadakatsizli\u011fin ard\u0131ndan ili\u015fkilerini yeniden kurmak isteyen \u00e7iftler i\u00e7in harika bir rehber. Dr. Spring, \u00e7arp\u0131c\u0131 bir anlat\u0131mla sadakatsizli\u011fin k\u00f6kenlerini a\u00e7\u0131kl\u0131yor ve ili\u015fkiyi onarmak i\u00e7in etkileyici \u00f6neriler sunuyor.\u201d Aaron BeckZarar g\u00f6rm\u00fc\u015f ili\u015fkilerde g\u00fcveni yeniden in\u015fa etmek m\u00fcmk\u00fcn m\u00fcd\u00fcr? Dr. Spring, iki taraf da d\u00fcr\u00fcst davran\u0131rsa ve bu s\u00fcreci atlatmak i\u00e7in gereken becerileri \u00f6\u011frenmeye hevesli olursa bunun m\u00fcmk\u00fcn olaca\u011f\u0131n\u0131 belirtiyor. Taraflar\u0131 \u201cincinmi\u015f\u201d ve \u201csadakatsiz\u201d partner olarak isimlendiren Spring, bu ac\u0131 verici deneyimin s\u00fcre\u00e7lerini iki taraf a\u00e7\u0131s\u0131ndan da ele alarak \u00e7iftlere birbirlerinin zihinlerine ve kalplerine yeniden ula\u015fabilecekleri bir alan a\u00e7\u0131yor. Bu g\u00fcvenli alanda partnerlerin daha b\u00fcy\u00fck bir anlay\u0131\u015f ve \u015fefkatle sorunun k\u00f6kenine inmelerine, kendilerine kar\u015f\u0131 d\u00fcr\u00fcst olmalar\u0131na ve e\u011fer isterlerse yeniden yak\u0131nla\u015fmalar\u0131na olanak sa\u011flayacak ad\u0131mlar incelikle \u00f6zetleniyor. \u201cSana Nas\u0131l Yeniden G\u00fcvenece\u011fim?\u201d sadakatsizli\u011fin ard\u0131ndan gitme veya kalma karar\u0131n\u0131 vermenin, olanlar hakk\u0131nda konu\u015fman\u0131n, affetmeyi \u00f6\u011frenmenin ve cinsel yak\u0131nl\u0131\u011f\u0131 yeniden olu\u015fturman\u0131n yan\u0131 s\u0131ra sanal ortamdaki ihanet bi\u00e7imlerine nas\u0131l yakla\u015f\u0131labilece\u011finin de pratik yollar\u0131n\u0131 g\u00f6steriyor.\u0130li\u015fkilerin karma\u015f\u0131kl\u0131\u011f\u0131n\u0131 ve bireysel farkl\u0131l\u0131klar\u0131 g\u00f6z ard\u0131 etmeden hem incinmi\u015f partnerin hem de sadakatsiz partnerin kayg\u0131lar\u0131n\u0131 ve ku\u015fkular\u0131n\u0131 irdeleyen kitap, iyile\u015fme yolunda sizin i\u00e7in benzersiz ve umut verici bir rehber olacak. <\/p>\n","protected":false},"excerpt":{"rendered":"<p>\u201cBu kitap, sadakatsizli\u011fin ard\u0131ndan ili\u015fkilerini yeniden kurmak isteyen \u00e7iftler i\u00e7in harika bir rehber. Dr. Spring, \u00e7arp\u0131c\u0131 bir anlat\u0131mla sadakatsizli\u011fin k\u00f6kenlerini a\u00e7\u0131kl\u0131yor ve ili\u015fkiyi onarmak i\u00e7in etkileyici<span class=\"excerpt-hellip\"> [\u2026]<\/span><\/p>\n","protected":false},"featured_media":0,"template":"","meta":{"_monsterinsights_skip_tracking":false,"_monsterinsights_sitenote_active":false,"_monsterinsights_sitenote_note":"","_monsterinsights_sitenote_category":0},"product_brand":[],"product_cat":[12357],"product_tag":[],"class_list":{"0":"post-753254","1":"product","2":"type-product","3":"status-publish","5":"product_cat-psikoloji","6":"pa_cilt-ciltsiz","7":"pa_tur-kitap","8":"pa_yayinevi-diyojen-yayincilik","9":"pa_yazar-janis-a-spring","11":"first","12":"instock","13":"sale","14":"shipping-taxable","15":"purchasable","16":"product-type-simple"},"_links":{"self":[{"href":"https:\/\/roveyayinevi.com.tr\/index.php\/wp-json\/wp\/v2\/product\/753254","targetHints":{"allow":["GET"]}}],"collection":[{"href":"https:\/\/roveyayinevi.com.tr\/index.php\/wp-json\/wp\/v2\/product"}],"about":[{"href":"https:\/\/roveyayinevi.com.tr\/index.php\/wp-json\/wp\/v2\/types\/product"}],"wp:attachment":[{"href":"https:\/\/roveyayinevi.com.tr\/index.php\/wp-json\/wp\/v2\/media?parent=753254"}],"wp:term":[{"taxonomy":"product_brand","embeddable":true,"href":"https:\/\/roveyayinevi.com.tr\/index.php\/wp-json\/wp\/v2\/product_brand?post=753254"},{"taxonomy":"product_cat","embeddable":true,"href":"https:\/\/roveyayinevi.com.tr\/index.php\/wp-json\/wp\/v2\/product_cat?post=753254"},{"taxonomy":"product_tag","embeddable":true,"href":"https:\/\/roveyayinevi.com.tr\/index.php\/wp-json\/wp\/v2\/product_tag?post=753254"}],"curies":[{"name":"wp","href":"https:\/\/api.w.org\/{rel}","templated":true}]}}