{"id":753248,"date":"2025-08-28T05:38:21","date_gmt":"2025-08-28T02:38:21","guid":{"rendered":"https:\/\/roveyayinevi.com.tr\/index.php\/urun\/hawthorne-mirasi\/"},"modified":"2026-04-16T03:06:42","modified_gmt":"2026-04-16T00:06:42","slug":"hawthorne-mirasi","status":"publish","type":"product","link":"https:\/\/roveyayinevi.com.tr\/index.php\/urun\/hawthorne-mirasi\/","title":{"rendered":"Hawthorne Miras\u0131"},"content":{"rendered":"<p>Tehlikeli bir oyun&#8230;Muhte\u015fem bir gizem&#8230;Ba\u015f d\u00f6nd\u00fcr\u00fcc\u00fc riskler&#8230;Bir arabada ya\u015farken birdenbire milyarlarca mirasa konan ve zenginlerin ac\u0131mas\u0131z oyunlar\u0131na kap\u0131lm\u0131\u015f basit bir k\u0131z\u2026 Avery Grambs i\u00e7in tehlike her an pusuda ve Tobias Hawthorne&#8217;un \u00e7ekici ve gizemli torunlar\u0131 Grayson ve Jameson onu rahat b\u0131rakm\u0131yor. Hawthornelarla hi\u00e7bir ilgisi olmayan Avery&#8217;nin neden bu muhte\u015fem servete sahip oldu\u011fu sorusu ise h\u00e2l\u00e2 cevaps\u0131z ancak baz\u0131 ipu\u00e7lar\u0131 Avery&#8217;nin aileyle olan ba\u011f\u0131n\u0131n tahmin etti\u011finden daha derin oldu\u011funu g\u00f6steriyor. Ancak bu bulmaca \u00e7ok ge\u00e7meden beklenmedik bir h\u00e2l al\u0131r. Art\u0131k Avery kime g\u00fcvenebilece\u011fini ve kimin sadece kendi can\u0131n\u0131 d\u00fc\u015f\u00fcnd\u00fc\u011f\u00fcn\u00fc anlamaya \u00e7al\u0131\u015fmaktad\u0131r. \u00c7ok ge\u00e7meden Avery, zenginlerin bu oyununun sadece para ve g\u00fc\u00e7le ilgili olmad\u0131\u011f\u0131n\u0131 fark eder. \u015eimdi hayat\u0131n\u0131 kurtarmak i\u00e7in oynamak zorundad\u0131r.Jennifer Lynn Barnes \u00e7arp\u0131c\u0131 olay \u00f6rg\u00fcs\u00fc ve ka\u00e7mas\u0131 imk\u00e2ns\u0131z gizemlerle dolu hik\u00e2yesine devam ediyor. Hawthorne Miras\u0131 aile entrikalar\u0131, b\u00fcy\u00fcleyici a\u015fk hik\u00e2yeleri ve tehlikede olan milyarlarca dolarla sizi soluksuz b\u0131rakacak\u2026<\/p>\n","protected":false},"excerpt":{"rendered":"<p>Tehlikeli bir oyun&#8230;Muhte\u015fem bir gizem&#8230;Ba\u015f d\u00f6nd\u00fcr\u00fcc\u00fc riskler&#8230;Bir arabada ya\u015farken birdenbire milyarlarca mirasa konan ve zenginlerin ac\u0131mas\u0131z oyunlar\u0131na kap\u0131lm\u0131\u015f basit bir k\u0131z\u2026 Avery Grambs i\u00e7in tehlike her<span class=\"excerpt-hellip\"> [\u2026]<\/span><\/p>\n","protected":false},"featured_media":0,"template":"","meta":{"_monsterinsights_skip_tracking":false,"_monsterinsights_sitenote_active":false,"_monsterinsights_sitenote_note":"","_monsterinsights_sitenote_category":0},"product_brand":[],"product_cat":[12291,12711],"product_tag":[],"class_list":{"0":"post-753248","1":"product","2":"type-product","3":"status-publish","5":"product_cat-edebiyat","6":"product_cat-roman-oyku","7":"pa_cilt-ciltsiz","8":"pa_tur-kitap","9":"pa_yayinevi-epsilon-yayinlari","10":"pa_yazar-jennifer-lynn-barnes","12":"first","13":"instock","14":"sale","15":"shipping-taxable","16":"purchasable","17":"product-type-simple"},"_links":{"self":[{"href":"https:\/\/roveyayinevi.com.tr\/index.php\/wp-json\/wp\/v2\/product\/753248","targetHints":{"allow":["GET"]}}],"collection":[{"href":"https:\/\/roveyayinevi.com.tr\/index.php\/wp-json\/wp\/v2\/product"}],"about":[{"href":"https:\/\/roveyayinevi.com.tr\/index.php\/wp-json\/wp\/v2\/types\/product"}],"wp:attachment":[{"href":"https:\/\/roveyayinevi.com.tr\/index.php\/wp-json\/wp\/v2\/media?parent=753248"}],"wp:term":[{"taxonomy":"product_brand","embeddable":true,"href":"https:\/\/roveyayinevi.com.tr\/index.php\/wp-json\/wp\/v2\/product_brand?post=753248"},{"taxonomy":"product_cat","embeddable":true,"href":"https:\/\/roveyayinevi.com.tr\/index.php\/wp-json\/wp\/v2\/product_cat?post=753248"},{"taxonomy":"product_tag","embeddable":true,"href":"https:\/\/roveyayinevi.com.tr\/index.php\/wp-json\/wp\/v2\/product_tag?post=753248"}],"curies":[{"name":"wp","href":"https:\/\/api.w.org\/{rel}","templated":true}]}}