{"id":753242,"date":"2025-08-28T05:38:14","date_gmt":"2025-08-28T02:38:14","guid":{"rendered":"https:\/\/roveyayinevi.com.tr\/index.php\/urun\/bazen-hata-yapabilirim-duygularim-davranislarim-ciltli\/"},"modified":"2025-11-11T09:22:37","modified_gmt":"2025-11-11T06:22:37","slug":"bazen-hata-yapabilirim-duygularim-davranislarim-ciltli","status":"publish","type":"product","link":"https:\/\/roveyayinevi.com.tr\/index.php\/urun\/bazen-hata-yapabilirim-duygularim-davranislarim-ciltli\/","title":{"rendered":"Bazen Hata Yapabilirim &#8211; Duygular\u0131m Davran\u0131\u015flar\u0131m (Ciltli)"},"content":{"rendered":"<p>Minik Ay\u0131, bug\u00fcn arkada\u015f\u0131yla pikni\u011fe gitti. Ama pikni\u011fe haz\u0131rlan\u0131rken pek \u00e7ok hata yapt\u0131\u011f\u0131n\u0131 fark etti. Yoksa Minik Ay\u0131, arkada\u015f\u0131n\u0131n do\u011fum g\u00fcn\u00fcn\u00fc de mi unuttu? Jedda Robaard\u2019dan miniklerin DUYGU ve davran\u0131\u015flar\u0131n\u0131 tan\u0131y\u0131p y\u00f6nlendirmesine destek olacak bir seri. <\/p>\n","protected":false},"excerpt":{"rendered":"<p>Minik Ay\u0131, bug\u00fcn arkada\u015f\u0131yla pikni\u011fe gitti. Ama pikni\u011fe haz\u0131rlan\u0131rken pek \u00e7ok hata yapt\u0131\u011f\u0131n\u0131 fark etti. Yoksa Minik Ay\u0131, arkada\u015f\u0131n\u0131n do\u011fum g\u00fcn\u00fcn\u00fc de mi unuttu? Jedda Robaard\u2019dan<span class=\"excerpt-hellip\"> [\u2026]<\/span><\/p>\n","protected":false},"featured_media":0,"template":"","meta":{"_monsterinsights_skip_tracking":false,"_monsterinsights_sitenote_active":false,"_monsterinsights_sitenote_note":"","_monsterinsights_sitenote_category":0},"product_brand":[],"product_cat":[12274,12518],"product_tag":[],"class_list":{"0":"post-753242","1":"product","2":"type-product","3":"status-publish","5":"product_cat-cocuk-ve-genclik-kitaplari","6":"product_cat-okul-oncesi-kitaplar","7":"pa_cilt-ciltli","8":"pa_tur-kitap","9":"pa_yayinevi-is-bankasi-kultur-yayinlari","10":"pa_yazar-jedda-robaard","12":"first","13":"instock","14":"sale","15":"shipping-taxable","16":"purchasable","17":"product-type-simple"},"_links":{"self":[{"href":"https:\/\/roveyayinevi.com.tr\/index.php\/wp-json\/wp\/v2\/product\/753242","targetHints":{"allow":["GET"]}}],"collection":[{"href":"https:\/\/roveyayinevi.com.tr\/index.php\/wp-json\/wp\/v2\/product"}],"about":[{"href":"https:\/\/roveyayinevi.com.tr\/index.php\/wp-json\/wp\/v2\/types\/product"}],"wp:attachment":[{"href":"https:\/\/roveyayinevi.com.tr\/index.php\/wp-json\/wp\/v2\/media?parent=753242"}],"wp:term":[{"taxonomy":"product_brand","embeddable":true,"href":"https:\/\/roveyayinevi.com.tr\/index.php\/wp-json\/wp\/v2\/product_brand?post=753242"},{"taxonomy":"product_cat","embeddable":true,"href":"https:\/\/roveyayinevi.com.tr\/index.php\/wp-json\/wp\/v2\/product_cat?post=753242"},{"taxonomy":"product_tag","embeddable":true,"href":"https:\/\/roveyayinevi.com.tr\/index.php\/wp-json\/wp\/v2\/product_tag?post=753242"}],"curies":[{"name":"wp","href":"https:\/\/api.w.org\/{rel}","templated":true}]}}