{"id":753241,"date":"2025-08-28T05:38:12","date_gmt":"2025-08-28T02:38:12","guid":{"rendered":"https:\/\/roveyayinevi.com.tr\/index.php\/urun\/bakici-hayati-ogreniyorum\/"},"modified":"2026-04-16T03:06:42","modified_gmt":"2026-04-16T00:06:42","slug":"bakici-hayati-ogreniyorum","status":"publish","type":"product","link":"https:\/\/roveyayinevi.com.tr\/index.php\/urun\/bakici-hayati-ogreniyorum\/","title":{"rendered":"Bak\u0131c\u0131 &#8211; Hayat\u0131 \u00d6\u011freniyorum"},"content":{"rendered":"<p>Bak\u0131c\u0131m\u0131 sevecek miyim? Birlikte oynay\u0131p e\u011flenecek miyiz? Annemler ne zaman gelecek? Elinizdeki kitap, \u00e7ocu\u011funuzun ilk deneyimleri s\u0131ras\u0131nda akl\u0131na tak\u0131lan bunlar gibi pek \u00e7ok soru hakk\u0131nda konu\u015fman\u0131z ve ona bilgi vermeniz i\u00e7in haz\u0131rlanm\u0131\u015ft\u0131r. K\u00fc\u00e7\u00fck \u00e7ocuklar\u0131n ya\u015famlar\u0131 yeni deneyimlerle doludur. Hayat\u0131 \u00d6\u011freniyorum dizisi, \u00e7ocuklar\u0131n\u0131z\u0131n bu deneyimleri daha e\u011flenceli bir \u015fekilde ya\u015famas\u0131na yard\u0131mc\u0131 olacakt\u0131r. Bu kitaptaki ak\u0131c\u0131 metinler ve canl\u0131 resimler, kitab\u0131 okuyacak ki\u015fi ile \u00e7ocuk aras\u0131nda konu hakk\u0131ndaki konu\u015fman\u0131n s\u00fcrmesini sa\u011flamaya y\u00f6nelik tasarlanm\u0131\u015ft\u0131r. Serideki Kitaplar *Bak\u0131c\u0131 *Kre\u015fte \u0130lk G\u00fcn *Veteriner Hekim *Hastane * Doktor *Spor Zaman\u0131 *D\u0131\u015far\u0131da B\u00fcy\u00fck G\u00fcn *Di\u015f Hekimi *Okul<\/p>\n","protected":false},"excerpt":{"rendered":"<p>Bak\u0131c\u0131m\u0131 sevecek miyim? Birlikte oynay\u0131p e\u011flenecek miyiz? Annemler ne zaman gelecek? Elinizdeki kitap, \u00e7ocu\u011funuzun ilk deneyimleri s\u0131ras\u0131nda akl\u0131na tak\u0131lan bunlar gibi pek \u00e7ok soru hakk\u0131nda konu\u015fman\u0131z<span class=\"excerpt-hellip\"> [\u2026]<\/span><\/p>\n","protected":false},"featured_media":0,"template":"","meta":{"_monsterinsights_skip_tracking":false,"_monsterinsights_sitenote_active":false,"_monsterinsights_sitenote_note":"","_monsterinsights_sitenote_category":0},"product_brand":[],"product_cat":[12274,12518],"product_tag":[],"class_list":{"0":"post-753241","1":"product","2":"type-product","3":"status-publish","5":"product_cat-cocuk-ve-genclik-kitaplari","6":"product_cat-okul-oncesi-kitaplar","7":"pa_cilt-ciltsiz","8":"pa_tur-kitap","9":"pa_yayinevi-is-bankasi-kultur-yayinlari","10":"pa_yazar-kolektif","12":"first","13":"instock","14":"sale","15":"shipping-taxable","16":"purchasable","17":"product-type-simple"},"_links":{"self":[{"href":"https:\/\/roveyayinevi.com.tr\/index.php\/wp-json\/wp\/v2\/product\/753241","targetHints":{"allow":["GET"]}}],"collection":[{"href":"https:\/\/roveyayinevi.com.tr\/index.php\/wp-json\/wp\/v2\/product"}],"about":[{"href":"https:\/\/roveyayinevi.com.tr\/index.php\/wp-json\/wp\/v2\/types\/product"}],"wp:attachment":[{"href":"https:\/\/roveyayinevi.com.tr\/index.php\/wp-json\/wp\/v2\/media?parent=753241"}],"wp:term":[{"taxonomy":"product_brand","embeddable":true,"href":"https:\/\/roveyayinevi.com.tr\/index.php\/wp-json\/wp\/v2\/product_brand?post=753241"},{"taxonomy":"product_cat","embeddable":true,"href":"https:\/\/roveyayinevi.com.tr\/index.php\/wp-json\/wp\/v2\/product_cat?post=753241"},{"taxonomy":"product_tag","embeddable":true,"href":"https:\/\/roveyayinevi.com.tr\/index.php\/wp-json\/wp\/v2\/product_tag?post=753241"}],"curies":[{"name":"wp","href":"https:\/\/api.w.org\/{rel}","templated":true}]}}