{"id":753238,"date":"2025-08-28T05:38:08","date_gmt":"2025-08-28T02:38:08","guid":{"rendered":"https:\/\/roveyayinevi.com.tr\/index.php\/urun\/altin-sacli-kiz-ve-uc-ayi-bir-varmis-bir-yokmus\/"},"modified":"2026-04-16T03:06:42","modified_gmt":"2026-04-16T00:06:42","slug":"altin-sacli-kiz-ve-uc-ayi-bir-varmis-bir-yokmus","status":"publish","type":"product","link":"https:\/\/roveyayinevi.com.tr\/index.php\/urun\/altin-sacli-kiz-ve-uc-ayi-bir-varmis-bir-yokmus\/","title":{"rendered":"Alt\u0131n Sa\u00e7l\u0131 K\u0131z ve \u00dc\u00e7 Ay\u0131 &#8211; Bir Varm\u0131\u015f Bir Yokmu\u015f"},"content":{"rendered":"<p>Alt\u0131n Sa\u00e7l\u0131 K\u0131z, ormanda y\u00fcr\u00fcrken uzaklarda bir ev g\u00f6rm\u00fc\u015f. Bu ev ba\u015fka evlere hi\u00e7 benzemiyormu\u015f. Eve vard\u0131\u011f\u0131nda kap\u0131y\u0131 \u00e7alm\u0131\u015f ancak a\u00e7an olmam\u0131\u015f. O s\u0131rada burnuna yemek kokular\u0131 gelmi\u015f ve dayanamam\u0131\u015f eve girivermi\u015f. Eve ad\u0131m\u0131n\u0131 atar atmaz ba\u015flam\u0131\u015f evi kar\u0131\u015ft\u0131rmaya\u2026 Uzun y\u0131llar dilden dile aktar\u0131lan Alt\u0131n Sa\u00e7l\u0131 K\u0131z ve \u00dc\u00e7 Ay\u0131 masal\u0131, ilk kez yakla\u015f\u0131k iki y\u00fcz y\u0131l \u00f6nce kitap olarak yay\u0131mlanm\u0131\u015ft\u0131r. Anna Walker\u2019\u0131n etkileyici \u00e7izimleriyle s\u00fcslenen bu g\u00fczel masal, yeni anlat\u0131m\u0131yla \u00e7ocuklar\u0131n hayal d\u00fcnyas\u0131n\u0131 zenginle\u015ftirecek. <\/p>\n","protected":false},"excerpt":{"rendered":"<p>Alt\u0131n Sa\u00e7l\u0131 K\u0131z, ormanda y\u00fcr\u00fcrken uzaklarda bir ev g\u00f6rm\u00fc\u015f. Bu ev ba\u015fka evlere hi\u00e7 benzemiyormu\u015f. Eve vard\u0131\u011f\u0131nda kap\u0131y\u0131 \u00e7alm\u0131\u015f ancak a\u00e7an olmam\u0131\u015f. O s\u0131rada burnuna yemek<span class=\"excerpt-hellip\"> [\u2026]<\/span><\/p>\n","protected":false},"featured_media":0,"template":"","meta":{"_monsterinsights_skip_tracking":false,"_monsterinsights_sitenote_active":false,"_monsterinsights_sitenote_note":"","_monsterinsights_sitenote_category":0},"product_brand":[],"product_cat":[12274,12518],"product_tag":[],"class_list":{"0":"post-753238","1":"product","2":"type-product","3":"status-publish","5":"product_cat-cocuk-ve-genclik-kitaplari","6":"product_cat-okul-oncesi-kitaplar","7":"pa_cilt-ciltsiz","8":"pa_tur-kitap","9":"pa_yayinevi-is-bankasi-kultur-yayinlari","10":"pa_yazar-robert-southey","12":"first","13":"instock","14":"sale","15":"shipping-taxable","16":"purchasable","17":"product-type-simple"},"_links":{"self":[{"href":"https:\/\/roveyayinevi.com.tr\/index.php\/wp-json\/wp\/v2\/product\/753238","targetHints":{"allow":["GET"]}}],"collection":[{"href":"https:\/\/roveyayinevi.com.tr\/index.php\/wp-json\/wp\/v2\/product"}],"about":[{"href":"https:\/\/roveyayinevi.com.tr\/index.php\/wp-json\/wp\/v2\/types\/product"}],"wp:attachment":[{"href":"https:\/\/roveyayinevi.com.tr\/index.php\/wp-json\/wp\/v2\/media?parent=753238"}],"wp:term":[{"taxonomy":"product_brand","embeddable":true,"href":"https:\/\/roveyayinevi.com.tr\/index.php\/wp-json\/wp\/v2\/product_brand?post=753238"},{"taxonomy":"product_cat","embeddable":true,"href":"https:\/\/roveyayinevi.com.tr\/index.php\/wp-json\/wp\/v2\/product_cat?post=753238"},{"taxonomy":"product_tag","embeddable":true,"href":"https:\/\/roveyayinevi.com.tr\/index.php\/wp-json\/wp\/v2\/product_tag?post=753238"}],"curies":[{"name":"wp","href":"https:\/\/api.w.org\/{rel}","templated":true}]}}