{"id":753234,"date":"2025-08-28T05:38:02","date_gmt":"2025-08-28T02:38:02","guid":{"rendered":"https:\/\/roveyayinevi.com.tr\/index.php\/urun\/eyvah-kaybolduk\/"},"modified":"2026-04-16T03:06:42","modified_gmt":"2026-04-16T00:06:42","slug":"eyvah-kaybolduk","status":"publish","type":"product","link":"https:\/\/roveyayinevi.com.tr\/index.php\/urun\/eyvah-kaybolduk\/","title":{"rendered":"Eyvah Kaybolduk!"},"content":{"rendered":"<p>\u0130lk kez u\u00e7a\u011fa binen Eda ve Bar\u0131\u015f\u2019\u0131n maceralar\u0131, korku ve heyecan i\u00e7inde ge\u00e7en saatlerin ard\u0131ndan hi\u00e7 bilmedikleri bir \u015fehirde kaybolmalar\u0131yla devam ediyor.Bu ser\u00fcvenlerinde onlara e\u015flik edip Kazakistan\u2019\u0131n Almat\u0131\u015fehrini onlarla gezeceksiniz. Yeni yerleri ke\u015ffederken \u015fehrin tarihi dokusunu da g\u00f6receksiniz.Peki siz kitab\u0131m\u0131z\u0131n kahramanlar\u0131 gibi kayboldu\u011funuzdaneler yapman\u0131z gerekti\u011fini biliyor musunuz? <\/p>\n","protected":false},"excerpt":{"rendered":"<p>\u0130lk kez u\u00e7a\u011fa binen Eda ve Bar\u0131\u015f\u2019\u0131n maceralar\u0131, korku ve heyecan i\u00e7inde ge\u00e7en saatlerin ard\u0131ndan hi\u00e7 bilmedikleri bir \u015fehirde kaybolmalar\u0131yla devam ediyor.Bu ser\u00fcvenlerinde onlara e\u015flik edip<span class=\"excerpt-hellip\"> [\u2026]<\/span><\/p>\n","protected":false},"featured_media":0,"template":"","meta":{"_monsterinsights_skip_tracking":false,"_monsterinsights_sitenote_active":false,"_monsterinsights_sitenote_note":"","_monsterinsights_sitenote_category":0},"product_brand":[],"product_cat":[12274],"product_tag":[],"class_list":{"0":"post-753234","1":"product","2":"type-product","3":"status-publish","5":"product_cat-cocuk-ve-genclik-kitaplari","6":"pa_cilt-ciltsiz","7":"pa_tur-kitap","8":"pa_yayinevi-epsilon-yayinlari","9":"pa_yazar-mustafa-hakki-kurt","11":"first","12":"instock","13":"sale","14":"shipping-taxable","15":"purchasable","16":"product-type-simple"},"_links":{"self":[{"href":"https:\/\/roveyayinevi.com.tr\/index.php\/wp-json\/wp\/v2\/product\/753234","targetHints":{"allow":["GET"]}}],"collection":[{"href":"https:\/\/roveyayinevi.com.tr\/index.php\/wp-json\/wp\/v2\/product"}],"about":[{"href":"https:\/\/roveyayinevi.com.tr\/index.php\/wp-json\/wp\/v2\/types\/product"}],"wp:attachment":[{"href":"https:\/\/roveyayinevi.com.tr\/index.php\/wp-json\/wp\/v2\/media?parent=753234"}],"wp:term":[{"taxonomy":"product_brand","embeddable":true,"href":"https:\/\/roveyayinevi.com.tr\/index.php\/wp-json\/wp\/v2\/product_brand?post=753234"},{"taxonomy":"product_cat","embeddable":true,"href":"https:\/\/roveyayinevi.com.tr\/index.php\/wp-json\/wp\/v2\/product_cat?post=753234"},{"taxonomy":"product_tag","embeddable":true,"href":"https:\/\/roveyayinevi.com.tr\/index.php\/wp-json\/wp\/v2\/product_tag?post=753234"}],"curies":[{"name":"wp","href":"https:\/\/api.w.org\/{rel}","templated":true}]}}