{"id":753233,"date":"2025-08-28T05:38:01","date_gmt":"2025-08-28T02:38:01","guid":{"rendered":"https:\/\/roveyayinevi.com.tr\/index.php\/urun\/bilgenin-arkadas-icadi\/"},"modified":"2026-04-16T03:06:42","modified_gmt":"2026-04-16T00:06:42","slug":"bilgenin-arkadas-icadi","status":"publish","type":"product","link":"https:\/\/roveyayinevi.com.tr\/index.php\/urun\/bilgenin-arkadas-icadi\/","title":{"rendered":"Bilge\u2019nin Arkada\u015f \u0130cad\u0131"},"content":{"rendered":"<p>B\u0130LGE\u2019N\u0130N ARKADA\u015e \u0130CADI kitab\u0131nda, karde\u015fler aras\u0131ndaki ili\u015fkinin arkada\u015fl\u0131\u011fa d\u00f6n\u00fc\u015fmesine tan\u0131kl\u0131k ederken bilim ve teknolojide kad\u0131nlar\u0131n ba\u015far\u0131lar\u0131 \u00fczerine fark\u0131ndal\u0131k kazand\u0131ran ve cesaret veren bir hik\u00e2yeye e\u015flik edeceksiniz.   Bilim, teknoloji ve matematik hi\u00e7 bu kadar e\u011flenceli olmam\u0131\u015ft\u0131. \u00c7ok zeki Bilge ve karde\u015fi Efe, ikisi de robot \u00e7ocuk bu m\u00fchendislik ser\u00fcveninde.   Evleri STEM at\u00f6lyesi, bakal\u0131m Bilge hayalindeki arkada\u015f\u0131 icat edebilecek mi?<\/p>\n","protected":false},"excerpt":{"rendered":"<p>B\u0130LGE\u2019N\u0130N ARKADA\u015e \u0130CADI kitab\u0131nda, karde\u015fler aras\u0131ndaki ili\u015fkinin arkada\u015fl\u0131\u011fa d\u00f6n\u00fc\u015fmesine tan\u0131kl\u0131k ederken bilim ve teknolojide kad\u0131nlar\u0131n ba\u015far\u0131lar\u0131 \u00fczerine fark\u0131ndal\u0131k kazand\u0131ran ve cesaret veren bir hik\u00e2yeye e\u015flik edeceksiniz.<span class=\"excerpt-hellip\"> [\u2026]<\/span><\/p>\n","protected":false},"featured_media":0,"template":"","meta":{"_monsterinsights_skip_tracking":false,"_monsterinsights_sitenote_active":false,"_monsterinsights_sitenote_note":"","_monsterinsights_sitenote_category":0},"product_brand":[],"product_cat":[12274,12284],"product_tag":[],"class_list":{"0":"post-753233","1":"product","2":"type-product","3":"status-publish","5":"product_cat-cocuk-ve-genclik-kitaplari","6":"product_cat-hikayeler","7":"pa_cilt-ciltsiz","8":"pa_tur-kitap","9":"pa_yayinevi-ucanfil-ozel-urun","10":"pa_yazar-julie-hampton","12":"first","13":"instock","14":"sale","15":"shipping-taxable","16":"purchasable","17":"product-type-simple"},"_links":{"self":[{"href":"https:\/\/roveyayinevi.com.tr\/index.php\/wp-json\/wp\/v2\/product\/753233","targetHints":{"allow":["GET"]}}],"collection":[{"href":"https:\/\/roveyayinevi.com.tr\/index.php\/wp-json\/wp\/v2\/product"}],"about":[{"href":"https:\/\/roveyayinevi.com.tr\/index.php\/wp-json\/wp\/v2\/types\/product"}],"wp:attachment":[{"href":"https:\/\/roveyayinevi.com.tr\/index.php\/wp-json\/wp\/v2\/media?parent=753233"}],"wp:term":[{"taxonomy":"product_brand","embeddable":true,"href":"https:\/\/roveyayinevi.com.tr\/index.php\/wp-json\/wp\/v2\/product_brand?post=753233"},{"taxonomy":"product_cat","embeddable":true,"href":"https:\/\/roveyayinevi.com.tr\/index.php\/wp-json\/wp\/v2\/product_cat?post=753233"},{"taxonomy":"product_tag","embeddable":true,"href":"https:\/\/roveyayinevi.com.tr\/index.php\/wp-json\/wp\/v2\/product_tag?post=753233"}],"curies":[{"name":"wp","href":"https:\/\/api.w.org\/{rel}","templated":true}]}}