{"id":753227,"date":"2025-08-28T05:37:10","date_gmt":"2025-08-28T02:37:10","guid":{"rendered":"https:\/\/roveyayinevi.com.tr\/index.php\/urun\/a-vicious-circle\/"},"modified":"2026-04-16T03:06:42","modified_gmt":"2026-04-16T00:06:42","slug":"a-vicious-circle","status":"publish","type":"product","link":"https:\/\/roveyayinevi.com.tr\/index.php\/urun\/a-vicious-circle\/","title":{"rendered":"A vicious Circle"},"content":{"rendered":"<p>A2 ReaderA Vicious CircleBackside cover:Life in the big city and the countrysideSummer holidayThe beauty of natureDreams and realityEnjoying farm life A Vicious Circle is an authentic pastoral story. You will love the adventures of a young boy in the countryside. Witness Mahone\u2019s adventures between dream and reality. Grammar Points:  Simple Present TensePresent Continuous TenseAdverbsComparatives and Superlativesand more. Word Count: 5000Headwords: 135 A Vicious Circle is an A2 level reader that comes with an online audio book file which you can access by scanning the QR code on the cover of the book with your mobile devices. T\u00fcrk\u00e7e a\u00e7\u0131klama: A Vicious Circle (A2 Reader), Gaga Yay\u0131nlar\u0131\u2019n\u0131n \u2018Authentic Readers\u2019 serisinin ilk kitab\u0131d\u0131r. \u0130ngilizce dil bilme d\u00fczeyi A2 ve \u00fczeri seviye olan herkes i\u00e7in uygundur. Hikaye, yaz tatilini amcas\u0131 ve kuzenleriyle ge\u00e7iren Mahone\u2019un maceralar\u0131n\u0131 konu al\u0131r. Kitap yard\u0131mc\u0131 bir e\u011fitim arac\u0131 olarak kullan\u0131lacak \u015fekilde haz\u0131rlanm\u0131\u015ft\u0131r. Kitapta dil bilgisi ve kelime testleri, bunlarla birlikte hikayeyle entegre \u015fekilde ilerleyen \u00e7ok say\u0131da al\u0131\u015ft\u0131rma da bulunmaktad\u0131r.<\/p>\n","protected":false},"excerpt":{"rendered":"<p>A2 ReaderA Vicious CircleBackside cover:Life in the big city and the countrysideSummer holidayThe beauty of natureDreams and realityEnjoying farm life A Vicious Circle is an authentic<span class=\"excerpt-hellip\"> [\u2026]<\/span><\/p>\n","protected":false},"featured_media":0,"template":"","meta":{"_monsterinsights_skip_tracking":false,"_monsterinsights_sitenote_active":false,"_monsterinsights_sitenote_note":"","_monsterinsights_sitenote_category":0},"product_brand":[],"product_cat":[12274,12284],"product_tag":[],"class_list":{"0":"post-753227","1":"product","2":"type-product","3":"status-publish","5":"product_cat-cocuk-ve-genclik-kitaplari","6":"product_cat-hikayeler","7":"pa_cilt-ciltsiz","8":"pa_tur-kitap","9":"pa_yayinevi-gaga-yayinlari","10":"pa_yazar-mahmut-ozlu","12":"first","13":"instock","14":"sale","15":"shipping-taxable","16":"purchasable","17":"product-type-simple"},"_links":{"self":[{"href":"https:\/\/roveyayinevi.com.tr\/index.php\/wp-json\/wp\/v2\/product\/753227","targetHints":{"allow":["GET"]}}],"collection":[{"href":"https:\/\/roveyayinevi.com.tr\/index.php\/wp-json\/wp\/v2\/product"}],"about":[{"href":"https:\/\/roveyayinevi.com.tr\/index.php\/wp-json\/wp\/v2\/types\/product"}],"wp:attachment":[{"href":"https:\/\/roveyayinevi.com.tr\/index.php\/wp-json\/wp\/v2\/media?parent=753227"}],"wp:term":[{"taxonomy":"product_brand","embeddable":true,"href":"https:\/\/roveyayinevi.com.tr\/index.php\/wp-json\/wp\/v2\/product_brand?post=753227"},{"taxonomy":"product_cat","embeddable":true,"href":"https:\/\/roveyayinevi.com.tr\/index.php\/wp-json\/wp\/v2\/product_cat?post=753227"},{"taxonomy":"product_tag","embeddable":true,"href":"https:\/\/roveyayinevi.com.tr\/index.php\/wp-json\/wp\/v2\/product_tag?post=753227"}],"curies":[{"name":"wp","href":"https:\/\/api.w.org\/{rel}","templated":true}]}}