{"id":753225,"date":"2025-08-28T05:37:07","date_gmt":"2025-08-28T02:37:07","guid":{"rendered":"https:\/\/roveyayinevi.com.tr\/index.php\/urun\/bana-bunu-akut-ogretti-ciltli\/"},"modified":"2026-04-16T03:06:42","modified_gmt":"2026-04-16T00:06:42","slug":"bana-bunu-akut-ogretti-ciltli","status":"publish","type":"product","link":"https:\/\/roveyayinevi.com.tr\/index.php\/urun\/bana-bunu-akut-ogretti-ciltli\/","title":{"rendered":"Bana Bunu Akut \u00d6\u011fretti (Ciltli)"},"content":{"rendered":"<p>AKUT Arama Kurtarma Derne\u011fi i\u00e7in haz\u0131rlanan \u2018Bana Bunu AKUT \u00d6\u011fretti\u2019 AR+ hikaye serisinin birincisi olan basit yaralanmalara kar\u015f\u0131 ilk yard\u0131m kitab\u0131m\u0131z, \u00e7ocuklara ilk yard\u0131m\u0131n \u00f6nemini kavratmak ve onlar\u0131 ilk yard\u0131m konusunda bilgilendirmek i\u00e7in haz\u0131rlanm\u0131\u015ft\u0131r.Ayr\u0131ca bu kitap, teknoloji kullan\u0131m\u0131n\u0131n \u00e7ok fazla artt\u0131\u011f\u0131 g\u00fcn\u00fcm\u00fcz d\u00fcnyas\u0131nda \u00e7ocuklara teknolojiyi kullan\u0131rken \u00f6\u011frenme imkan\u0131n\u0131 da sunmaktad\u0131r. Kitaba entegre edilen art\u0131r\u0131lm\u0131\u015f ger\u00e7eklik uygulamas\u0131 kitab\u0131n her sayfas\u0131nda bulunan resimlere \u00fc\u00e7 boyutlu eri\u015fim sa\u011flamaktad\u0131r. Sayfalardaki animasyonlar ile \u00e7ocuklara ilk yard\u0131m m\u00fcdahalesi uygulamal\u0131 bir \u015fekilde g\u00f6sterilmektedir. Bu sayede \u00e7ocuklar hem bir hikaye kitab\u0131 okuma hem de AR+ ile e\u011flenceli bir \u015fekilde basit yaralanmalara kar\u015f\u0131 ilk yard\u0131m m\u00fcdahalesini \u00f6\u011frenmektedir Hikayenin Konusu: Lara ve Arel iki karde\u015ftirler. Bir g\u00fcn annelerinden izin alarak evlerinin yak\u0131n\u0131nda do\u011fa y\u00fcr\u00fcy\u00fc\u015f\u00fc yapmaya giderler. K\u00f6pekleri Bob da onlara e\u015flik eder. Do\u011fada birlikte e\u011flenirken Arel\u2019in aya\u011f\u0131 kayar ve Arel d\u00fc\u015ferek dizini yaralar. Peki, Lara okullar\u0131na gelen AKUT g\u00f6n\u00fcll\u00fcs\u00fcnden \u00f6\u011frendi\u011fi temel ilk yard\u0131m\u0131 karde\u015fine uygulayabilecek mi? Bana Bunu AKUT \u00d6\u011fretti, temel ilk yard\u0131m hikayesinde \u00e7ocuklar e\u011flenerek \u00f6\u011frenecekler. Okulda, evde, sokakta yaralan\u0131rlarsa bir yeti\u015fkinden yard\u0131m istemeleri gerekti\u011fini hat\u0131rlayacaklar. Acil durumlarda aramalar\u0131 gereken telefon numaras\u0131n\u0131 \u00f6\u011frenecekler. Ve hikayeyi okuduktan sonra uygulamadaki sorular\u0131 cevaplayacak, b\u00f6ylece \u00f6\u011frendiklerini peki\u015ftirecekler. Art\u0131r\u0131lm\u0131\u015f ger\u00e7eklik teknolojisi ile desteklenmi\u015f hikaye kitab\u0131m\u0131z hem T\u00fcrk\u00e7e hem \u0130ngilizce metinlere ve seslendirmeye sahiptir. Bu sayede kitab\u0131 her iki dilde de okuyabilir ve izleyebilirsiniz. AR+ uygulamas\u0131 ile hikaye \u00fc\u00e7 boyutlu, hareketli ve sesli hale gelmektedir. Her kitapta bulunan, o kitaba \u00f6zel bir kodla \u00fccretsiz eri\u015filen uygulamas\u0131 sayesinde hikayeyi her a\u00e7\u0131dan izleyebilirsiniz. AR+ uygulamas\u0131n\u0131n bir yeti\u015fkin g\u00f6zetiminde kullan\u0131lmas\u0131 gerekmektedir. <\/p>\n","protected":false},"excerpt":{"rendered":"<p>AKUT Arama Kurtarma Derne\u011fi i\u00e7in haz\u0131rlanan \u2018Bana Bunu AKUT \u00d6\u011fretti\u2019 AR+ hikaye serisinin birincisi olan basit yaralanmalara kar\u015f\u0131 ilk yard\u0131m kitab\u0131m\u0131z, \u00e7ocuklara ilk yard\u0131m\u0131n \u00f6nemini kavratmak<span class=\"excerpt-hellip\"> [\u2026]<\/span><\/p>\n","protected":false},"featured_media":0,"template":"","meta":{"_monsterinsights_skip_tracking":false,"_monsterinsights_sitenote_active":false,"_monsterinsights_sitenote_note":"","_monsterinsights_sitenote_category":0},"product_brand":[],"product_cat":[12274,12284],"product_tag":[],"class_list":{"0":"post-753225","1":"product","2":"type-product","3":"status-publish","5":"product_cat-cocuk-ve-genclik-kitaplari","6":"product_cat-hikayeler","7":"pa_cilt-ciltli","8":"pa_tur-kitap","9":"pa_yayinevi-gaga-yayinlari","10":"pa_yazar-ali-riza-sahin","12":"first","13":"instock","14":"sale","15":"shipping-taxable","16":"purchasable","17":"product-type-simple"},"_links":{"self":[{"href":"https:\/\/roveyayinevi.com.tr\/index.php\/wp-json\/wp\/v2\/product\/753225","targetHints":{"allow":["GET"]}}],"collection":[{"href":"https:\/\/roveyayinevi.com.tr\/index.php\/wp-json\/wp\/v2\/product"}],"about":[{"href":"https:\/\/roveyayinevi.com.tr\/index.php\/wp-json\/wp\/v2\/types\/product"}],"wp:attachment":[{"href":"https:\/\/roveyayinevi.com.tr\/index.php\/wp-json\/wp\/v2\/media?parent=753225"}],"wp:term":[{"taxonomy":"product_brand","embeddable":true,"href":"https:\/\/roveyayinevi.com.tr\/index.php\/wp-json\/wp\/v2\/product_brand?post=753225"},{"taxonomy":"product_cat","embeddable":true,"href":"https:\/\/roveyayinevi.com.tr\/index.php\/wp-json\/wp\/v2\/product_cat?post=753225"},{"taxonomy":"product_tag","embeddable":true,"href":"https:\/\/roveyayinevi.com.tr\/index.php\/wp-json\/wp\/v2\/product_tag?post=753225"}],"curies":[{"name":"wp","href":"https:\/\/api.w.org\/{rel}","templated":true}]}}