{"id":753219,"date":"2025-08-28T05:36:57","date_gmt":"2025-08-28T02:36:57","guid":{"rendered":"https:\/\/roveyayinevi.com.tr\/index.php\/urun\/alpin-sansi\/"},"modified":"2026-04-16T03:06:42","modified_gmt":"2026-04-16T00:06:42","slug":"alpin-sansi","status":"publish","type":"product","link":"https:\/\/roveyayinevi.com.tr\/index.php\/urun\/alpin-sansi\/","title":{"rendered":"Alp&#8217;in \u015eans\u0131"},"content":{"rendered":"<p>Merhaba arkada\u015f\u0131m, ben \u015eans.So\u011fuk bir k\u0131\u015f g\u00fcn\u00fcnde, sokakta titreyen yavru bir kediyken hayal bile edemeyece\u011fim s\u0131cac\u0131k bir evim, bir ailem ve bir de bebek dostum oldu.Maceram\u0131 dinlemeye haz\u0131r m\u0131s\u0131n? Deniz Amca, karl\u0131 bir k\u0131\u015f ak\u015fam\u0131 i\u015ften eve d\u00f6nerken sokakta yavru bir kedi g\u00f6r\u00fcr. Kedicik so\u011fuktan titremektedir. Deniz amca yavru kediyi al\u0131p evine g\u00f6t\u00fcr\u00fcr ve onu e\u015fi Melis ile tan\u0131\u015ft\u0131r\u0131r. B\u00f6ylece minik kedici\u011fin s\u0131cac\u0131k bir yuvas\u0131 olur. \u0130smini \u015eans koyarlar.\u015eans, yeni evine ger\u00e7ekten de \u015fans getirir ve t\u00fcm aileyi bir heyecan sarar. \u00c7\u00fcnk\u00fc, \u00e7ok yak\u0131nda \u015eans\u2019\u0131n en iyi arkada\u015f\u0131 olacak Alp bebek aralar\u0131na kat\u0131lacakt\u0131r.Peki, sonra neler mi olur? Alp\u2019in \u015eans\u0131, \u00e7ocuklara hayvan sevgisini ve hayvanlar\u0131 korumay\u0131 \u00f6\u011freten bir hikayedir. \u00c7ocuklara hayvanlarla kurulan dostluktan, hayvanlara yard\u0131m etmenin \u00f6neminden bahsedilmektedir. Alp\u2019in \u015eans\u0131, \u00fclkemizde hala kanayan bir yara olan sokak hayvanlar\u0131n\u0131 sahiplenmenin \u00f6nemine de parmak basmaktad\u0131r. \u00c7ocuklara ger\u00e7ek sevginin ve arkada\u015fl\u0131\u011f\u0131n \u0131rk, cins ve g\u00f6r\u00fcnt\u00fc ile ilgisi olmad\u0131\u011f\u0131n\u0131 aktar\u0131rken; ger\u00e7ek g\u00fczelli\u011fin kalplerimizde oldu\u011funu \u00f6\u011fretmektedir. Alp\u2019in \u015eans\u0131, 2 ya\u015f ve \u00fczeri \u00e7ocuklar i\u00e7in uygun bir hikaye kitab\u0131d\u0131r. Kitab\u0131n yan\u0131nda, hikayenin kahramanlar\u0131n\u0131n parmak kuklalar\u0131 hediye edilmi\u015ftir. Bu sayede, Alp\u2019in \u015eans\u0131\u2019n\u0131 okuduktan sonra, hikayeyi etkinlik haline rahat\u00e7a getirebilirsiniz.Parmak kuklalar\u0131n nas\u0131l yap\u0131ld\u0131\u011f\u0131n\u0131 g\u00f6rmek isterseniz, a\u015fa\u011f\u0131daki linke t\u0131klayabilirsiniz. <\/p>\n","protected":false},"excerpt":{"rendered":"<p>Merhaba arkada\u015f\u0131m, ben \u015eans.So\u011fuk bir k\u0131\u015f g\u00fcn\u00fcnde, sokakta titreyen yavru bir kediyken hayal bile edemeyece\u011fim s\u0131cac\u0131k bir evim, bir ailem ve bir de bebek dostum oldu.Maceram\u0131<span class=\"excerpt-hellip\"> [\u2026]<\/span><\/p>\n","protected":false},"featured_media":0,"template":"","meta":{"_monsterinsights_skip_tracking":false,"_monsterinsights_sitenote_active":false,"_monsterinsights_sitenote_note":"","_monsterinsights_sitenote_category":0},"product_brand":[],"product_cat":[12274,12284],"product_tag":[],"class_list":{"0":"post-753219","1":"product","2":"type-product","3":"status-publish","5":"product_cat-cocuk-ve-genclik-kitaplari","6":"product_cat-hikayeler","7":"pa_cilt-ciltsiz","8":"pa_tur-kitap","9":"pa_yayinevi-gaga-yayinlari","10":"pa_yazar-yasemin-yilanci-aydin","12":"first","13":"instock","14":"sale","15":"shipping-taxable","16":"purchasable","17":"product-type-simple"},"_links":{"self":[{"href":"https:\/\/roveyayinevi.com.tr\/index.php\/wp-json\/wp\/v2\/product\/753219","targetHints":{"allow":["GET"]}}],"collection":[{"href":"https:\/\/roveyayinevi.com.tr\/index.php\/wp-json\/wp\/v2\/product"}],"about":[{"href":"https:\/\/roveyayinevi.com.tr\/index.php\/wp-json\/wp\/v2\/types\/product"}],"wp:attachment":[{"href":"https:\/\/roveyayinevi.com.tr\/index.php\/wp-json\/wp\/v2\/media?parent=753219"}],"wp:term":[{"taxonomy":"product_brand","embeddable":true,"href":"https:\/\/roveyayinevi.com.tr\/index.php\/wp-json\/wp\/v2\/product_brand?post=753219"},{"taxonomy":"product_cat","embeddable":true,"href":"https:\/\/roveyayinevi.com.tr\/index.php\/wp-json\/wp\/v2\/product_cat?post=753219"},{"taxonomy":"product_tag","embeddable":true,"href":"https:\/\/roveyayinevi.com.tr\/index.php\/wp-json\/wp\/v2\/product_tag?post=753219"}],"curies":[{"name":"wp","href":"https:\/\/api.w.org\/{rel}","templated":true}]}}